{"id":23552,"date":"2024-12-18T16:35:15","date_gmt":"2024-12-18T15:35:15","guid":{"rendered":"https:\/\/greenkingdom.ch\/product\/pro-xl-stop-grow-refill-30ml\/"},"modified":"2025-01-02T14:37:33","modified_gmt":"2025-01-02T13:37:33","slug":"pro-xl-stop-grow-refill-30ml","status":"publish","type":"product","link":"https:\/\/greenkingdom.ch\/de\/produkt\/pro-xl-stop-grow-refill-30ml\/","title":{"rendered":"PRO-XL Stop Grow Nachf\u00fcllpackung 30ml"},"content":{"rendered":"<p><strong>PRO-XL Stop Grow (REFILL) \u2013 Wachstumsregulator zur Kontrolle der Pflanzengr\u00f6\u00dfe<\/strong><\/p>\n<p><strong>PRO-XL Stop Grow<\/strong> wurde entwickelt, um die H\u00f6he Deiner Pflanzen zu kontrollieren, indem es \u00fcberm\u00e4\u00dfiges Dehnen verlangsamt, ideal, um zu verhindern, dass Deine Pflanzen zu gro\u00df werden. Durch das Spr\u00fchen dieses Produkts hemmen Sie das vertikale Wachstum und stimulieren gleichzeitig die Bl\u00fcte. Dies gleicht die Entwicklung der Pflanze aus und optimiert den \u00dcbergang zur Bl\u00fcte, wodurch eine kompaktere und handlichere Ernte gew\u00e4hrleistet wird.<\/p>\n","protected":false},"excerpt":{"rendered":"<p>PRO-XL Stop Grow (REFILL) \u2013 Wachstumsregulator zur Kontrolle der Pflanzengr\u00f6\u00dfe PRO-XL Stop Grow wurde entwickelt, um die H\u00f6he Deiner Pflanzen zu kontrollieren, indem es \u00fcberm\u00e4\u00dfiges Dehnen verlangsamt, ideal, um zu verhindern, dass Deine Pflanzen zu gro\u00df werden. Durch das Spr\u00fchen dieses Produkts hemmen Sie das vertikale Wachstum und stimulieren gleichzeitig die Bl\u00fcte. Dies gleicht die [&hellip;]<\/p>\n","protected":false},"featured_media":23548,"comment_status":"open","ping_status":"closed","template":"","meta":{"_seopress_robots_primary_cat":"","_seopress_titles_title":"","_seopress_titles_desc":"","_seopress_robots_index":""},"product_brand":[],"product_cat":[690],"product_tag":[],"class_list":{"0":"post-23552","1":"product","2":"type-product","3":"status-publish","4":"has-post-thumbnail","6":"product_cat-pro-xl-de","9":"instock","10":"taxable","11":"shipping-taxable","12":"purchasable","13":"product-type-simple","14":"product-grid-view"},"_links":{"self":[{"href":"https:\/\/greenkingdom.ch\/de\/wp-json\/wp\/v2\/product\/23552","targetHints":{"allow":["GET"]}}],"collection":[{"href":"https:\/\/greenkingdom.ch\/de\/wp-json\/wp\/v2\/product"}],"about":[{"href":"https:\/\/greenkingdom.ch\/de\/wp-json\/wp\/v2\/types\/product"}],"replies":[{"embeddable":true,"href":"https:\/\/greenkingdom.ch\/de\/wp-json\/wp\/v2\/comments?post=23552"}],"version-history":[{"count":1,"href":"https:\/\/greenkingdom.ch\/de\/wp-json\/wp\/v2\/product\/23552\/revisions"}],"predecessor-version":[{"id":27298,"href":"https:\/\/greenkingdom.ch\/de\/wp-json\/wp\/v2\/product\/23552\/revisions\/27298"}],"wp:featuredmedia":[{"embeddable":true,"href":"https:\/\/greenkingdom.ch\/de\/wp-json\/wp\/v2\/media\/23548"}],"wp:attachment":[{"href":"https:\/\/greenkingdom.ch\/de\/wp-json\/wp\/v2\/media?parent=23552"}],"wp:term":[{"taxonomy":"product_brand","embeddable":true,"href":"https:\/\/greenkingdom.ch\/de\/wp-json\/wp\/v2\/product_brand?post=23552"},{"taxonomy":"product_cat","embeddable":true,"href":"https:\/\/greenkingdom.ch\/de\/wp-json\/wp\/v2\/product_cat?post=23552"},{"taxonomy":"product_tag","embeddable":true,"href":"https:\/\/greenkingdom.ch\/de\/wp-json\/wp\/v2\/product_tag?post=23552"}],"curies":[{"name":"wp","href":"https:\/\/api.w.org\/{rel}","templated":true}]}}