{"id":23556,"date":"2024-12-18T16:31:34","date_gmt":"2024-12-18T15:31:34","guid":{"rendered":"https:\/\/greenkingdom.ch\/product\/pro-xl-starter-kit\/"},"modified":"2025-01-02T14:37:35","modified_gmt":"2025-01-02T13:37:35","slug":"pro-xl-starter-kit","status":"publish","type":"product","link":"https:\/\/greenkingdom.ch\/de\/produkt\/pro-xl-starter-kit\/","title":{"rendered":"PRO-XL Starterkit"},"content":{"rendered":"<p><strong>PRO-XL Starter Kit \u2013 Komplettset f\u00fcr optimale Ergebnisse<\/strong><\/p>\n<p>Das <strong>PRO-XL Starter Kit<\/strong> ist die ideale L\u00f6sung, um Ihren Anbau mit hochwertigen Produkten zu beginnen, die speziell entwickelt wurden, um jede Phase der Entwicklung Ihrer Pflanzen zu begleiten. Dieses komplette Set enth\u00e4lt: <\/p>\n<ul>\n<li>1 x <strong>PRO-XL Grow A+B<\/strong> (2 x 1 L) \u2013 F\u00fcr die vegetative Phase<\/li>\n<li>1 x <strong>PRO-XL Bloom A+B<\/strong> (2 x 1 L) \u2013 F\u00fcr die Bl\u00fctephase<\/li>\n<li>1 x <strong>PRO-XL Pro Enzymen<\/strong> (500 ml) \u2013 Zum Abbau von R\u00fcckst\u00e4nden und zur Optimierung der N\u00e4hrstoffaufnahme<\/li>\n<li>1 x <strong>PRO-XL Bloom XXL<\/strong> (500 ml) \u2013 Stimulator f\u00fcr gr\u00f6\u00dfere, widerstandsf\u00e4higere Bl\u00fcten<\/li>\n<li>1 x <strong>PRO-XL Pro Start<\/strong> (250 ml) \u2013 Wurzelstimulator f\u00fcr einen optimalen Start<\/li>\n<li>1 x <strong>PRO-XL Quick Boost<\/strong> (250ml) \u2013 Bl\u00fchbeschleuniger f\u00fcr schnelle Ergebnisse<\/li>\n<li>1 x <strong>PRO-XL Flora Exploder<\/strong> (250 ml) \u2013 F\u00fcr kompaktere und schwerere Bl\u00fcten<\/li>\n<li>1 x <strong>PRO-XL Blattd\u00fcnger<\/strong> (30 ml) \u2013 Zur F\u00fctterung Ihrer Pflanzen mit Bl\u00e4ttern<\/li>\n<li>1 x <strong>PRO-XL Stop Grow<\/strong> (30 ml) \u2013 Um das Wachstum zu stoppen und die Pflanze auf die Bl\u00fcte vorzubereiten<\/li>\n<\/ul>\n<p>Dieses komplette Set deckt alle wesentlichen Schritte ab, um einen erfolgreichen Anbau zu gew\u00e4hrleisten, vom Start bis zur Bl\u00fcte, um eine optimale Ern\u00e4hrung und maximale Pflanzengesundheit zu gew\u00e4hrleisten.<\/p>\n","protected":false},"excerpt":{"rendered":"<p>PRO-XL Starter Kit \u2013 Komplettset f\u00fcr optimale Ergebnisse Das PRO-XL Starter Kit ist die ideale L\u00f6sung, um Ihren Anbau mit hochwertigen Produkten zu beginnen, die speziell entwickelt wurden, um jede Phase der Entwicklung Ihrer Pflanzen zu begleiten. Dieses komplette Set enth\u00e4lt: 1 x PRO-XL Grow A+B (2 x 1 L) \u2013 F\u00fcr die vegetative Phase [&hellip;]<\/p>\n","protected":false},"featured_media":23540,"comment_status":"open","ping_status":"closed","template":"","meta":{"_seopress_robots_primary_cat":"","_seopress_titles_title":"","_seopress_titles_desc":"","_seopress_robots_index":""},"product_brand":[],"product_cat":[690],"product_tag":[],"class_list":{"0":"post-23556","1":"product","2":"type-product","3":"status-publish","4":"has-post-thumbnail","6":"product_cat-pro-xl-de","9":"instock","10":"taxable","11":"shipping-taxable","12":"purchasable","13":"product-type-simple","14":"product-grid-view"},"_links":{"self":[{"href":"https:\/\/greenkingdom.ch\/de\/wp-json\/wp\/v2\/product\/23556","targetHints":{"allow":["GET"]}}],"collection":[{"href":"https:\/\/greenkingdom.ch\/de\/wp-json\/wp\/v2\/product"}],"about":[{"href":"https:\/\/greenkingdom.ch\/de\/wp-json\/wp\/v2\/types\/product"}],"replies":[{"embeddable":true,"href":"https:\/\/greenkingdom.ch\/de\/wp-json\/wp\/v2\/comments?post=23556"}],"version-history":[{"count":1,"href":"https:\/\/greenkingdom.ch\/de\/wp-json\/wp\/v2\/product\/23556\/revisions"}],"predecessor-version":[{"id":27302,"href":"https:\/\/greenkingdom.ch\/de\/wp-json\/wp\/v2\/product\/23556\/revisions\/27302"}],"wp:featuredmedia":[{"embeddable":true,"href":"https:\/\/greenkingdom.ch\/de\/wp-json\/wp\/v2\/media\/23540"}],"wp:attachment":[{"href":"https:\/\/greenkingdom.ch\/de\/wp-json\/wp\/v2\/media?parent=23556"}],"wp:term":[{"taxonomy":"product_brand","embeddable":true,"href":"https:\/\/greenkingdom.ch\/de\/wp-json\/wp\/v2\/product_brand?post=23556"},{"taxonomy":"product_cat","embeddable":true,"href":"https:\/\/greenkingdom.ch\/de\/wp-json\/wp\/v2\/product_cat?post=23556"},{"taxonomy":"product_tag","embeddable":true,"href":"https:\/\/greenkingdom.ch\/de\/wp-json\/wp\/v2\/product_tag?post=23556"}],"curies":[{"name":"wp","href":"https:\/\/api.w.org\/{rel}","templated":true}]}}