{"id":23583,"date":"2024-12-18T16:42:22","date_gmt":"2024-12-18T15:42:22","guid":{"rendered":"https:\/\/greenkingdom.ch\/?post_type=product&#038;p=23583"},"modified":"2025-01-02T14:28:37","modified_gmt":"2025-01-02T13:28:37","slug":"pro-xl-super-enzym-complex-organic-500ml","status":"publish","type":"product","link":"https:\/\/greenkingdom.ch\/de\/produkt\/pro-xl-super-enzym-complex-organic-500ml\/","title":{"rendered":"PRO-XL Super Enzym Komplex Organisch 500ml"},"content":{"rendered":"<p><strong>PRO-XL Super Enzym Complex (organisch) \u2013 biochemischer Optimierer f\u00fcr Boden und Pflanzen<\/strong><\/p>\n<p><strong>Der PRO-XL Super Enzym Complex<\/strong> wirkt als leistungsstarker Katalysator und stimuliert die biochemischen Aktivit\u00e4ten in B\u00f6den und Pflanzen. Durch ein einzigartiges Verfahren trennt es die Wirkstoffe von den sch\u00e4dlichen S\u00e4uren aus der Fermentation und sorgt so f\u00fcr maximale Wirksamkeit. <\/p>\n<ul>\n<li><strong>\u00dcberlegene Qualit\u00e4t<\/strong><\/li>\n<li><strong>Optimale Balance<\/strong><\/li>\n<li><strong>Konzentrierte Formel<\/strong><\/li>\n<\/ul>\n<p>Dieses Produkt verbessert die N\u00e4hrstoffaufnahme und sch\u00fctzt die Wurzeln vor Erstickung oder F\u00e4ulnis. Die darin enthaltenen Enzyme spielen auch eine Schl\u00fcsselrolle im Photosyntheseprozess und f\u00f6rdern die Produktion von essentiellen Kohlenhydraten f\u00fcr ein optimales Wachstum. <\/p>\n","protected":false},"excerpt":{"rendered":"<p>PRO-XL Super Enzym Complex (organisch) \u2013 biochemischer Optimierer f\u00fcr Boden und Pflanzen Der PRO-XL Super Enzym Complex wirkt als leistungsstarker Katalysator und stimuliert die biochemischen Aktivit\u00e4ten in B\u00f6den und Pflanzen. Durch ein einzigartiges Verfahren trennt es die Wirkstoffe von den sch\u00e4dlichen S\u00e4uren aus der Fermentation und sorgt so f\u00fcr maximale Wirksamkeit. \u00dcberlegene Qualit\u00e4t Optimale Balance [&hellip;]<\/p>\n","protected":false},"featured_media":23575,"comment_status":"open","ping_status":"closed","template":"","meta":{"_seopress_robots_primary_cat":"none","_seopress_titles_title":"","_seopress_titles_desc":"","_seopress_robots_index":""},"product_brand":[],"product_cat":[690],"product_tag":[],"class_list":{"0":"post-23583","1":"product","2":"type-product","3":"status-publish","4":"has-post-thumbnail","6":"product_cat-pro-xl-de","9":"instock","10":"taxable","11":"shipping-taxable","12":"purchasable","13":"product-type-simple","14":"product-grid-view"},"_links":{"self":[{"href":"https:\/\/greenkingdom.ch\/de\/wp-json\/wp\/v2\/product\/23583","targetHints":{"allow":["GET"]}}],"collection":[{"href":"https:\/\/greenkingdom.ch\/de\/wp-json\/wp\/v2\/product"}],"about":[{"href":"https:\/\/greenkingdom.ch\/de\/wp-json\/wp\/v2\/types\/product"}],"replies":[{"embeddable":true,"href":"https:\/\/greenkingdom.ch\/de\/wp-json\/wp\/v2\/comments?post=23583"}],"version-history":[{"count":3,"href":"https:\/\/greenkingdom.ch\/de\/wp-json\/wp\/v2\/product\/23583\/revisions"}],"predecessor-version":[{"id":27180,"href":"https:\/\/greenkingdom.ch\/de\/wp-json\/wp\/v2\/product\/23583\/revisions\/27180"}],"wp:featuredmedia":[{"embeddable":true,"href":"https:\/\/greenkingdom.ch\/de\/wp-json\/wp\/v2\/media\/23575"}],"wp:attachment":[{"href":"https:\/\/greenkingdom.ch\/de\/wp-json\/wp\/v2\/media?parent=23583"}],"wp:term":[{"taxonomy":"product_brand","embeddable":true,"href":"https:\/\/greenkingdom.ch\/de\/wp-json\/wp\/v2\/product_brand?post=23583"},{"taxonomy":"product_cat","embeddable":true,"href":"https:\/\/greenkingdom.ch\/de\/wp-json\/wp\/v2\/product_cat?post=23583"},{"taxonomy":"product_tag","embeddable":true,"href":"https:\/\/greenkingdom.ch\/de\/wp-json\/wp\/v2\/product_tag?post=23583"}],"curies":[{"name":"wp","href":"https:\/\/api.w.org\/{rel}","templated":true}]}}