{"id":23605,"date":"2024-12-18T16:47:12","date_gmt":"2024-12-18T15:47:12","guid":{"rendered":"https:\/\/greenkingdom.ch\/?post_type=product&#038;p=23605"},"modified":"2025-01-02T14:37:40","modified_gmt":"2025-01-02T13:37:40","slug":"pro-xl-sweet-flush-organic-250ml","status":"publish","type":"product","link":"https:\/\/greenkingdom.ch\/de\/produkt\/pro-xl-sweet-flush-organic-250ml\/","title":{"rendered":"PRO-XL Sweet Flush Bio 250ml"},"content":{"rendered":"<p><strong>PRO-XL Sweet Flush (Bio) \u2013 Sp\u00e4tbl\u00fchender Pflanzenreiniger<\/strong><\/p>\n<p><strong>PRO-XL Sweet Flush<\/strong> wurde speziell f\u00fcr die Anwendung am Ende der Bl\u00fcte entwickelt, um R\u00fcckst\u00e4nde zu entfernen, die sich in Pflanzen und Erde angesammelt haben. Es sollte in der vorletzten Woche der Bl\u00fcte in Kombination mit den regul\u00e4ren N\u00e4hrstoffen dem Gie\u00dfwasser zugesetzt und in der letzten Woche allein verwendet werden. <\/p>\n<ul>\n<li><strong>Verbessert die Entfernung von R\u00fcckst\u00e4nden<\/strong> in Pflanze und Boden<\/li>\n<li><strong>St\u00e4rkt die bakterielle Widerstandskraft<\/strong> und macht die Pflanze widerstandsf\u00e4higer gegen Krankheiten<\/li>\n<li><strong>Reinigt die Pflanze und die Bl\u00fcte<\/strong> und verbessert die Qualit\u00e4t des nat\u00fcrlichen Geruchs und Geschmacks der Pflanzen<\/li>\n<\/ul>\n<p>Wenn Sie Ihre Erde wiederverwenden, empfiehlt es sich, sie vor dem Umpflanzen einmal mit <strong>Organic Sweet Flush<\/strong> zu sp\u00fclen, um eine sauberere und ges\u00fcndere Ernte zu gew\u00e4hrleisten.<\/p>\n","protected":false},"excerpt":{"rendered":"<p>PRO-XL Sweet Flush (Bio) \u2013 Sp\u00e4tbl\u00fchender Pflanzenreiniger PRO-XL Sweet Flush wurde speziell f\u00fcr die Anwendung am Ende der Bl\u00fcte entwickelt, um R\u00fcckst\u00e4nde zu entfernen, die sich in Pflanzen und Erde angesammelt haben. Es sollte in der vorletzten Woche der Bl\u00fcte in Kombination mit den regul\u00e4ren N\u00e4hrstoffen dem Gie\u00dfwasser zugesetzt und in der letzten Woche allein [&hellip;]<\/p>\n","protected":false},"featured_media":23597,"comment_status":"open","ping_status":"closed","template":"","meta":{"_seopress_robots_primary_cat":"none","_seopress_titles_title":"","_seopress_titles_desc":"","_seopress_robots_index":""},"product_brand":[],"product_cat":[690],"product_tag":[],"class_list":{"0":"post-23605","1":"product","2":"type-product","3":"status-publish","4":"has-post-thumbnail","6":"product_cat-pro-xl-de","9":"instock","10":"taxable","11":"shipping-taxable","12":"purchasable","13":"product-type-simple","14":"product-grid-view"},"_links":{"self":[{"href":"https:\/\/greenkingdom.ch\/de\/wp-json\/wp\/v2\/product\/23605","targetHints":{"allow":["GET"]}}],"collection":[{"href":"https:\/\/greenkingdom.ch\/de\/wp-json\/wp\/v2\/product"}],"about":[{"href":"https:\/\/greenkingdom.ch\/de\/wp-json\/wp\/v2\/types\/product"}],"replies":[{"embeddable":true,"href":"https:\/\/greenkingdom.ch\/de\/wp-json\/wp\/v2\/comments?post=23605"}],"version-history":[{"count":3,"href":"https:\/\/greenkingdom.ch\/de\/wp-json\/wp\/v2\/product\/23605\/revisions"}],"predecessor-version":[{"id":27309,"href":"https:\/\/greenkingdom.ch\/de\/wp-json\/wp\/v2\/product\/23605\/revisions\/27309"}],"wp:featuredmedia":[{"embeddable":true,"href":"https:\/\/greenkingdom.ch\/de\/wp-json\/wp\/v2\/media\/23597"}],"wp:attachment":[{"href":"https:\/\/greenkingdom.ch\/de\/wp-json\/wp\/v2\/media?parent=23605"}],"wp:term":[{"taxonomy":"product_brand","embeddable":true,"href":"https:\/\/greenkingdom.ch\/de\/wp-json\/wp\/v2\/product_brand?post=23605"},{"taxonomy":"product_cat","embeddable":true,"href":"https:\/\/greenkingdom.ch\/de\/wp-json\/wp\/v2\/product_cat?post=23605"},{"taxonomy":"product_tag","embeddable":true,"href":"https:\/\/greenkingdom.ch\/de\/wp-json\/wp\/v2\/product_tag?post=23605"}],"curies":[{"name":"wp","href":"https:\/\/api.w.org\/{rel}","templated":true}]}}