{"id":23643,"date":"2024-12-18T16:55:17","date_gmt":"2024-12-18T15:55:17","guid":{"rendered":"https:\/\/greenkingdom.ch\/?post_type=product&#038;p=23643"},"modified":"2025-01-02T14:37:48","modified_gmt":"2025-01-02T13:37:48","slug":"pro-xl-pro-enzime-5l","status":"publish","type":"product","link":"https:\/\/greenkingdom.ch\/de\/produkt\/pro-xl-pro-enzime-5l\/","title":{"rendered":"PRO-XL Pro Enzime 5L"},"content":{"rendered":"<p><strong>PRO-XL Pro Enzimen \u2013 Enzyme f\u00fcr eine optimale N\u00e4hrstoffaufnahme<\/strong><\/p>\n<p><strong>PRO-XL Pro Enzimen<\/strong> ist ein unverzichtbares Produkt zur Optimierung der N\u00e4hrstoffaufnahme und zum Schutz der Wurzeln vor Erstickung und F\u00e4ulnis. Enzyme spielen eine entscheidende Rolle in mehreren Prozessen, die f\u00fcr die Pflanze lebenswichtig sind. <\/p>\n<ul>\n<li><strong>N\u00e4hrstofftransport<\/strong> w\u00e4hrend der Bl\u00fcte<\/li>\n<li><strong>Umwandlung abgestorbener Wurzeln in N\u00e4hrstoffe<\/strong><\/li>\n<li><strong>Verbesserte Sauerstoffversorgung<\/strong> und Wasserspeicherung des Substrats<\/li>\n<\/ul>\n<p>Es ist besonders vorteilhaft f\u00fcr Pflanzen in <strong>hydroponischen Systemen<\/strong>, wo es eine verbesserte N\u00e4hrstoffaufnahme f\u00f6rdert und f\u00fcr ges\u00fcndere und produktivere Pflanzen sorgt.<\/p>\n","protected":false},"excerpt":{"rendered":"<p>PRO-XL Pro Enzimen \u2013 Enzyme f\u00fcr eine optimale N\u00e4hrstoffaufnahme PRO-XL Pro Enzimen ist ein unverzichtbares Produkt zur Optimierung der N\u00e4hrstoffaufnahme und zum Schutz der Wurzeln vor Erstickung und F\u00e4ulnis. Enzyme spielen eine entscheidende Rolle in mehreren Prozessen, die f\u00fcr die Pflanze lebenswichtig sind. N\u00e4hrstofftransport w\u00e4hrend der Bl\u00fcte Umwandlung abgestorbener Wurzeln in N\u00e4hrstoffe Verbesserte Sauerstoffversorgung und [&hellip;]<\/p>\n","protected":false},"featured_media":23627,"comment_status":"open","ping_status":"closed","template":"","meta":{"_seopress_robots_primary_cat":"none","_seopress_titles_title":"","_seopress_titles_desc":"","_seopress_robots_index":""},"product_brand":[],"product_cat":[690],"product_tag":[],"class_list":{"0":"post-23643","1":"product","2":"type-product","3":"status-publish","4":"has-post-thumbnail","6":"product_cat-pro-xl-de","9":"instock","10":"taxable","11":"shipping-taxable","12":"purchasable","13":"product-type-simple","14":"product-grid-view"},"_links":{"self":[{"href":"https:\/\/greenkingdom.ch\/de\/wp-json\/wp\/v2\/product\/23643","targetHints":{"allow":["GET"]}}],"collection":[{"href":"https:\/\/greenkingdom.ch\/de\/wp-json\/wp\/v2\/product"}],"about":[{"href":"https:\/\/greenkingdom.ch\/de\/wp-json\/wp\/v2\/types\/product"}],"replies":[{"embeddable":true,"href":"https:\/\/greenkingdom.ch\/de\/wp-json\/wp\/v2\/comments?post=23643"}],"version-history":[{"count":2,"href":"https:\/\/greenkingdom.ch\/de\/wp-json\/wp\/v2\/product\/23643\/revisions"}],"predecessor-version":[{"id":27319,"href":"https:\/\/greenkingdom.ch\/de\/wp-json\/wp\/v2\/product\/23643\/revisions\/27319"}],"wp:featuredmedia":[{"embeddable":true,"href":"https:\/\/greenkingdom.ch\/de\/wp-json\/wp\/v2\/media\/23627"}],"wp:attachment":[{"href":"https:\/\/greenkingdom.ch\/de\/wp-json\/wp\/v2\/media?parent=23643"}],"wp:term":[{"taxonomy":"product_brand","embeddable":true,"href":"https:\/\/greenkingdom.ch\/de\/wp-json\/wp\/v2\/product_brand?post=23643"},{"taxonomy":"product_cat","embeddable":true,"href":"https:\/\/greenkingdom.ch\/de\/wp-json\/wp\/v2\/product_cat?post=23643"},{"taxonomy":"product_tag","embeddable":true,"href":"https:\/\/greenkingdom.ch\/de\/wp-json\/wp\/v2\/product_tag?post=23643"}],"curies":[{"name":"wp","href":"https:\/\/api.w.org\/{rel}","templated":true}]}}