{"id":23759,"date":"2024-12-18T17:49:53","date_gmt":"2024-12-18T16:49:53","guid":{"rendered":"https:\/\/greenkingdom.ch\/?post_type=product&#038;p=23759"},"modified":"2025-01-02T14:37:58","modified_gmt":"2025-01-02T13:37:58","slug":"terra-aquatica-tripart-flora-ghe-gro-5l","status":"publish","type":"product","link":"https:\/\/greenkingdom.ch\/de\/produkt\/terra-aquatica-tripart-flora-ghe-gro-5l\/","title":{"rendered":"Terra Aquatica TriPart Flora \/ GHE Gro 5L"},"content":{"rendered":"<p>FloraGro ist ein essentieller D\u00fcnger aus der bekannten &#8222;Flora-Serie&#8220; in 3 Komponenten. Dieser Minerald\u00fcnger f\u00f6rdert \u00fcppiges Laub und strukturiertes Wachstum, das ideal f\u00fcr Deine Pflanzen ist. Dank seiner umfassenden Formel versorgt FloraGro Ihre Pflanzen mit der Energie, die sie f\u00fcr eine gesunde Entwicklung ben\u00f6tigen, und f\u00f6rdert so eine \u00fcppige Bl\u00fcte und eine qualitativ hochwertige Produktion. Alle drei Komponenten der Serie sind f\u00fcr ein optimales Ergebnis unverzichtbar und f\u00fcr eine ausgewogene Ern\u00e4hrung mit Magnesium angereichert (NPK: 3-1-7). Passen Sie die D\u00fcngung an das Wachstumsstadium Ihrer Pflanze an: fr\u00fches Wachstum (0,5 ml\/l), fortgeschrittenes Wachstum in Hydrokultur (bis zu 1,5 ml\/l) und in konventionellem Substrat (bis zu 0,6 ml\/l). Verwenden Sie FloraGro w\u00e4hrend der gesamten Lebensdauer Ihrer Pflanzen, um bemerkenswerte Ergebnisse zu erzielen. EAN: 3760172780021  <\/p>\n","protected":false},"excerpt":{"rendered":"<p>FloraGro ist ein essentieller D\u00fcnger aus der bekannten &#8222;Flora-Serie&#8220; in 3 Komponenten. Dieser Minerald\u00fcnger f\u00f6rdert \u00fcppiges Laub und strukturiertes Wachstum, das ideal f\u00fcr Deine Pflanzen ist. Dank seiner umfassenden Formel versorgt FloraGro Ihre Pflanzen mit der Energie, die sie f\u00fcr eine gesunde Entwicklung ben\u00f6tigen, und f\u00f6rdert so eine \u00fcppige Bl\u00fcte und eine qualitativ hochwertige Produktion. [&hellip;]<\/p>\n","protected":false},"featured_media":23684,"comment_status":"open","ping_status":"closed","template":"","meta":{"_seopress_robots_primary_cat":"none","_seopress_titles_title":"","_seopress_titles_desc":"","_seopress_robots_index":""},"product_brand":[],"product_cat":[580],"product_tag":[],"class_list":{"0":"post-23759","1":"product","2":"type-product","3":"status-publish","4":"has-post-thumbnail","6":"product_cat-terra-aquatica-de","9":"instock","10":"taxable","11":"shipping-taxable","12":"purchasable","13":"product-type-simple","14":"product-grid-view"},"_links":{"self":[{"href":"https:\/\/greenkingdom.ch\/de\/wp-json\/wp\/v2\/product\/23759","targetHints":{"allow":["GET"]}}],"collection":[{"href":"https:\/\/greenkingdom.ch\/de\/wp-json\/wp\/v2\/product"}],"about":[{"href":"https:\/\/greenkingdom.ch\/de\/wp-json\/wp\/v2\/types\/product"}],"replies":[{"embeddable":true,"href":"https:\/\/greenkingdom.ch\/de\/wp-json\/wp\/v2\/comments?post=23759"}],"version-history":[{"count":2,"href":"https:\/\/greenkingdom.ch\/de\/wp-json\/wp\/v2\/product\/23759\/revisions"}],"predecessor-version":[{"id":24010,"href":"https:\/\/greenkingdom.ch\/de\/wp-json\/wp\/v2\/product\/23759\/revisions\/24010"}],"wp:featuredmedia":[{"embeddable":true,"href":"https:\/\/greenkingdom.ch\/de\/wp-json\/wp\/v2\/media\/23684"}],"wp:attachment":[{"href":"https:\/\/greenkingdom.ch\/de\/wp-json\/wp\/v2\/media?parent=23759"}],"wp:term":[{"taxonomy":"product_brand","embeddable":true,"href":"https:\/\/greenkingdom.ch\/de\/wp-json\/wp\/v2\/product_brand?post=23759"},{"taxonomy":"product_cat","embeddable":true,"href":"https:\/\/greenkingdom.ch\/de\/wp-json\/wp\/v2\/product_cat?post=23759"},{"taxonomy":"product_tag","embeddable":true,"href":"https:\/\/greenkingdom.ch\/de\/wp-json\/wp\/v2\/product_tag?post=23759"}],"curies":[{"name":"wp","href":"https:\/\/api.w.org\/{rel}","templated":true}]}}