{"id":23783,"date":"2024-12-18T17:53:15","date_gmt":"2024-12-18T16:53:15","guid":{"rendered":"https:\/\/greenkingdom.ch\/?post_type=product&#038;p=23783"},"modified":"2025-01-02T14:38:04","modified_gmt":"2025-01-02T13:38:04","slug":"terra-aquatica-tripart-flora-ghe-blute-10l","status":"publish","type":"product","link":"https:\/\/greenkingdom.ch\/de\/produkt\/terra-aquatica-tripart-flora-ghe-blute-10l\/","title":{"rendered":"Terra Aquatica TriPart Flora \/ GHE Bloom 10L"},"content":{"rendered":"<p>FloraBloom ist ein unentbehrlicher D\u00fcnger aus dem 3-Komponenten-System &#8222;Flora Series&#8220;. FloraBloom f\u00f6rdert die gesunde und ausgepr\u00e4gte Entwicklung der Wurzeln in der Wachstumsphase. Ein optimales Wurzelsystem ist entscheidend f\u00fcr die N\u00e4hrstoffaufnahme. Zu Beginn der Bl\u00fcte erschlie\u00dft FloraBloom das genetische Potenzial der Pflanzen f\u00fcr hohe Ertr\u00e4ge. Dank Kiesels\u00e4ure sch\u00fctzt es die Wurzeln und st\u00e4rkt die Pflanze f\u00fcr eine bessere Widerstandsf\u00e4higkeit gegen Sch\u00e4dlinge und Krankheiten. Jedes Element dieses D\u00fcngers ist f\u00fcr optimale Ergebnisse notwendig! Anwendung: Die Dosis variiert je nach Wachstumsphase. Beginnen Sie mit 0,5 ml pro Liter Wasser und erh\u00f6hen Sie den Gehalt schrittweise auf 1,5 ml\/Liter in der Bew\u00e4sserung und 1 ml\/Liter in der Erde. EAN: 3760172780236<\/p>\n","protected":false},"excerpt":{"rendered":"<p>FloraBloom ist ein unentbehrlicher D\u00fcnger aus dem 3-Komponenten-System &#8222;Flora Series&#8220;. FloraBloom f\u00f6rdert die gesunde und ausgepr\u00e4gte Entwicklung der Wurzeln in der Wachstumsphase. Ein optimales Wurzelsystem ist entscheidend f\u00fcr die N\u00e4hrstoffaufnahme. Zu Beginn der Bl\u00fcte erschlie\u00dft FloraBloom das genetische Potenzial der Pflanzen f\u00fcr hohe Ertr\u00e4ge. Dank Kiesels\u00e4ure sch\u00fctzt es die Wurzeln und st\u00e4rkt die Pflanze f\u00fcr [&hellip;]<\/p>\n","protected":false},"featured_media":23701,"comment_status":"open","ping_status":"closed","template":"","meta":{"_seopress_robots_primary_cat":"none","_seopress_titles_title":"","_seopress_titles_desc":"","_seopress_robots_index":""},"product_brand":[],"product_cat":[580],"product_tag":[],"class_list":{"0":"post-23783","1":"product","2":"type-product","3":"status-publish","4":"has-post-thumbnail","6":"product_cat-terra-aquatica-de","9":"instock","10":"taxable","11":"shipping-taxable","12":"purchasable","13":"product-type-simple","14":"product-grid-view"},"_links":{"self":[{"href":"https:\/\/greenkingdom.ch\/de\/wp-json\/wp\/v2\/product\/23783","targetHints":{"allow":["GET"]}}],"collection":[{"href":"https:\/\/greenkingdom.ch\/de\/wp-json\/wp\/v2\/product"}],"about":[{"href":"https:\/\/greenkingdom.ch\/de\/wp-json\/wp\/v2\/types\/product"}],"replies":[{"embeddable":true,"href":"https:\/\/greenkingdom.ch\/de\/wp-json\/wp\/v2\/comments?post=23783"}],"version-history":[{"count":4,"href":"https:\/\/greenkingdom.ch\/de\/wp-json\/wp\/v2\/product\/23783\/revisions"}],"predecessor-version":[{"id":27329,"href":"https:\/\/greenkingdom.ch\/de\/wp-json\/wp\/v2\/product\/23783\/revisions\/27329"}],"wp:featuredmedia":[{"embeddable":true,"href":"https:\/\/greenkingdom.ch\/de\/wp-json\/wp\/v2\/media\/23701"}],"wp:attachment":[{"href":"https:\/\/greenkingdom.ch\/de\/wp-json\/wp\/v2\/media?parent=23783"}],"wp:term":[{"taxonomy":"product_brand","embeddable":true,"href":"https:\/\/greenkingdom.ch\/de\/wp-json\/wp\/v2\/product_brand?post=23783"},{"taxonomy":"product_cat","embeddable":true,"href":"https:\/\/greenkingdom.ch\/de\/wp-json\/wp\/v2\/product_cat?post=23783"},{"taxonomy":"product_tag","embeddable":true,"href":"https:\/\/greenkingdom.ch\/de\/wp-json\/wp\/v2\/product_tag?post=23783"}],"curies":[{"name":"wp","href":"https:\/\/api.w.org\/{rel}","templated":true}]}}