{"id":23791,"date":"2024-12-18T17:54:05","date_gmt":"2024-12-18T16:54:05","guid":{"rendered":"https:\/\/greenkingdom.ch\/?post_type=product&#038;p=23791"},"modified":"2025-01-02T14:38:07","modified_gmt":"2025-01-02T13:38:07","slug":"terra-aquatica-tripart-flora-ghe-micro-hartwasser-5l","status":"publish","type":"product","link":"https:\/\/greenkingdom.ch\/de\/produkt\/terra-aquatica-tripart-flora-ghe-micro-hartwasser-5l\/","title":{"rendered":"Terra Aquatica TriPart Flora \/ GHE Micro Hartwasser 5L"},"content":{"rendered":"<p>FloraMicro ist die zentrale S\u00e4ule des Dreikomponenten-D\u00fcngersystems der Flora-Serie. Seine Formel, die reich an chelatisierten Spurenelementen wie Bor, Kalzium, Kupfer, Eisen, Mangan, Molybd\u00e4n und Zink ist, sorgt f\u00fcr ein perfektes Gleichgewicht f\u00fcr Ihre Pflanzen. Die speziellen pH-stabilisierenden Inhaltsstoffe sorgen f\u00fcr ein optimales N\u00e4hrstoffmilieu. Neben FloraGro und FloraBloom bietet FloraMicro eine vollst\u00e4ndige N\u00e4hrstoffgrundlage f\u00fcr gesunde und kr\u00e4ftige Pflanzen. Die kombinierte Verwendung dieser drei Elemente wird dringend empfohlen. Gebrauchsanweisung:<br \/>\n Der N\u00e4hrstoffbedarf von Pflanzen \u00e4ndert sich im Laufe ihres Wachstums. Beginne mit nur 0,5-2 ml pro Liter Wasser f\u00fcr S\u00e4mlinge. Erh\u00f6he die Menge allm\u00e4hlich, wenn Deine Pflanzen wachsen. EAN: 3760172780168    <\/p>\n","protected":false},"excerpt":{"rendered":"<p>FloraMicro ist die zentrale S\u00e4ule des Dreikomponenten-D\u00fcngersystems der Flora-Serie. Seine Formel, die reich an chelatisierten Spurenelementen wie Bor, Kalzium, Kupfer, Eisen, Mangan, Molybd\u00e4n und Zink ist, sorgt f\u00fcr ein perfektes Gleichgewicht f\u00fcr Ihre Pflanzen. Die speziellen pH-stabilisierenden Inhaltsstoffe sorgen f\u00fcr ein optimales N\u00e4hrstoffmilieu. Neben FloraGro und FloraBloom bietet FloraMicro eine vollst\u00e4ndige N\u00e4hrstoffgrundlage f\u00fcr gesunde und [&hellip;]<\/p>\n","protected":false},"featured_media":23705,"comment_status":"open","ping_status":"closed","template":"","meta":{"_seopress_robots_primary_cat":"none","_seopress_titles_title":"","_seopress_titles_desc":"","_seopress_robots_index":""},"product_brand":[],"product_cat":[580],"product_tag":[],"class_list":{"0":"post-23791","1":"product","2":"type-product","3":"status-publish","4":"has-post-thumbnail","6":"product_cat-terra-aquatica-de","9":"instock","10":"taxable","11":"shipping-taxable","12":"purchasable","13":"product-type-simple","14":"product-grid-view"},"_links":{"self":[{"href":"https:\/\/greenkingdom.ch\/de\/wp-json\/wp\/v2\/product\/23791","targetHints":{"allow":["GET"]}}],"collection":[{"href":"https:\/\/greenkingdom.ch\/de\/wp-json\/wp\/v2\/product"}],"about":[{"href":"https:\/\/greenkingdom.ch\/de\/wp-json\/wp\/v2\/types\/product"}],"replies":[{"embeddable":true,"href":"https:\/\/greenkingdom.ch\/de\/wp-json\/wp\/v2\/comments?post=23791"}],"version-history":[{"count":4,"href":"https:\/\/greenkingdom.ch\/de\/wp-json\/wp\/v2\/product\/23791\/revisions"}],"predecessor-version":[{"id":27333,"href":"https:\/\/greenkingdom.ch\/de\/wp-json\/wp\/v2\/product\/23791\/revisions\/27333"}],"wp:featuredmedia":[{"embeddable":true,"href":"https:\/\/greenkingdom.ch\/de\/wp-json\/wp\/v2\/media\/23705"}],"wp:attachment":[{"href":"https:\/\/greenkingdom.ch\/de\/wp-json\/wp\/v2\/media?parent=23791"}],"wp:term":[{"taxonomy":"product_brand","embeddable":true,"href":"https:\/\/greenkingdom.ch\/de\/wp-json\/wp\/v2\/product_brand?post=23791"},{"taxonomy":"product_cat","embeddable":true,"href":"https:\/\/greenkingdom.ch\/de\/wp-json\/wp\/v2\/product_cat?post=23791"},{"taxonomy":"product_tag","embeddable":true,"href":"https:\/\/greenkingdom.ch\/de\/wp-json\/wp\/v2\/product_tag?post=23791"}],"curies":[{"name":"wp","href":"https:\/\/api.w.org\/{rel}","templated":true}]}}