{"id":23917,"date":"2024-12-19T12:04:45","date_gmt":"2024-12-19T11:04:45","guid":{"rendered":"https:\/\/greenkingdom.ch\/product\/terra-aquatica-bloom-booster-organic-1l\/"},"modified":"2025-01-02T14:25:21","modified_gmt":"2025-01-02T13:25:21","slug":"terra-aquatica-bloom-booster-organic-1l","status":"publish","type":"product","link":"https:\/\/greenkingdom.ch\/de\/produkt\/terra-aquatica-bloom-booster-organic-1l\/","title":{"rendered":"Terra Aquatica Bloom Booster Bio 1L"},"content":{"rendered":"<p><strong>Terra Aquatica Bloom Booster (Bio) \u2013 Bl\u00fcte- und Fruchtstimulator<\/strong><\/p>\n<p><strong>Terra Aquatica Bloom Booster<\/strong> ist ein 100% biologischer Bl\u00fctenaktivator, der entwickelt wurde, um \u00fcppige Bl\u00fcten und gro\u00dfz\u00fcgige Fruchtbildung auf nat\u00fcrliche Weise zu stimulieren. Dieses potente Produkt, das auch als <strong>GO &#8211; BioBud<\/strong> bekannt ist, ist eine ausgezeichnete Wahl, um eine explosive Bl\u00fcte und Fr\u00fcchte von h\u00f6chster Qualit\u00e4t zu f\u00f6rdern. <\/p>\n<ul>\n<li><strong>F\u00f6rdert eine dichte und \u00fcppige Bl\u00fcte<\/strong><\/li>\n<li><strong>Stimuliert die massive und schmackhafte Fruchtbildung<\/strong><\/li>\n<li><strong>St\u00e4rkt die Mineralstoffaufnahme und die Stoffwechselaktivit\u00e4t<\/strong> dank Biostimulanzien und biologischen Aktivatoren<\/li>\n<li><strong>Frei von synthetischen Hormonen<\/strong>, f\u00fcr eine nat\u00fcrliche und gesunde Kultur<\/li>\n<\/ul>\n<p>W\u00e4hrend der entscheidenden Bl\u00fcte- und Fruchtphasen sorgt <strong>Terra Aquatica Bloom Booster<\/strong> f\u00fcr dichte Bl\u00fctentrauben und eine schmackhaftere Ernte, sodass Ihre Pflanzen ihr genetisches Potenzial voll entfalten k\u00f6nnen. Dieses Produkt ist f\u00fcr alle Arten von Pflanzen w\u00e4hrend der Bl\u00fctezeit geeignet und sorgt f\u00fcr spektakul\u00e4re Ergebnisse. <\/p>\n","protected":false},"excerpt":{"rendered":"<p>Terra Aquatica Bloom Booster (Bio) \u2013 Bl\u00fcte- und Fruchtstimulator Terra Aquatica Bloom Booster ist ein 100% biologischer Bl\u00fctenaktivator, der entwickelt wurde, um \u00fcppige Bl\u00fcten und gro\u00dfz\u00fcgige Fruchtbildung auf nat\u00fcrliche Weise zu stimulieren. Dieses potente Produkt, das auch als GO &#8211; BioBud bekannt ist, ist eine ausgezeichnete Wahl, um eine explosive Bl\u00fcte und Fr\u00fcchte von h\u00f6chster [&hellip;]<\/p>\n","protected":false},"featured_media":23913,"comment_status":"open","ping_status":"closed","template":"","meta":{"_seopress_robots_primary_cat":"","_seopress_titles_title":"","_seopress_titles_desc":"","_seopress_robots_index":""},"product_brand":[],"product_cat":[580],"product_tag":[],"class_list":{"0":"post-23917","1":"product","2":"type-product","3":"status-publish","4":"has-post-thumbnail","6":"product_cat-terra-aquatica-de","9":"instock","10":"taxable","11":"shipping-taxable","12":"purchasable","13":"product-type-simple","14":"product-grid-view"},"_links":{"self":[{"href":"https:\/\/greenkingdom.ch\/de\/wp-json\/wp\/v2\/product\/23917","targetHints":{"allow":["GET"]}}],"collection":[{"href":"https:\/\/greenkingdom.ch\/de\/wp-json\/wp\/v2\/product"}],"about":[{"href":"https:\/\/greenkingdom.ch\/de\/wp-json\/wp\/v2\/types\/product"}],"replies":[{"embeddable":true,"href":"https:\/\/greenkingdom.ch\/de\/wp-json\/wp\/v2\/comments?post=23917"}],"version-history":[{"count":1,"href":"https:\/\/greenkingdom.ch\/de\/wp-json\/wp\/v2\/product\/23917\/revisions"}],"predecessor-version":[{"id":27126,"href":"https:\/\/greenkingdom.ch\/de\/wp-json\/wp\/v2\/product\/23917\/revisions\/27126"}],"wp:featuredmedia":[{"embeddable":true,"href":"https:\/\/greenkingdom.ch\/de\/wp-json\/wp\/v2\/media\/23913"}],"wp:attachment":[{"href":"https:\/\/greenkingdom.ch\/de\/wp-json\/wp\/v2\/media?parent=23917"}],"wp:term":[{"taxonomy":"product_brand","embeddable":true,"href":"https:\/\/greenkingdom.ch\/de\/wp-json\/wp\/v2\/product_brand?post=23917"},{"taxonomy":"product_cat","embeddable":true,"href":"https:\/\/greenkingdom.ch\/de\/wp-json\/wp\/v2\/product_cat?post=23917"},{"taxonomy":"product_tag","embeddable":true,"href":"https:\/\/greenkingdom.ch\/de\/wp-json\/wp\/v2\/product_tag?post=23917"}],"curies":[{"name":"wp","href":"https:\/\/api.w.org\/{rel}","templated":true}]}}