{"id":23939,"date":"2024-12-19T12:13:16","date_gmt":"2024-12-19T11:13:16","guid":{"rendered":"https:\/\/greenkingdom.ch\/product\/terra-aquatica-dualpart-grow-1l\/"},"modified":"2025-01-02T14:25:22","modified_gmt":"2025-01-02T13:25:22","slug":"terra-aquatica-dualpart-grow-1l","status":"publish","type":"product","link":"https:\/\/greenkingdom.ch\/de\/produkt\/terra-aquatica-dualpart-grow-1l\/","title":{"rendered":"Terra Aquatica DualPart Grow 1L"},"content":{"rendered":"<p><strong>Terra Aquatica DualPart Grow \u2013 2-Komponenten-D\u00fcnger f\u00fcr das Wachstum<\/strong><\/p>\n<p><strong>Terra Aquatica DualPart Grow<\/strong> ist ein extrem konzentrierter D\u00fcnger, der f\u00fcr den Pflanzenanbau in <strong>Hydrokulturen<\/strong>, <strong>Kokosfasern<\/strong> und <strong>B\u00f6den<\/strong> entwickelt wurde. Dieses Produkt ist Teil der DualPart-Reihe\u00ae von Terra Aquatica (ehemals General Hydroponics), die Benutzerfreundlichkeit mit au\u00dfergew\u00f6hnlichen Ergebnissen kombiniert. <\/p>\n<ul>\n<li><strong>2-Komponenten-Formel<\/strong> : perfekte Balance zwischen Effizienz und Einfachheit, inspiriert von der TriPart-Reihe\u00ae.<\/li>\n<li><strong>Optimiert f\u00fcr das Wachstum<\/strong> : DualPart Grow liefert alle notwendigen N\u00e4hrstoffe, um ein schnelles und gesundes Pflanzenwachstum zu stimulieren.<\/li>\n<li><strong>Enth\u00e4lt Bioaktivatoren<\/strong> : verbessert die Pflanzengesundheit, st\u00e4rkt die Widerstandsf\u00e4higkeit gegen Krankheitserreger und optimiert die N\u00e4hrstoffaufnahme.<\/li>\n<li><strong>Reduziert die Internodienabst\u00e4nde<\/strong> : F\u00f6rdert ein kompaktes Wachstum, ohne den Einsatz von synthetischen Wachstumshormonen.<\/li>\n<\/ul>\n<p>Diese einzigartige Formel wurde entwickelt, um Deine Pflanzen w\u00e4hrend ihres Wachstums- und Bl\u00fctezyklus mit den richtigen Mineralien zu versorgen. W\u00e4hrend der Vegetationsperiode ist es ausreichend, <strong>gleichwertige Anteile von Grow und Bloom<\/strong> zu verwenden. Dann passt du die Menge an <strong>Bloom<\/strong> allm\u00e4hlich an, wenn die Bl\u00fcte beginnt, w\u00e4hrend du die Menge an <strong>Grow<\/strong> reduzierst. <strong>DualPart<\/strong> vereinfacht die N\u00e4hrstoffausbringung, indem w\u00e4hrend des gesamten Wachstumszyklus nur zwei Fl\u00e4schchen verwendet werden, im Gegensatz zu anderen 2-Komponenten-D\u00fcngern, die vier Fl\u00e4schchen f\u00fcr Wachstum und Bl\u00fcte ben\u00f6tigen.  <\/p>\n","protected":false},"excerpt":{"rendered":"<p>Terra Aquatica DualPart Grow \u2013 2-Komponenten-D\u00fcnger f\u00fcr das Wachstum Terra Aquatica DualPart Grow ist ein extrem konzentrierter D\u00fcnger, der f\u00fcr den Pflanzenanbau in Hydrokulturen, Kokosfasern und B\u00f6den entwickelt wurde. Dieses Produkt ist Teil der DualPart-Reihe\u00ae von Terra Aquatica (ehemals General Hydroponics), die Benutzerfreundlichkeit mit au\u00dfergew\u00f6hnlichen Ergebnissen kombiniert. 2-Komponenten-Formel : perfekte Balance zwischen Effizienz und Einfachheit, [&hellip;]<\/p>\n","protected":false},"featured_media":23935,"comment_status":"open","ping_status":"closed","template":"","meta":{"_seopress_robots_primary_cat":"none","_seopress_titles_title":"","_seopress_titles_desc":"","_seopress_robots_index":""},"product_brand":[],"product_cat":[580],"product_tag":[],"class_list":{"0":"post-23939","1":"product","2":"type-product","3":"status-publish","4":"has-post-thumbnail","6":"product_cat-terra-aquatica-de","9":"instock","10":"taxable","11":"shipping-taxable","12":"purchasable","13":"product-type-simple","14":"product-grid-view"},"_links":{"self":[{"href":"https:\/\/greenkingdom.ch\/de\/wp-json\/wp\/v2\/product\/23939","targetHints":{"allow":["GET"]}}],"collection":[{"href":"https:\/\/greenkingdom.ch\/de\/wp-json\/wp\/v2\/product"}],"about":[{"href":"https:\/\/greenkingdom.ch\/de\/wp-json\/wp\/v2\/types\/product"}],"replies":[{"embeddable":true,"href":"https:\/\/greenkingdom.ch\/de\/wp-json\/wp\/v2\/comments?post=23939"}],"version-history":[{"count":2,"href":"https:\/\/greenkingdom.ch\/de\/wp-json\/wp\/v2\/product\/23939\/revisions"}],"predecessor-version":[{"id":27128,"href":"https:\/\/greenkingdom.ch\/de\/wp-json\/wp\/v2\/product\/23939\/revisions\/27128"}],"wp:featuredmedia":[{"embeddable":true,"href":"https:\/\/greenkingdom.ch\/de\/wp-json\/wp\/v2\/media\/23935"}],"wp:attachment":[{"href":"https:\/\/greenkingdom.ch\/de\/wp-json\/wp\/v2\/media?parent=23939"}],"wp:term":[{"taxonomy":"product_brand","embeddable":true,"href":"https:\/\/greenkingdom.ch\/de\/wp-json\/wp\/v2\/product_brand?post=23939"},{"taxonomy":"product_cat","embeddable":true,"href":"https:\/\/greenkingdom.ch\/de\/wp-json\/wp\/v2\/product_cat?post=23939"},{"taxonomy":"product_tag","embeddable":true,"href":"https:\/\/greenkingdom.ch\/de\/wp-json\/wp\/v2\/product_tag?post=23939"}],"curies":[{"name":"wp","href":"https:\/\/api.w.org\/{rel}","templated":true}]}}