{"id":23982,"date":"2024-12-19T12:22:03","date_gmt":"2024-12-19T11:22:03","guid":{"rendered":"https:\/\/greenkingdom.ch\/product\/terra-aquatica-dualpart-bloom-5l\/"},"modified":"2025-01-02T14:25:32","modified_gmt":"2025-01-02T13:25:32","slug":"terra-aquatica-dualpart-bloom-5l","status":"publish","type":"product","link":"https:\/\/greenkingdom.ch\/de\/produkt\/terra-aquatica-dualpart-bloom-5l\/","title":{"rendered":"Terra Aquatica DualPart Bloom 5L"},"content":{"rendered":"<p><strong>Terra Aquatica DualPart Bloom \u2013 2-Komponenten-Bl\u00fchd\u00fcnger<\/strong><\/p>\n<p><strong>Terra Aquatica DualPart Bloom<\/strong> ist ein hochkonzentrierter Zweikomponentend\u00fcnger, der speziell entwickelt wurde, um die <strong>Bl\u00fcte<\/strong> und <strong>Fruchtbildung<\/strong> von Pflanzen in <strong>Hydrokulturen<\/strong>, <strong>Kokosfasern<\/strong> und <strong>Erden<\/strong> zu optimieren. Als Teil der <strong>DualPart-Reihe\u00ae<\/strong> bietet sie eine einfache und effektive Methode zur D\u00fcngung Ihrer Pflanzen mit au\u00dfergew\u00f6hnlichen Ergebnissen. <\/p>\n<ul>\n<li><strong>2-Komponenten-Formel<\/strong> : Vereinfacht das N\u00e4hrstoffmanagement und bietet gleichzeitig die perfekte Balance f\u00fcr Bl\u00fcte und Fruchtbildung.<\/li>\n<li><strong>Hochwertige Inhaltsstoffe<\/strong> : Enth\u00e4lt Mineralien, die speziell auf die Bed\u00fcrfnisse von Bl\u00fctenpflanzen abgestimmt sind.<\/li>\n<li><strong>Enthaltene Bioaktivatoren<\/strong> : Verbessern die Pflanzengesundheit, st\u00e4rken die Widerstandsf\u00e4higkeit gegen Krankheitserreger und optimieren die N\u00e4hrstoffaufnahme.<\/li>\n<li><strong>Reduzierte Internodienabst\u00e4nde<\/strong> : F\u00f6rdert ein kompakteres und robusteres Wachstum ohne den Einsatz von synthetischen Wachstumshormonen.<\/li>\n<\/ul>\n<p>Die <strong>DualPart Bloom-Formel<\/strong> wurde entwickelt, um in jeder Phase des Bl\u00fctezyklus die notwendigen N\u00e4hrstoffe zu liefern, mit spektakul\u00e4ren Ergebnissen in Bezug auf Bl\u00fctendichte und Fruchtqualit\u00e4t. In den ersten Phasen (Bewurzelung und fr\u00fches Wachstum) verwenden Sie gleiche Anteile von <strong>Wachsen<\/strong> und <strong>Bl\u00fchen<\/strong>. Dann, wenn die Bl\u00fcte beginnt, wechselst Du nach und nach zu mehr <strong>Bloom<\/strong> und weniger <strong>Grow<\/strong>. Mit <strong>DualPart Bloom<\/strong> ben\u00f6tigst Du w\u00e4hrend des gesamten Wachstumszyklus nur <strong>zwei Fl\u00e4schchen<\/strong> , im Gegensatz zu anderen 2-Komponenten-D\u00fcngern, die vier separate Fl\u00e4schchen ben\u00f6tigen (eines f\u00fcr das Wachstum und eines f\u00fcr die Bl\u00fcte). Diese Einfachheit tr\u00e4gt dazu bei, Anwendungsfehler zu reduzieren und gleichzeitig eine au\u00dfergew\u00f6hnliche Leistung zu gew\u00e4hrleisten. <strong>Terra Aquatica DualPart Bloom<\/strong> ist die ideale Wahl f\u00fcr alle, die beeindruckende Ergebnisse mit vereinfachtem N\u00e4hrstoffmanagement suchen.  <\/p>\n","protected":false},"excerpt":{"rendered":"<p>Terra Aquatica DualPart Bloom \u2013 2-Komponenten-Bl\u00fchd\u00fcnger Terra Aquatica DualPart Bloom ist ein hochkonzentrierter Zweikomponentend\u00fcnger, der speziell entwickelt wurde, um die Bl\u00fcte und Fruchtbildung von Pflanzen in Hydrokulturen, Kokosfasern und Erden zu optimieren. Als Teil der DualPart-Reihe\u00ae bietet sie eine einfache und effektive Methode zur D\u00fcngung Ihrer Pflanzen mit au\u00dfergew\u00f6hnlichen Ergebnissen. 2-Komponenten-Formel : Vereinfacht das N\u00e4hrstoffmanagement [&hellip;]<\/p>\n","protected":false},"featured_media":23972,"comment_status":"open","ping_status":"closed","template":"","meta":{"_seopress_robots_primary_cat":"none","_seopress_titles_title":"","_seopress_titles_desc":"","_seopress_robots_index":""},"product_brand":[],"product_cat":[580],"product_tag":[],"class_list":{"0":"post-23982","1":"product","2":"type-product","3":"status-publish","4":"has-post-thumbnail","6":"product_cat-terra-aquatica-de","9":"instock","10":"taxable","11":"shipping-taxable","12":"purchasable","13":"product-type-simple","14":"product-grid-view"},"_links":{"self":[{"href":"https:\/\/greenkingdom.ch\/de\/wp-json\/wp\/v2\/product\/23982","targetHints":{"allow":["GET"]}}],"collection":[{"href":"https:\/\/greenkingdom.ch\/de\/wp-json\/wp\/v2\/product"}],"about":[{"href":"https:\/\/greenkingdom.ch\/de\/wp-json\/wp\/v2\/types\/product"}],"replies":[{"embeddable":true,"href":"https:\/\/greenkingdom.ch\/de\/wp-json\/wp\/v2\/comments?post=23982"}],"version-history":[{"count":1,"href":"https:\/\/greenkingdom.ch\/de\/wp-json\/wp\/v2\/product\/23982\/revisions"}],"predecessor-version":[{"id":27142,"href":"https:\/\/greenkingdom.ch\/de\/wp-json\/wp\/v2\/product\/23982\/revisions\/27142"}],"wp:featuredmedia":[{"embeddable":true,"href":"https:\/\/greenkingdom.ch\/de\/wp-json\/wp\/v2\/media\/23972"}],"wp:attachment":[{"href":"https:\/\/greenkingdom.ch\/de\/wp-json\/wp\/v2\/media?parent=23982"}],"wp:term":[{"taxonomy":"product_brand","embeddable":true,"href":"https:\/\/greenkingdom.ch\/de\/wp-json\/wp\/v2\/product_brand?post=23982"},{"taxonomy":"product_cat","embeddable":true,"href":"https:\/\/greenkingdom.ch\/de\/wp-json\/wp\/v2\/product_cat?post=23982"},{"taxonomy":"product_tag","embeddable":true,"href":"https:\/\/greenkingdom.ch\/de\/wp-json\/wp\/v2\/product_tag?post=23982"}],"curies":[{"name":"wp","href":"https:\/\/api.w.org\/{rel}","templated":true}]}}