{"id":24068,"date":"2024-12-19T13:29:47","date_gmt":"2024-12-19T12:29:47","guid":{"rendered":"https:\/\/greenkingdom.ch\/?post_type=product&#038;p=24068"},"modified":"2025-01-02T14:25:40","modified_gmt":"2025-01-02T13:25:40","slug":"terra-aquatica-humic-5l","status":"publish","type":"product","link":"https:\/\/greenkingdom.ch\/de\/produkt\/terra-aquatica-humic-5l\/","title":{"rendered":"Terra Aquatica Humic 5L"},"content":{"rendered":"<p><strong>Terra Aquatica Humic \u2013 Premium Humins\u00e4uren f\u00fcr Pflanzen<\/strong><\/p>\n<p><strong>Terra Aquatica Humic<\/strong> ist ein hochwertiges Produkt, das reich an <strong>Humins\u00e4uren aus Holz ist<\/strong> und aus hochreinen Ligno-Humaten besteht.<strong> Diese Humins\u00e4uren sind eine 100% erneuerbare nat\u00fcrliche Quelle, die aus S\u00e4gemehl gewonnen wird und ein sauberes, r\u00fcckstandsfreies und umweltfreundliches Produkt liefert.<\/strong> <\/p>\n<ul>\n<li><strong>Hochreine Humins\u00e4uren<\/strong> : <strong>Terra Aquatica Humic<\/strong> wird mit modernster Technologie gewonnen und ist ein Produkt erneuerbaren Ursprungs, frei von R\u00fcckst\u00e4nden und v\u00f6llig nat\u00fcrlich.<\/li>\n<li><strong>Stimuliert die N\u00e4hrstoffaufnahme<\/strong> : Verbessert die D\u00fcngemitteleffizienz und f\u00f6rdert eine bessere N\u00e4hrstoffaufnahme durch die Wurzeln.<\/li>\n<li><strong>Verbessert die Bodengesundheit<\/strong> : Erh\u00f6ht die mikrobielle Aktivit\u00e4t des Bodens und st\u00e4rkt die Bodenstruktur, was zu einer besseren Bel\u00fcftung und einer erh\u00f6hten N\u00e4hrstoffspeicherung f\u00fchrt.<\/li>\n<li><strong>Optimiert den Wasserverbrauch<\/strong> : Reduziert den Wasserverbrauch, indem es die Feuchtigkeitsspeicherung und das R\u00fcckhalteverm\u00f6gen von B\u00f6den oder Substraten erh\u00f6ht.<\/li>\n<li><strong>F\u00f6rdert das Pflanzenwachstum<\/strong> : Durch die Stimulierung der biologischen Aktivit\u00e4t des Bodens und die Verbesserung der Wurzelbedingungen f\u00f6rdert dieses Produkt ein kr\u00e4ftigeres und ges\u00fcnderes Wachstum.<\/li>\n<\/ul>\n<p><strong>Terra Aquatica Humic<\/strong> wird in allen Arten von Anbau verwendet und ist eine ausgezeichnete Wahl, um die N\u00e4hrstoffeffizienz zu maximieren, die Bodenstruktur zu verbessern und robuste, gut entwickelte Pflanzen zu f\u00f6rdern. Dieses Produkt eignet sich besonders f\u00fcr kahle B\u00f6den oder Substrate, die eine Verbesserung ihrer mikrobiologischen und physikalischen Qualit\u00e4t erfordern. <\/p>\n","protected":false},"excerpt":{"rendered":"<p>Terra Aquatica Humic \u2013 Premium Humins\u00e4uren f\u00fcr Pflanzen Terra Aquatica Humic ist ein hochwertiges Produkt, das reich an Humins\u00e4uren aus Holz ist und aus hochreinen Ligno-Humaten besteht. Diese Humins\u00e4uren sind eine 100% erneuerbare nat\u00fcrliche Quelle, die aus S\u00e4gemehl gewonnen wird und ein sauberes, r\u00fcckstandsfreies und umweltfreundliches Produkt liefert. Hochreine Humins\u00e4uren : Terra Aquatica Humic wird [&hellip;]<\/p>\n","protected":false},"featured_media":24060,"comment_status":"open","ping_status":"closed","template":"","meta":{"_seopress_robots_primary_cat":"none","_seopress_titles_title":"","_seopress_titles_desc":"","_seopress_robots_index":""},"product_brand":[],"product_cat":[580],"product_tag":[],"class_list":{"0":"post-24068","1":"product","2":"type-product","3":"status-publish","4":"has-post-thumbnail","6":"product_cat-terra-aquatica-de","9":"instock","10":"taxable","11":"shipping-taxable","12":"purchasable","13":"product-type-simple","14":"product-grid-view"},"_links":{"self":[{"href":"https:\/\/greenkingdom.ch\/de\/wp-json\/wp\/v2\/product\/24068","targetHints":{"allow":["GET"]}}],"collection":[{"href":"https:\/\/greenkingdom.ch\/de\/wp-json\/wp\/v2\/product"}],"about":[{"href":"https:\/\/greenkingdom.ch\/de\/wp-json\/wp\/v2\/types\/product"}],"replies":[{"embeddable":true,"href":"https:\/\/greenkingdom.ch\/de\/wp-json\/wp\/v2\/comments?post=24068"}],"version-history":[{"count":3,"href":"https:\/\/greenkingdom.ch\/de\/wp-json\/wp\/v2\/product\/24068\/revisions"}],"predecessor-version":[{"id":27150,"href":"https:\/\/greenkingdom.ch\/de\/wp-json\/wp\/v2\/product\/24068\/revisions\/27150"}],"wp:featuredmedia":[{"embeddable":true,"href":"https:\/\/greenkingdom.ch\/de\/wp-json\/wp\/v2\/media\/24060"}],"wp:attachment":[{"href":"https:\/\/greenkingdom.ch\/de\/wp-json\/wp\/v2\/media?parent=24068"}],"wp:term":[{"taxonomy":"product_brand","embeddable":true,"href":"https:\/\/greenkingdom.ch\/de\/wp-json\/wp\/v2\/product_brand?post=24068"},{"taxonomy":"product_cat","embeddable":true,"href":"https:\/\/greenkingdom.ch\/de\/wp-json\/wp\/v2\/product_cat?post=24068"},{"taxonomy":"product_tag","embeddable":true,"href":"https:\/\/greenkingdom.ch\/de\/wp-json\/wp\/v2\/product_tag?post=24068"}],"curies":[{"name":"wp","href":"https:\/\/api.w.org\/{rel}","templated":true}]}}