{"id":24093,"date":"2024-12-19T13:35:03","date_gmt":"2024-12-19T12:35:03","guid":{"rendered":"https:\/\/greenkingdom.ch\/?post_type=product&#038;p=24093"},"modified":"2025-01-02T14:25:48","modified_gmt":"2025-01-02T13:25:48","slug":"terra-aquatica-novamax-grow-5l","status":"publish","type":"product","link":"https:\/\/greenkingdom.ch\/de\/produkt\/terra-aquatica-novamax-grow-5l\/","title":{"rendered":"Terra Aquatica NovaMax Grow 5L"},"content":{"rendered":"<p><strong>Terra Aquatica NovaMax Grow \u2013 Superkonzentrierter Fl\u00fcssigd\u00fcnger 1 Teil<\/strong><\/p>\n<p><strong>Terra Aquatica NovaMax Grow<\/strong> ist ein hochkonzentrierter Fl\u00fcssigd\u00fcnger, der f\u00fcr die <strong>vegetative Phase<\/strong> von <strong>Hydrokulturen<\/strong>, <strong>Kokosfasern<\/strong> und <strong>Erdpflanzen<\/strong> entwickelt wurde. Dieses revolution\u00e4re Produkt bietet eine <strong>1-Komponenten-Formel<\/strong> , die die Kraft eines trockenen Konzentrats mit der Einfachheit einer Fl\u00fcssigkeit kombiniert und gleichzeitig ein gesundes, robustes Wachstum gew\u00e4hrleistet. <\/p>\n<ul>\n<li><strong>Superkonzentrierter Fl\u00fcssigd\u00fcnger<\/strong> : NovaMax ist einer der konzentriertesten D\u00fcngemittel auf dem Markt und erfordert eine sehr geringe Menge, um optimale Ergebnisse zu erzielen.<\/li>\n<li><strong>Fortschrittliche Technologie<\/strong> : Mit der patentierten <strong>Technologie<\/strong> kombiniert NovaMax hochreine Mineralien und nat\u00fcrliche Huminextrakte f\u00fcr maximale Absorption und ideales vegetatives Wachstum.<\/li>\n<li><strong>1-Komponenten-Formel<\/strong> : Im Gegensatz zu anderen D\u00fcngemitteln, die mehrere Komponenten erfordern, bietet NovaMax eine vereinfachte L\u00f6sung mit einer einzigen Flasche f\u00fcr die Wachstumsphase, ohne dass zus\u00e4tzliche CalMag-Zus\u00e4tze oder Spurenelemente hinzugef\u00fcgt werden m\u00fcssen.<\/li>\n<li><strong>Geeignet f\u00fcr alle Pflanzenarten<\/strong> : Ob f\u00fcr Hydrokultur, Kokos oder Erde, NovaMax passt sich allen Anbaubedingungen und einer Vielzahl von Pflanzen an.<\/li>\n<li><strong>Maximale Wirksamkeit bei geringer Menge<\/strong> : Eine kleine Dosis gen\u00fcgt, wodurch der Einsatz von NovaMax sowohl wirtschaftlich als auch effektiv wird.<\/li>\n<\/ul>\n<p>Mit <strong>NovaMax Grow<\/strong> erh\u00e4ltst Du eine einfache, konzentrierte und leistungsstarke D\u00fcngel\u00f6sung, die ideal ist, um ein gesundes und kr\u00e4ftiges Wachstum Deiner Pflanzen zu stimulieren und gleichzeitig Dein N\u00e4hrstoffmanagement zu vereinfachen.<\/p>\n","protected":false},"excerpt":{"rendered":"<p>Terra Aquatica NovaMax Grow \u2013 Superkonzentrierter Fl\u00fcssigd\u00fcnger 1 Teil Terra Aquatica NovaMax Grow ist ein hochkonzentrierter Fl\u00fcssigd\u00fcnger, der f\u00fcr die vegetative Phase von Hydrokulturen, Kokosfasern und Erdpflanzen entwickelt wurde. Dieses revolution\u00e4re Produkt bietet eine 1-Komponenten-Formel , die die Kraft eines trockenen Konzentrats mit der Einfachheit einer Fl\u00fcssigkeit kombiniert und gleichzeitig ein gesundes, robustes Wachstum gew\u00e4hrleistet. [&hellip;]<\/p>\n","protected":false},"featured_media":24082,"comment_status":"open","ping_status":"closed","template":"","meta":{"_seopress_robots_primary_cat":"none","_seopress_titles_title":"","_seopress_titles_desc":"","_seopress_robots_index":""},"product_brand":[],"product_cat":[580],"product_tag":[],"class_list":{"0":"post-24093","1":"product","2":"type-product","3":"status-publish","4":"has-post-thumbnail","6":"product_cat-terra-aquatica-de","9":"instock","10":"taxable","11":"shipping-taxable","12":"purchasable","13":"product-type-simple","14":"product-grid-view"},"_links":{"self":[{"href":"https:\/\/greenkingdom.ch\/de\/wp-json\/wp\/v2\/product\/24093","targetHints":{"allow":["GET"]}}],"collection":[{"href":"https:\/\/greenkingdom.ch\/de\/wp-json\/wp\/v2\/product"}],"about":[{"href":"https:\/\/greenkingdom.ch\/de\/wp-json\/wp\/v2\/types\/product"}],"replies":[{"embeddable":true,"href":"https:\/\/greenkingdom.ch\/de\/wp-json\/wp\/v2\/comments?post=24093"}],"version-history":[{"count":3,"href":"https:\/\/greenkingdom.ch\/de\/wp-json\/wp\/v2\/product\/24093\/revisions"}],"predecessor-version":[{"id":27162,"href":"https:\/\/greenkingdom.ch\/de\/wp-json\/wp\/v2\/product\/24093\/revisions\/27162"}],"wp:featuredmedia":[{"embeddable":true,"href":"https:\/\/greenkingdom.ch\/de\/wp-json\/wp\/v2\/media\/24082"}],"wp:attachment":[{"href":"https:\/\/greenkingdom.ch\/de\/wp-json\/wp\/v2\/media?parent=24093"}],"wp:term":[{"taxonomy":"product_brand","embeddable":true,"href":"https:\/\/greenkingdom.ch\/de\/wp-json\/wp\/v2\/product_brand?post=24093"},{"taxonomy":"product_cat","embeddable":true,"href":"https:\/\/greenkingdom.ch\/de\/wp-json\/wp\/v2\/product_cat?post=24093"},{"taxonomy":"product_tag","embeddable":true,"href":"https:\/\/greenkingdom.ch\/de\/wp-json\/wp\/v2\/product_tag?post=24093"}],"curies":[{"name":"wp","href":"https:\/\/api.w.org\/{rel}","templated":true}]}}