{"id":24111,"date":"2024-12-19T13:37:13","date_gmt":"2024-12-19T12:37:13","guid":{"rendered":"https:\/\/greenkingdom.ch\/product\/terra-aquatica-novamax-bloom-1l\/"},"modified":"2025-01-02T14:25:46","modified_gmt":"2025-01-02T13:25:46","slug":"terra-aquatica-novamax-bloom-1l","status":"publish","type":"product","link":"https:\/\/greenkingdom.ch\/de\/produkt\/terra-aquatica-novamax-bloom-1l\/","title":{"rendered":"Terra Aquatica NovaMax Bloom 1L"},"content":{"rendered":"<p><strong>Terra Aquatica NovaMax Bloom \u2013 Superkonzentrierter Fl\u00fcssigd\u00fcnger 1 Teil<\/strong><\/p>\n<p><strong>Terra Aquatica NovaMax Bloom<\/strong> ist ein hochkonzentrierter Fl\u00fcssigd\u00fcnger, der speziell f\u00fcr <strong>die Bl\u00fcte<\/strong> entwickelt wurde. NovaMax Bloom eignet sich f\u00fcr <strong>Hydrokultur<\/strong>, <strong>Kokosfasern<\/strong> oder <strong>Erde<\/strong> und bietet eine vereinfachte L\u00f6sung, um die Bl\u00fcten- und Fruchtproduktion zu maximieren und gleichzeitig eine optimale N\u00e4hrstoffaufnahme zu gew\u00e4hrleisten. <\/p>\n<ul>\n<li><strong>Ultrakonzentrierter Fl\u00fcssigd\u00fcnger<\/strong> : NovaMax Bloom ist einer der konzentriertesten D\u00fcngemittel auf dem Markt, der es Ihnen erm\u00f6glicht, die Effizienz zu maximieren und gleichzeitig geringe Produktmengen zu verwenden.<\/li>\n<li><strong>1-Komponenten-Formel<\/strong> : Mit seiner <strong>patentierten Technologie<\/strong> kombiniert NovaMax Bloom die Kraft eines trockenen Konzentrats mit der Leichtigkeit einer Fl\u00fcssigkeit und bietet Ihnen eine einzige L\u00f6sung f\u00fcr die Bl\u00fcte, ohne dass CalMag-Erg\u00e4nzungen oder zus\u00e4tzliche Spurenelemente erforderlich sind.<\/li>\n<li><strong>Geeignet f\u00fcr alle Arten des Anbaus<\/strong> : Egal, ob Du Hydrokultur, Kokos oder Erde anbaust, NovaMax Bloom passt sich perfekt an jedes Anbausystem an und liefert gleichzeitig die essentiellen N\u00e4hrstoffe f\u00fcr die Bl\u00fcte.<\/li>\n<li><strong>Enth\u00e4lt hochreine Mineralien und Huminextrakte<\/strong> : Diese nat\u00fcrlichen Inhaltsstoffe erm\u00f6glichen eine bessere N\u00e4hrstoffaufnahme und eine reichhaltigere und qualitativ hochwertigere Bl\u00fcte.<\/li>\n<li><strong>Maximale Effizienz bei geringer Menge<\/strong> : Eine kleine Menge des Produkts reicht f\u00fcr au\u00dfergew\u00f6hnliche Ergebnisse aus und bietet eine kosteng\u00fcnstige und effektive L\u00f6sung f\u00fcr die Bl\u00fcte.<\/li>\n<\/ul>\n<p>Mit <strong>NovaMax Bloom<\/strong> garantieren Sie Ihren Pflanzen eine spektakul\u00e4re Bl\u00fctezeit und ein optimales Wachstum und vereinfachen gleichzeitig das N\u00e4hrstoffmanagement dank seiner fortschrittlichen und konzentrierten Formel.<\/p>\n","protected":false},"excerpt":{"rendered":"<p>Terra Aquatica NovaMax Bloom \u2013 Superkonzentrierter Fl\u00fcssigd\u00fcnger 1 Teil Terra Aquatica NovaMax Bloom ist ein hochkonzentrierter Fl\u00fcssigd\u00fcnger, der speziell f\u00fcr die Bl\u00fcte entwickelt wurde. NovaMax Bloom eignet sich f\u00fcr Hydrokultur, Kokosfasern oder Erde und bietet eine vereinfachte L\u00f6sung, um die Bl\u00fcten- und Fruchtproduktion zu maximieren und gleichzeitig eine optimale N\u00e4hrstoffaufnahme zu gew\u00e4hrleisten. Ultrakonzentrierter Fl\u00fcssigd\u00fcnger : [&hellip;]<\/p>\n","protected":false},"featured_media":24107,"comment_status":"open","ping_status":"closed","template":"","meta":{"_seopress_robots_primary_cat":"none","_seopress_titles_title":"","_seopress_titles_desc":"","_seopress_robots_index":""},"product_brand":[],"product_cat":[580],"product_tag":[],"class_list":{"0":"post-24111","1":"product","2":"type-product","3":"status-publish","4":"has-post-thumbnail","6":"product_cat-terra-aquatica-de","9":"instock","10":"taxable","11":"shipping-taxable","12":"purchasable","13":"product-type-simple","14":"product-grid-view"},"_links":{"self":[{"href":"https:\/\/greenkingdom.ch\/de\/wp-json\/wp\/v2\/product\/24111","targetHints":{"allow":["GET"]}}],"collection":[{"href":"https:\/\/greenkingdom.ch\/de\/wp-json\/wp\/v2\/product"}],"about":[{"href":"https:\/\/greenkingdom.ch\/de\/wp-json\/wp\/v2\/types\/product"}],"replies":[{"embeddable":true,"href":"https:\/\/greenkingdom.ch\/de\/wp-json\/wp\/v2\/comments?post=24111"}],"version-history":[{"count":2,"href":"https:\/\/greenkingdom.ch\/de\/wp-json\/wp\/v2\/product\/24111\/revisions"}],"predecessor-version":[{"id":27159,"href":"https:\/\/greenkingdom.ch\/de\/wp-json\/wp\/v2\/product\/24111\/revisions\/27159"}],"wp:featuredmedia":[{"embeddable":true,"href":"https:\/\/greenkingdom.ch\/de\/wp-json\/wp\/v2\/media\/24107"}],"wp:attachment":[{"href":"https:\/\/greenkingdom.ch\/de\/wp-json\/wp\/v2\/media?parent=24111"}],"wp:term":[{"taxonomy":"product_brand","embeddable":true,"href":"https:\/\/greenkingdom.ch\/de\/wp-json\/wp\/v2\/product_brand?post=24111"},{"taxonomy":"product_cat","embeddable":true,"href":"https:\/\/greenkingdom.ch\/de\/wp-json\/wp\/v2\/product_cat?post=24111"},{"taxonomy":"product_tag","embeddable":true,"href":"https:\/\/greenkingdom.ch\/de\/wp-json\/wp\/v2\/product_tag?post=24111"}],"curies":[{"name":"wp","href":"https:\/\/api.w.org\/{rel}","templated":true}]}}