{"id":24136,"date":"2024-12-19T13:40:52","date_gmt":"2024-12-19T12:40:52","guid":{"rendered":"https:\/\/greenkingdom.ch\/product\/terra-aquatica-oligo-spectrum-1l\/"},"modified":"2025-01-02T14:25:55","modified_gmt":"2025-01-02T13:25:55","slug":"terra-aquatica-oligo-spectrum-10l","status":"publish","type":"product","link":"https:\/\/greenkingdom.ch\/de\/produkt\/terra-aquatica-oligo-spectrum-10l\/","title":{"rendered":"Terra Aquatica Oligo Spectrum 10L"},"content":{"rendered":"<p><strong>Terra Aquatica Oligo Spectrum \u2013 Komplette Mischung aus Mikro- und Submikroelementen<\/strong><\/p>\n<p><strong>Terra Aquatica Oligo Spectrum<\/strong> ist ein <strong>einzigartiges Produkt<\/strong> , das eine <strong>vollst\u00e4ndige Palette von Mikroelementen und Submikroelementen<\/strong> bietet, die f\u00fcr die Gesundheit und das Wachstum der Pflanzen unerl\u00e4sslich sind. Es enth\u00e4lt auch einen <strong>organischen pH-Stabilisator<\/strong>, was es zu einer unverzichtbaren Erg\u00e4nzung f\u00fcr <strong>Boden<\/strong>-, <strong>Hydrokultur<\/strong> &#8211; und sogar <strong>Aquaponik-Anbausysteme<\/strong> macht. <\/p>\n<ul>\n<li><strong>Vollst\u00e4ndige Formulierung<\/strong> : Oligo Spectrum enth\u00e4lt eine <strong>vollst\u00e4ndige Palette von Mikroelementen<\/strong>, die f\u00fcr eine bessere Absorption und Stabilit\u00e4t chelatisiert sind. Diese Elemente sind entscheidend, um das Wachstum zu stimulieren und die Widerstandsf\u00e4higkeit der Pflanzen gegen Sch\u00e4dlinge und Krankheiten zu st\u00e4rken. <\/li>\n<li><strong>Zusatzanwendung<\/strong> : Dieses Produkt kann als Erg\u00e4nzung zu Standard-N\u00e4hrl\u00f6sungen verwendet werden, wenn spezifische M\u00e4ngel festgestellt werden, oder um die Ergebnisse bei konkurrierenden Endprodukten zu verbessern, die m\u00f6glicherweise unvollst\u00e4ndig sind.<\/li>\n<li><strong>Ideal f\u00fcr Aquaponik<\/strong> : Aufgrund seiner Formulierung kann Oligo Spectrum als <strong>Blattspray<\/strong> oder in Bew\u00e4sserungswasser verwendet werden, ohne dass das Risiko besteht, dass dem Wasser Metalle zugesetzt werden, was in der Aquaponik unerl\u00e4sslich ist, wo die Zugabe von Mineralien das Gleichgewicht des aquatischen \u00d6kosystems st\u00f6ren kann.<\/li>\n<li><strong>Unterst\u00fctzt die Pflanzengesundheit<\/strong> : Labortests haben gezeigt, dass die Zugabe von Mikro- und Submikroelementen die Gesundheit der Pflanzen, ihre F\u00e4higkeit, Umwelteinfl\u00fcssen standzuhalten, und ihre F\u00e4higkeit, andere N\u00e4hrstoffe aufzunehmen, erheblich verbessert.<\/li>\n<li><strong>Entspricht den Bio-Standards<\/strong> : Alle Bestandteile von Oligo Spectrum entsprechen den europ\u00e4ischen Vorschriften f\u00fcr den \u00f6kologischen Landbau und gew\u00e4hrleisten so ein sicheres und nat\u00fcrliches Produkt.<\/li>\n<\/ul>\n<p><strong>Terra Aquatica Oligo Spectrum<\/strong> ist daher ein wertvolles Produkt zur Erg\u00e4nzung von Spurenelementm\u00e4ngeln und zur Optimierung des Pflanzenwachstums und der Bl\u00fcte. Ob in <strong>Hydrokultur<\/strong>, <strong>Erde<\/strong> oder <strong>Aquaponik<\/strong>, es hilft Ihren Pflanzen, ihr volles Potenzial auszusch\u00f6pfen und gleichzeitig nachhaltige Anbaumethoden einzuhalten. <\/p>\n","protected":false},"excerpt":{"rendered":"<p>Terra Aquatica Oligo Spectrum \u2013 Komplette Mischung aus Mikro- und Submikroelementen Terra Aquatica Oligo Spectrum ist ein einzigartiges Produkt , das eine vollst\u00e4ndige Palette von Mikroelementen und Submikroelementen bietet, die f\u00fcr die Gesundheit und das Wachstum der Pflanzen unerl\u00e4sslich sind. Es enth\u00e4lt auch einen organischen pH-Stabilisator, was es zu einer unverzichtbaren Erg\u00e4nzung f\u00fcr Boden-, Hydrokultur [&hellip;]<\/p>\n","protected":false},"featured_media":24132,"comment_status":"open","ping_status":"closed","template":"","meta":{"_seopress_robots_primary_cat":"none","_seopress_titles_title":"","_seopress_titles_desc":"","_seopress_robots_index":""},"product_brand":[],"product_cat":[580],"product_tag":[],"class_list":{"0":"post-24136","1":"product","2":"type-product","3":"status-publish","4":"has-post-thumbnail","6":"product_cat-terra-aquatica-de","9":"instock","10":"taxable","11":"shipping-taxable","12":"purchasable","13":"product-type-simple","14":"product-grid-view"},"_links":{"self":[{"href":"https:\/\/greenkingdom.ch\/de\/wp-json\/wp\/v2\/product\/24136","targetHints":{"allow":["GET"]}}],"collection":[{"href":"https:\/\/greenkingdom.ch\/de\/wp-json\/wp\/v2\/product"}],"about":[{"href":"https:\/\/greenkingdom.ch\/de\/wp-json\/wp\/v2\/types\/product"}],"replies":[{"embeddable":true,"href":"https:\/\/greenkingdom.ch\/de\/wp-json\/wp\/v2\/comments?post=24136"}],"version-history":[{"count":4,"href":"https:\/\/greenkingdom.ch\/de\/wp-json\/wp\/v2\/product\/24136\/revisions"}],"predecessor-version":[{"id":27170,"href":"https:\/\/greenkingdom.ch\/de\/wp-json\/wp\/v2\/product\/24136\/revisions\/27170"}],"wp:featuredmedia":[{"embeddable":true,"href":"https:\/\/greenkingdom.ch\/de\/wp-json\/wp\/v2\/media\/24132"}],"wp:attachment":[{"href":"https:\/\/greenkingdom.ch\/de\/wp-json\/wp\/v2\/media?parent=24136"}],"wp:term":[{"taxonomy":"product_brand","embeddable":true,"href":"https:\/\/greenkingdom.ch\/de\/wp-json\/wp\/v2\/product_brand?post=24136"},{"taxonomy":"product_cat","embeddable":true,"href":"https:\/\/greenkingdom.ch\/de\/wp-json\/wp\/v2\/product_cat?post=24136"},{"taxonomy":"product_tag","embeddable":true,"href":"https:\/\/greenkingdom.ch\/de\/wp-json\/wp\/v2\/product_tag?post=24136"}],"curies":[{"name":"wp","href":"https:\/\/api.w.org\/{rel}","templated":true}]}}