{"id":24166,"date":"2024-12-19T13:47:16","date_gmt":"2024-12-19T12:47:16","guid":{"rendered":"https:\/\/greenkingdom.ch\/?post_type=product&#038;p=24166"},"modified":"2025-01-02T14:25:56","modified_gmt":"2025-01-02T13:25:56","slug":"terra-aquatica-pro-organic-grow-5l","status":"publish","type":"product","link":"https:\/\/greenkingdom.ch\/de\/produkt\/terra-aquatica-pro-organic-grow-5l\/","title":{"rendered":"Terra Aquatica Pro Organic Grow 5L"},"content":{"rendered":"<p><strong>Terra Aquatica Pro Organic Grow \u2013 100% organischer Fl\u00fcssigd\u00fcnger<\/strong><\/p>\n<p><strong>Terra Aquatica Pro Organic Grow<\/strong> ist ein <strong>hochkonzentrierter Fl\u00fcssigd\u00fcnger<\/strong> in einem Teil, der <strong>zu 100 % biologisch<\/strong> formuliert und f\u00fcr den Einsatz im \u00f6kologischen Landbau zertifiziert ist. Dieser D\u00fcnger wurde 2004 entwickelt und ist auf der ganzen Welt weit verbreitet, auch von kommerziellen Farmen und <strong>vertrauensw\u00fcrdigen Partnern wie Les Sourciers<\/strong>. <\/p>\n<h3>Die wichtigsten Punkte von <strong>Pro Organic Grow<\/strong> :<\/h3>\n<ul>\n<li><strong>100% biologisch und zertifiziert<\/strong> : Dieses Produkt ist eines der wenigen, das f\u00fcr den biologischen Anbau zertifiziert ist und eine ausgewogene und umweltfreundliche Ern\u00e4hrungsl\u00f6sung f\u00fcr Ihre Pflanzen bietet. Es ist perfekt f\u00fcr diejenigen, die nach einer effektiven biologischen Alternative f\u00fcr ihren Anbau suchen. <\/li>\n<li><strong>Einzigartige Formulierung<\/strong> : Pro Organic wurde entwickelt, um Pflanzen in allen Phasen ihres Wachstumszyklus zu n\u00e4hren \u2013 vom <strong>vegetativen Wachstum<\/strong> \u00fcber die <strong>Bl\u00fcte<\/strong> bis hin zur <strong>Fruchtbildung<\/strong>. Seine Zusammensetzung sorgt f\u00fcr eine vollst\u00e4ndige, ausgewogene und effektive Ern\u00e4hrung. <\/li>\n<li><strong>Optimiert die Wurzelzone<\/strong> : Dieser D\u00fcnger enth\u00e4lt n\u00fctzliche Bakterien, die in Symbiose mit den Pflanzenwurzeln arbeiten und eine bessere N\u00e4hrstoffaufnahme f\u00f6rdern. Dies stimuliert ein kr\u00e4ftiges Wachstum und eine qualitativ hochwertige Bl\u00fcte und st\u00e4rkt gleichzeitig die Widerstandsf\u00e4higkeit der Pflanzen gegen Umwelteinfl\u00fcsse. <\/li>\n<li><strong>Vielseitig einsetzbar<\/strong> : <strong>Pro Organic Grow<\/strong> ist so konzipiert, dass es auf allen Arten von Substraten verwendet werden kann: ob in <strong>Hydrokultur<\/strong>, <strong>Erde<\/strong> oder <strong>Kokosfasern<\/strong>, es ist sehr effektiv. Es kann allein verwendet werden, ohne dass andere Nahrungserg\u00e4nzungsmittel erforderlich sind, um gesunde und \u00fcppige Ernten zu erzielen. <\/li>\n<li><strong>Optimale L\u00f6slichkeit<\/strong> : Der D\u00fcnger ist vollst\u00e4ndig l\u00f6slich und daher mit automatischen Bew\u00e4sserungssystemen, Tropfbew\u00e4sserung sowie herk\u00f6mmlicher manueller Bew\u00e4sserung kompatibel.<\/li>\n<li><strong>Geeignet f\u00fcr die Bioponik<\/strong> : <strong>Pro Organic Grow<\/strong> ist der einzige D\u00fcnger auf dem Markt, der f\u00fcr <strong>die Bioponik<\/strong> zertifiziert ist, ein System, das Hydrokultur mit biologischen Techniken kombiniert, bei denen die Wurzeln ohne Substrat der Luft ausgesetzt sind. Dies macht sie ideal f\u00fcr wurzelnackte oder rezirkulierende Pflanzen. <\/li>\n<\/ul>\n<h3>Empfehlungen:<\/h3>\n<ul>\n<li><strong>S\u00fc\u00dfwasser- oder Kokosfasern<\/strong> : F\u00fcr <strong>S\u00fc\u00dfwasser<\/strong> &#8211; oder <strong>Kokosfasern<\/strong> kann ein Kalzium- <strong>und Magnesiumpr\u00e4parat<\/strong> erforderlich sein. Es wird empfohlen, <strong>GHE Calcium Magnesium Supplement<\/strong> zu verwenden, um diesen Bedarf zu decken. <\/li>\n<\/ul>\n<h3>N\u00fctzt:<\/h3>\n<ul>\n<li><strong>Profitieren Sie von einer vollst\u00e4ndigen Ern\u00e4hrung<\/strong> : <strong>Pro Organic Grow<\/strong> ist ein vollst\u00e4ndiger, in sich geschlossener D\u00fcnger, der alles bietet, was Pflanzen f\u00fcr ein optimales Wachstum ben\u00f6tigen, ohne dass zus\u00e4tzliche Zusatzstoffe erforderlich sind.<\/li>\n<li><strong>Geeignet f\u00fcr alle Arten von Pflanzen<\/strong> : Ihre Vielseitigkeit und Effizienz machen sie zur perfekten Wahl f\u00fcr Hobbyg\u00e4rtner und professionelle Z\u00fcchter gleicherma\u00dfen.<\/li>\n<li><strong>Respekt f\u00fcr die Umwelt<\/strong> : Als 100% biologisches Produkt respektiert es \u00f6kologische Prinzipien und f\u00f6rdert einen nachhaltigen Anbau, w\u00e4hrend gleichzeitig die Gesundheit des Bodens und der Umwelt erhalten bleibt.<\/li>\n<\/ul>\n<h3>Kurz gesagt:<\/h3>\n<p><strong>Terra Aquatica Pro Organic Grow<\/strong> ist ein hochwirksamer Fl\u00fcssigd\u00fcnger, der einfach anzuwenden ist und f\u00fcr jede Art von Kultur geeignet ist. Es sorgt f\u00fcr eine vollst\u00e4ndige und biologische Ern\u00e4hrung, verbessert die Wurzelzone der Pflanzen und garantiert \u00fcppige und gesunde Ernten, wobei die Umwelt respektiert wird. Eine perfekte Wahl f\u00fcr Bio-Grower, insbesondere f\u00fcr Anbausysteme wie Hydrokultur und Bioponik.  <\/p>\n","protected":false},"excerpt":{"rendered":"<p>Terra Aquatica Pro Organic Grow \u2013 100% organischer Fl\u00fcssigd\u00fcnger Terra Aquatica Pro Organic Grow ist ein hochkonzentrierter Fl\u00fcssigd\u00fcnger in einem Teil, der zu 100 % biologisch formuliert und f\u00fcr den Einsatz im \u00f6kologischen Landbau zertifiziert ist. Dieser D\u00fcnger wurde 2004 entwickelt und ist auf der ganzen Welt weit verbreitet, auch von kommerziellen Farmen und vertrauensw\u00fcrdigen [&hellip;]<\/p>\n","protected":false},"featured_media":24155,"comment_status":"open","ping_status":"closed","template":"","meta":{"_seopress_robots_primary_cat":"none","_seopress_titles_title":"","_seopress_titles_desc":"","_seopress_robots_index":""},"product_brand":[],"product_cat":[580],"product_tag":[],"class_list":{"0":"post-24166","1":"product","2":"type-product","3":"status-publish","4":"has-post-thumbnail","6":"product_cat-terra-aquatica-de","9":"instock","10":"taxable","11":"shipping-taxable","12":"purchasable","13":"product-type-simple","14":"product-grid-view"},"_links":{"self":[{"href":"https:\/\/greenkingdom.ch\/de\/wp-json\/wp\/v2\/product\/24166","targetHints":{"allow":["GET"]}}],"collection":[{"href":"https:\/\/greenkingdom.ch\/de\/wp-json\/wp\/v2\/product"}],"about":[{"href":"https:\/\/greenkingdom.ch\/de\/wp-json\/wp\/v2\/types\/product"}],"replies":[{"embeddable":true,"href":"https:\/\/greenkingdom.ch\/de\/wp-json\/wp\/v2\/comments?post=24166"}],"version-history":[{"count":3,"href":"https:\/\/greenkingdom.ch\/de\/wp-json\/wp\/v2\/product\/24166\/revisions"}],"predecessor-version":[{"id":27173,"href":"https:\/\/greenkingdom.ch\/de\/wp-json\/wp\/v2\/product\/24166\/revisions\/27173"}],"wp:featuredmedia":[{"embeddable":true,"href":"https:\/\/greenkingdom.ch\/de\/wp-json\/wp\/v2\/media\/24155"}],"wp:attachment":[{"href":"https:\/\/greenkingdom.ch\/de\/wp-json\/wp\/v2\/media?parent=24166"}],"wp:term":[{"taxonomy":"product_brand","embeddable":true,"href":"https:\/\/greenkingdom.ch\/de\/wp-json\/wp\/v2\/product_brand?post=24166"},{"taxonomy":"product_cat","embeddable":true,"href":"https:\/\/greenkingdom.ch\/de\/wp-json\/wp\/v2\/product_cat?post=24166"},{"taxonomy":"product_tag","embeddable":true,"href":"https:\/\/greenkingdom.ch\/de\/wp-json\/wp\/v2\/product_tag?post=24166"}],"curies":[{"name":"wp","href":"https:\/\/api.w.org\/{rel}","templated":true}]}}