{"id":24191,"date":"2024-12-19T13:51:44","date_gmt":"2024-12-19T12:51:44","guid":{"rendered":"https:\/\/greenkingdom.ch\/?post_type=product&#038;p=24191"},"modified":"2025-01-02T14:18:29","modified_gmt":"2025-01-02T13:18:29","slug":"terra-aquatica-pro-organic-bloom-5l","status":"publish","type":"product","link":"https:\/\/greenkingdom.ch\/de\/produkt\/terra-aquatica-pro-organic-bloom-5l\/","title":{"rendered":"Terra Aquatica Pro Organic Bloom 5L"},"content":{"rendered":"<p><strong>Terra Aquatica Pro Organic Bloom \u2013 100% organischer Fl\u00fcssigd\u00fcnger<\/strong><\/p>\n<p><strong>Terra Aquatica Pro Organic Bloom<\/strong> ist ein <strong>hochkonzentrierter Fl\u00fcssigd\u00fcnger<\/strong> in <strong>einem Teil<\/strong>, vollst\u00e4ndig <strong>biologisch<\/strong> und f\u00fcr den biologischen Anbau zertifiziert. Es wurde 2004 entwickelt und wird erfolgreich von kommerziellen Unternehmen auf der ganzen Welt eingesetzt, darunter auch von Partnern wie <strong>Les Sourciers<\/strong>. <\/p>\n<h3>Die wichtigsten Punkte von <strong>Pro Organic Bloom<\/strong> :<\/h3>\n<ul>\n<li><strong>100% biologisch und zertifiziert<\/strong> : Dieser D\u00fcnger ist einer der wenigen auf dem Markt, der <strong>f\u00fcr den \u00f6kologischen Landbau zertifiziert<\/strong> ist und so konzipiert ist, dass er die Ern\u00e4hrungsbed\u00fcrfnisse von Pflanzen in allen Phasen ihrer Entwicklung erf\u00fcllt, vom <strong>Wachstum \u00fcber die Bl\u00fcte bis hin zur Fruchtbildung<\/strong>.<\/li>\n<li><strong>Optimale Formulierung f\u00fcr die Bl\u00fcte<\/strong> : Pro Organic Bloom wurde speziell entwickelt, um <strong>die Bl\u00fcte<\/strong> und <strong>Fruchtbildung<\/strong> zu f\u00f6rdern. Es bietet eine vollst\u00e4ndige Ern\u00e4hrung f\u00fcr reichlich vorhandene und qualitativ hochwertige Blumen unter Ber\u00fccksichtigung \u00f6kologischer Prinzipien, die ein gesundes und nachhaltiges Wachstum f\u00f6rdern. <\/li>\n<li><strong>Verbesserung der Wurzelzone<\/strong> : Der D\u00fcnger stimuliert die <strong>Mikrobiologie des Bodens<\/strong> , indem er n\u00fctzliche Bakterien liefert, die in Symbiose mit den Wurzeln der Pflanzen arbeiten. Dies verbessert die N\u00e4hrstoffaufnahme und bietet ein optimales Umfeld f\u00fcr <strong>eine kr\u00e4ftige Bl\u00fcte<\/strong> und <strong>\u00fcppige Fruchtbildung<\/strong>. <\/li>\n<li><strong>Ein vollst\u00e4ndiges und in sich geschlossenes Produkt<\/strong> : Pro Organic Bloom ist so konzipiert, dass es allein verwendet werden kann, ohne dass zus\u00e4tzliche Zus\u00e4tze erforderlich sind. Sie ben\u00f6tigen keine anderen Produkte, um au\u00dfergew\u00f6hnliche Ergebnisse zu erzielen, selbst wenn Sie verschiedene Arten von Substraten verwenden. <\/li>\n<li><strong>Perfekte L\u00f6slichkeit<\/strong> : Dieser D\u00fcnger ist <strong>sehr gut l\u00f6slich<\/strong> und eignet sich daher sowohl f\u00fcr automatische Bew\u00e4sserungssysteme, Tropfbew\u00e4sserung als auch f\u00fcr herk\u00f6mmliche manuelle Bew\u00e4sserung. Es ist auch perfekt kompatibel mit <strong>bioponischen<\/strong> Kulturen (organische Hydrokultur mit nackten Wurzeln und Rezirkulation). <\/li>\n<li><strong>Geeignet f\u00fcr alle Substrate<\/strong> : Egal, ob Du in <strong>Erde<\/strong>, <strong>Kokosfasern<\/strong> oder <strong>Hydrokulturen<\/strong> anbaust, <strong>Pro Organic Bloom<\/strong> ist so formuliert, dass sie auf allen Arten von Substraten verwendet werden kann und eine vollst\u00e4ndige und ausgewogene Ern\u00e4hrung gew\u00e4hrleistet.<\/li>\n<\/ul>\n<h3>Empfehlungen:<\/h3>\n<ul>\n<li><strong>S\u00fc\u00dfwasser- oder Kokosfasern:<\/strong> Wenn Sie in <strong>S\u00fc\u00dfwasser<\/strong> oder <strong>Kokosfasern<\/strong> anbauen, kann ein Kalzium- <strong>und Magnesiumpr\u00e4parat<\/strong> erforderlich sein, um optimale Ergebnisse zu erzielen. In diesem Fall wird empfohlen, <strong>das Nahrungserg\u00e4nzungsmittel GHE Calcium Magnesium Supplement<\/strong> zu verwenden. <\/li>\n<\/ul>\n<h3>N\u00fctzt:<\/h3>\n<ul>\n<li><strong>\u00dcppige Flora und Fruchtbildung<\/strong> : Dieser D\u00fcnger ist besonders effektiv in der Bl\u00fcte- und Fruchtphase, da er die Dichte von Bl\u00fcten und Fr\u00fcchten erh\u00f6ht und gleichzeitig deren Qualit\u00e4t verbessert.<\/li>\n<li><strong>Benutzerfreundlichkeit<\/strong> : <strong>Pro Organic Bloom<\/strong> ist einfach zu verwenden und ist ein All-in-One-Produkt, sodass Sie keine weiteren Nahrungserg\u00e4nzungsmittel oder N\u00e4hrstoffe hinzuf\u00fcgen m\u00fcssen. Es garantiert reichliche, gesunde und biologische Ernten, unabh\u00e4ngig von der Art des Substrats oder des Anbausystems. <\/li>\n<li><strong>Respekt f\u00fcr die Umwelt<\/strong> : Wie alle Produkte der <strong>Terra Aquatica Pro Organic-Reihe<\/strong> basiert <strong>Pro Organic Bloom<\/strong> auf umweltfreundlichen Anbauprinzipien und tr\u00e4gt so zur Nachhaltigkeit und zum Erhalt der \u00d6kosysteme bei.<\/li>\n<\/ul>\n<h3>Kurz gesagt:<\/h3>\n<p><strong>Terra Aquatica Pro Organic Bloom<\/strong> ist der perfekte Fl\u00fcssigd\u00fcnger f\u00fcr Bio-Grower, die eine einfache, effektive und umweltfreundliche L\u00f6sung suchen, um ihre Pflanzen w\u00e4hrend der Bl\u00fcte und Fruchtbildung zu f\u00fcttern. Dank seiner vollst\u00e4ndigen und zertifizierten Formulierung f\u00f6rdert es eine kr\u00e4ftige Bl\u00fcte, \u00fcppige Fr\u00fcchte und unterst\u00fctzt die Wurzelgesundheit, ohne dass zus\u00e4tzliche Nahrungserg\u00e4nzungsmittel erforderlich sind. Eine ideale Wahl f\u00fcr den erfolgreichen biologischen Anbau, egal ob Erde, Kokosfasern oder Hydrokulturen.  <\/p>\n","protected":false},"excerpt":{"rendered":"<p>Terra Aquatica Pro Organic Bloom \u2013 100% organischer Fl\u00fcssigd\u00fcnger Terra Aquatica Pro Organic Bloom ist ein hochkonzentrierter Fl\u00fcssigd\u00fcnger in einem Teil, vollst\u00e4ndig biologisch und f\u00fcr den biologischen Anbau zertifiziert. Es wurde 2004 entwickelt und wird erfolgreich von kommerziellen Unternehmen auf der ganzen Welt eingesetzt, darunter auch von Partnern wie Les Sourciers. Die wichtigsten Punkte von [&hellip;]<\/p>\n","protected":false},"featured_media":24180,"comment_status":"open","ping_status":"closed","template":"","meta":{"_seopress_robots_primary_cat":"none","_seopress_titles_title":"","_seopress_titles_desc":"","_seopress_robots_index":""},"product_brand":[],"product_cat":[580],"product_tag":[],"class_list":{"0":"post-24191","1":"product","2":"type-product","3":"status-publish","4":"has-post-thumbnail","6":"product_cat-terra-aquatica-de","9":"instock","10":"taxable","11":"shipping-taxable","12":"purchasable","13":"product-type-simple","14":"product-grid-view"},"_links":{"self":[{"href":"https:\/\/greenkingdom.ch\/de\/wp-json\/wp\/v2\/product\/24191","targetHints":{"allow":["GET"]}}],"collection":[{"href":"https:\/\/greenkingdom.ch\/de\/wp-json\/wp\/v2\/product"}],"about":[{"href":"https:\/\/greenkingdom.ch\/de\/wp-json\/wp\/v2\/types\/product"}],"replies":[{"embeddable":true,"href":"https:\/\/greenkingdom.ch\/de\/wp-json\/wp\/v2\/comments?post=24191"}],"version-history":[{"count":3,"href":"https:\/\/greenkingdom.ch\/de\/wp-json\/wp\/v2\/product\/24191\/revisions"}],"predecessor-version":[{"id":26970,"href":"https:\/\/greenkingdom.ch\/de\/wp-json\/wp\/v2\/product\/24191\/revisions\/26970"}],"wp:featuredmedia":[{"embeddable":true,"href":"https:\/\/greenkingdom.ch\/de\/wp-json\/wp\/v2\/media\/24180"}],"wp:attachment":[{"href":"https:\/\/greenkingdom.ch\/de\/wp-json\/wp\/v2\/media?parent=24191"}],"wp:term":[{"taxonomy":"product_brand","embeddable":true,"href":"https:\/\/greenkingdom.ch\/de\/wp-json\/wp\/v2\/product_brand?post=24191"},{"taxonomy":"product_cat","embeddable":true,"href":"https:\/\/greenkingdom.ch\/de\/wp-json\/wp\/v2\/product_cat?post=24191"},{"taxonomy":"product_tag","embeddable":true,"href":"https:\/\/greenkingdom.ch\/de\/wp-json\/wp\/v2\/product_tag?post=24191"}],"curies":[{"name":"wp","href":"https:\/\/api.w.org\/{rel}","templated":true}]}}