{"id":24209,"date":"2024-12-19T13:55:08","date_gmt":"2024-12-19T12:55:08","guid":{"rendered":"https:\/\/greenkingdom.ch\/product\/terra-aquatica-root-booster-1l\/"},"modified":"2025-01-02T14:18:27","modified_gmt":"2025-01-02T13:18:27","slug":"terra-aquatica-root-booster-1l","status":"publish","type":"product","link":"https:\/\/greenkingdom.ch\/de\/produkt\/terra-aquatica-root-booster-1l\/","title":{"rendered":"Terra Aquatica Wurzel Booster 1L"},"content":{"rendered":"<p><strong>Terra Aquatica Root Booster \u2013 100% biologischer Wurzelaktivator<\/strong><\/p>\n<p><strong>Terra Aquatica Root Booster<\/strong> ist ein 100% biologisches <strong>Wurzelerg\u00e4nzungsmittel<\/strong> und <strong>Wachstumsf\u00f6rderer<\/strong> , das speziell entwickelt wurde, um eine starke Wurzelentwicklung und ein kr\u00e4ftiges vegetatives Wachstum zu f\u00f6rdern, nat\u00fcrlich und ohne synthetische Hormone.<\/p>\n<h3><strong>Wichtige Punkte zum Root-Booster<\/strong>:<\/h3>\n<ul>\n<li><strong>Stimuliert die Wurzelentwicklung<\/strong> : Dieses Produkt wurde entwickelt, um das <strong>Wurzelwachstum<\/strong> erheblich zu f\u00f6rdern und den Pflanzen zu helfen, ein <strong>gesundes und robustes Wurzelsystem<\/strong> aufzubauen, das f\u00fcr ihre langfristige Entwicklung unerl\u00e4sslich ist. Die richtige Wurzelentwicklung ist entscheidend f\u00fcr die Verbesserung der N\u00e4hrstoffaufnahmekapazit\u00e4t, die f\u00fcr eine kr\u00e4ftige Pflanze unerl\u00e4sslich ist. <\/li>\n<li><strong>Nat\u00fcrliche Bestandteile<\/strong> : Root Booster enth\u00e4lt <strong>Vitamine<\/strong>, <strong>Enzyme<\/strong>, <strong>organische S\u00e4uren<\/strong> und <strong>Humate<\/strong> , die die Wurzelbildung ohne den Einsatz von synthetischen Wachstumshormonen f\u00f6rdern. Dieser nat\u00fcrliche Ansatz st\u00e4rkt die Gesundheit der Pflanzen und schont gleichzeitig die Umwelt. <\/li>\n<li><strong>Ideal f\u00fcr junge Pflanzen<\/strong> : Es ist besonders n\u00fctzlich f\u00fcr <strong>S\u00e4mlinge<\/strong> und <strong>S\u00e4mlinge<\/strong> und sorgt f\u00fcr <strong>eine massive Wurzelentwicklung<\/strong> bereits in den fr\u00fchen Wachstumsstadien. So k\u00f6nnen sich junge Pflanzen schnell und robust etablieren und haben eine solide Grundlage f\u00fcr das zuk\u00fcnftige Wachstum. <\/li>\n<li><strong>Verbessert die N\u00e4hrstoffaufnahme<\/strong> : Durch die Stimulierung des Wurzelwachstums hilft <strong>Root Booster<\/strong> erwachsenen Pflanzen auch, <strong>D\u00fcngemittel<\/strong> besser aufzunehmen und die im Boden oder Substrat verf\u00fcgbaren N\u00e4hrstoffe zu nutzen. Dies verbessert die allgemeine Gesundheit der Pflanzen und macht sie widerstandsf\u00e4higer gegen Umwelteinfl\u00fcsse. <\/li>\n<li><strong>Verbesserte Keimrate<\/strong> : <strong>Root Booster<\/strong> ist auch sehr effektiv bei <strong>der Verbesserung der Keimrate von Samen<\/strong>. Es kann vor dem Pflanzen als Einweichl\u00f6sung verwendet werden, was von Anfang an zu st\u00e4rkeren, widerstandsf\u00e4higeren <strong>S\u00e4mlingen<\/strong> f\u00fchrt. <\/li>\n<\/ul>\n<h3>Verzehrempfehlung:<\/h3>\n<ul>\n<li><strong>F\u00fcr junge Pflanzen<\/strong> : Tragen Sie <strong>Root Booster<\/strong> auf, um eine kr\u00e4ftige Wurzelentwicklung zu stimulieren und ein gesundes vegetatives Wachstum zu unterst\u00fctzen.<\/li>\n<li><strong>F\u00fcr S\u00e4mlinge und Samen<\/strong> : Weichen Sie die Samen vor dem Pflanzen in einer verd\u00fcnnten L\u00f6sung von <strong>Root Booster<\/strong> ein, um eine h\u00f6here Keimrate und stabilere S\u00e4mlinge zu erzielen.<\/li>\n<li><strong>F\u00fcr ausgewachsene Pflanzen<\/strong> : W\u00e4hrend der vegetativen Phase anwenden, um die N\u00e4hrstoffaufnahme zu verbessern und die allgemeine Wurzelgesundheit zu f\u00f6rdern.<\/li>\n<\/ul>\n<h3>N\u00fctzt:<\/h3>\n<ul>\n<li><strong>100% biologisch<\/strong> und frei von synthetischen Wachstumshormonen.<\/li>\n<li>Stimuliert die massive und solide <strong>Wurzelentwicklung<\/strong> , die f\u00fcr ein gesundes vegetatives Wachstum unerl\u00e4sslich ist.<\/li>\n<li>Verbessert die <strong>N\u00e4hrstoffaufnahme<\/strong>, was die Widerstandsf\u00e4higkeit der Pflanze und die allgemeine Gesundheit st\u00e4rkt.<\/li>\n<li><strong>Verbessert die Keimrate der Samen und die<\/strong> Gesundheit der Jungpflanzen.<\/li>\n<\/ul>\n<h3>Kurz gesagt:<\/h3>\n<p><strong>Terra Aquatica Root Booster<\/strong> ist ein 100% organischer Wurzelaktivator, der das Wurzelwachstum verbessert und eine gesunde und kr\u00e4ftige Vegetation f\u00f6rdert. Ob f\u00fcr Jungpflanzen, S\u00e4mlinge oder ausgewachsene Pflanzen, dieses Produkt stimuliert auf nat\u00fcrliche Weise die Wurzelentwicklung, erh\u00f6ht die N\u00e4hrstoffaufnahme und die Stressresistenz. Eine gute Wahl f\u00fcr jeden Z\u00fcchter, der die Gesundheit und Produktivit\u00e4t seiner Pflanzen auf nat\u00fcrliche Weise verbessern m\u00f6chte.  <\/p>\n","protected":false},"excerpt":{"rendered":"<p>Terra Aquatica Root Booster \u2013 100% biologischer Wurzelaktivator Terra Aquatica Root Booster ist ein 100% biologisches Wurzelerg\u00e4nzungsmittel und Wachstumsf\u00f6rderer , das speziell entwickelt wurde, um eine starke Wurzelentwicklung und ein kr\u00e4ftiges vegetatives Wachstum zu f\u00f6rdern, nat\u00fcrlich und ohne synthetische Hormone. Wichtige Punkte zum Root-Booster: Stimuliert die Wurzelentwicklung : Dieses Produkt wurde entwickelt, um das Wurzelwachstum [&hellip;]<\/p>\n","protected":false},"featured_media":24205,"comment_status":"open","ping_status":"closed","template":"","meta":{"_seopress_robots_primary_cat":"none","_seopress_titles_title":"","_seopress_titles_desc":"","_seopress_robots_index":""},"product_brand":[],"product_cat":[580],"product_tag":[],"class_list":{"0":"post-24209","1":"product","2":"type-product","3":"status-publish","4":"has-post-thumbnail","6":"product_cat-terra-aquatica-de","9":"instock","10":"taxable","11":"shipping-taxable","12":"purchasable","13":"product-type-simple","14":"product-grid-view"},"_links":{"self":[{"href":"https:\/\/greenkingdom.ch\/de\/wp-json\/wp\/v2\/product\/24209","targetHints":{"allow":["GET"]}}],"collection":[{"href":"https:\/\/greenkingdom.ch\/de\/wp-json\/wp\/v2\/product"}],"about":[{"href":"https:\/\/greenkingdom.ch\/de\/wp-json\/wp\/v2\/types\/product"}],"replies":[{"embeddable":true,"href":"https:\/\/greenkingdom.ch\/de\/wp-json\/wp\/v2\/comments?post=24209"}],"version-history":[{"count":2,"href":"https:\/\/greenkingdom.ch\/de\/wp-json\/wp\/v2\/product\/24209\/revisions"}],"predecessor-version":[{"id":26966,"href":"https:\/\/greenkingdom.ch\/de\/wp-json\/wp\/v2\/product\/24209\/revisions\/26966"}],"wp:featuredmedia":[{"embeddable":true,"href":"https:\/\/greenkingdom.ch\/de\/wp-json\/wp\/v2\/media\/24205"}],"wp:attachment":[{"href":"https:\/\/greenkingdom.ch\/de\/wp-json\/wp\/v2\/media?parent=24209"}],"wp:term":[{"taxonomy":"product_brand","embeddable":true,"href":"https:\/\/greenkingdom.ch\/de\/wp-json\/wp\/v2\/product_brand?post=24209"},{"taxonomy":"product_cat","embeddable":true,"href":"https:\/\/greenkingdom.ch\/de\/wp-json\/wp\/v2\/product_cat?post=24209"},{"taxonomy":"product_tag","embeddable":true,"href":"https:\/\/greenkingdom.ch\/de\/wp-json\/wp\/v2\/product_tag?post=24209"}],"curies":[{"name":"wp","href":"https:\/\/api.w.org\/{rel}","templated":true}]}}