{"id":24234,"date":"2024-12-19T13:58:47","date_gmt":"2024-12-19T12:58:47","guid":{"rendered":"https:\/\/greenkingdom.ch\/product\/terra-aquatica-seaweed-1l\/"},"modified":"2025-01-02T14:18:36","modified_gmt":"2025-01-02T13:18:36","slug":"terra-aquatica-seaweed-1l","status":"publish","type":"product","link":"https:\/\/greenkingdom.ch\/de\/produkt\/terra-aquatica-seaweed-1l\/","title":{"rendered":"Terra Aquatica Algen 1L"},"content":{"rendered":"<p><strong>Terra Aquatica Algen \u2013 100% nat\u00fcrlicher kaltgepresster Algenextrakt<\/strong><\/p>\n<p><strong>Terra Aquatica Seaweed<\/strong> ist ein <strong>100% nat\u00fcrliches Biostimulans<\/strong> auf der Basis von kaltgepresstem Algenextrakt, haupts\u00e4chlich <strong>Ascophyllum nodosum<\/strong>, einer Meeresalge, die f\u00fcr ihre starken stimulierenden Eigenschaften bekannt ist. Dieses Produkt verbessert die Vitalit\u00e4t, das Wachstum und die Bl\u00fcte der Pflanzen und reduziert gleichzeitig Stress f\u00fcr qualitativ hochwertige Ernten. <\/p>\n<h3><strong>Terra Aquatica Algen H\u00f6hepunkte<\/strong>:<\/h3>\n<ul>\n<li><strong>Reiner Algenextrakt<\/strong> : <strong>Algen<\/strong> werden aus <strong>Ascophyllum nodosum<\/strong>, einer kaltgepressten Alge, ohne Zusatzstoffe oder Konservierungsstoffe hergestellt. Durch dieses Kaltpressverfahren bleibt der gesamte N\u00e4hrstoffreichtum der Algen erhalten und es wird ein reines, nat\u00fcrliches und \u00e4u\u00dferst wirksames Produkt garantiert. <\/li>\n<li><strong>Leistungsstarkes Elizitor und Biostimulans<\/strong> : Dieses Produkt wirkt als <strong>Biostimulans<\/strong> , um die <strong>Vitalit\u00e4t der Pflanze zu verbessern<\/strong> . Es stimuliert <strong>das Wurzelwachstum<\/strong>, das Laub und f\u00f6rdert <strong>dichtere Bl\u00fcten<\/strong> sowie <strong>gr\u00f6\u00dfere Fr\u00fcchte und Bl\u00fcten<\/strong>. Durch die Reduzierung des Pflanzenstresses optimiert es ihre Gesamtentwicklung und hilft gleichzeitig bei der Bew\u00e4ltigung der Wachstumsbedingungen.  <\/li>\n<li><strong>Verbesserte Bl\u00fcte<\/strong>: <strong>Algen<\/strong> sind besonders effektiv in der <strong>Vorbl\u00fcte- und Bl\u00fctephase<\/strong>, wo sie zu robusteren Pflanzen mit besserer Aststruktur und gr\u00f6\u00dferen, dichteren Bl\u00fcten beitragen.<strong> Es reduziert auch die Gr\u00f6\u00dfe der Internodien, was kompaktere und verzweigtere Pflanzen f\u00f6rdert.<\/strong> <\/li>\n<li><strong>Blattanwendung<\/strong> : Als <strong>Blattspray<\/strong> stimuliert <strong>Algen<\/strong> die <strong>Knospenentwicklung<\/strong> und verbessert die <strong>N\u00e4hrstoffverteilung<\/strong>, was zu <strong>einer besseren Bl\u00fcte<\/strong> f\u00fchrt. Es ist auch eine gro\u00dfartige M\u00f6glichkeit, Pflanzen schnell mit N\u00e4hrstoffen zu versorgen, insbesondere in Zeiten von Stress oder schnellem Wachstum. <\/li>\n<li><strong>Kompatibel mit allen Substraten<\/strong>: <strong>Egal, ob<\/strong> Du in <strong>Erde<\/strong>, <strong>Kokosfasern<\/strong> oder <strong>Hydrokulturen<\/strong> anbaust, Algen k\u00f6nnen synergetisch mit jedem Ern\u00e4hrungsprogramm verwendet werden. Es verbessert die Effizienz der N\u00e4hrstoffaufnahme und stimuliert gleichzeitig das Wurzelwachstum und die allgemeine Pflanzengesundheit. <\/li>\n<li><strong>Stressabbau<\/strong> : <strong>Terra Aquatica Seaweed<\/strong> reduziert die Auswirkungen von Stress, der durch \u00e4u\u00dfere Faktoren wie extreme Temperaturen, Ver\u00e4nderungen der Lichtverh\u00e4ltnisse oder N\u00e4hrstoffmangel verursacht wird. Dies tr\u00e4gt dazu bei, auch unter schwierigen Bedingungen ein stetiges und gesundes Wachstum aufrechtzuerhalten. <\/li>\n<\/ul>\n<h3>N\u00fctzt:<\/h3>\n<ul>\n<li><strong>100% nat\u00fcrlich<\/strong> : Hergestellt aus kaltgepressten Algen ohne Konservierungs- oder Zusatzstoffe.<\/li>\n<li><strong>Stimuliert das Wurzel- und Blattwachstum<\/strong> und f\u00f6rdert ein kr\u00e4ftiges Wachstum.<\/li>\n<li><strong>Verbessert die Bl\u00fcte und Fruchtbildung<\/strong> bei dichteren Bl\u00fcten und gr\u00f6\u00dferen Fr\u00fcchten.<\/li>\n<li><strong>Reduziert den Pflanzenstress<\/strong>, optimiert die Pflanzengesundheit und -entwicklung.<\/li>\n<li><strong>Reduziert die Gr\u00f6\u00dfe der Internodien<\/strong>, was zu kompakteren und verzweigteren Pflanzen f\u00fchrt.<\/li>\n<li><strong>Kompatibel mit allen Arten von Substraten<\/strong> (Erde, Kokos, Hydrokultur).<\/li>\n<\/ul>\n<h3>Verzehrempfehlung:<\/h3>\n<ul>\n<li><strong>Blattanwendung<\/strong> : Spr\u00fchen Sie das Produkt auf die Bl\u00e4tter der Pflanze, insbesondere w\u00e4hrend der vegetativen Phase und der Vorbl\u00fctephase, um die Entwicklung der Knospen zu stimulieren und die Internodiengr\u00f6\u00dfe zu reduzieren.<\/li>\n<li><strong>Bew\u00e4sserung<\/strong> : Verwenden Sie Algen, um das Wurzelwachstum zu verbessern und eine dichtere, produktivere Bl\u00fcte zu f\u00f6rdern.<\/li>\n<li><strong>Vorbl\u00fcte und Bl\u00fcte<\/strong> : Tragen Sie Algen auf, um die Pflanzen vor und w\u00e4hrend der Bl\u00fcte zu st\u00e4rken, Stress abzubauen und den Ertrag zu optimieren.<\/li>\n<\/ul>\n<h3>Kurz gesagt:<\/h3>\n<p><strong>Terra Aquatica Algen<\/strong> sind ein wirksames und 100% nat\u00fcrliches <strong>Biostimulans<\/strong> , das das Wurzelwachstum stimuliert, die Bl\u00fcte verbessert und den Pflanzenstress reduziert. Es hilft, dichtere Bl\u00fcten und gr\u00f6\u00dfere Fr\u00fcchte zu produzieren, w\u00e4hrend es gleichzeitig ein kr\u00e4ftiges Wachstum und eine bessere Pflanzengesundheit f\u00f6rdert. Dank des Kaltpressverfahrens beh\u00e4lt dieses Produkt den gesamten Reichtum der Algen bei und bietet Ihren Pflanzen in allen Phasen ihrer Entwicklung eine optimale Ern\u00e4hrung. Eine ausgezeichnete Wahl, um Ihre Ertr\u00e4ge zu maximieren und die Qualit\u00e4t Ihrer Pflanzen auf nat\u00fcrliche und effiziente Weise zu verbessern.   <\/p>\n","protected":false},"excerpt":{"rendered":"<p>Terra Aquatica Algen \u2013 100% nat\u00fcrlicher kaltgepresster Algenextrakt Terra Aquatica Seaweed ist ein 100% nat\u00fcrliches Biostimulans auf der Basis von kaltgepresstem Algenextrakt, haupts\u00e4chlich Ascophyllum nodosum, einer Meeresalge, die f\u00fcr ihre starken stimulierenden Eigenschaften bekannt ist. Dieses Produkt verbessert die Vitalit\u00e4t, das Wachstum und die Bl\u00fcte der Pflanzen und reduziert gleichzeitig Stress f\u00fcr qualitativ hochwertige Ernten. [&hellip;]<\/p>\n","protected":false},"featured_media":24230,"comment_status":"open","ping_status":"closed","template":"","meta":{"_seopress_robots_primary_cat":"none","_seopress_titles_title":"","_seopress_titles_desc":"","_seopress_robots_index":""},"product_brand":[],"product_cat":[580],"product_tag":[],"class_list":{"0":"post-24234","1":"product","2":"type-product","3":"status-publish","4":"has-post-thumbnail","6":"product_cat-terra-aquatica-de","9":"instock","10":"taxable","11":"shipping-taxable","12":"purchasable","13":"product-type-simple","14":"product-grid-view"},"_links":{"self":[{"href":"https:\/\/greenkingdom.ch\/de\/wp-json\/wp\/v2\/product\/24234","targetHints":{"allow":["GET"]}}],"collection":[{"href":"https:\/\/greenkingdom.ch\/de\/wp-json\/wp\/v2\/product"}],"about":[{"href":"https:\/\/greenkingdom.ch\/de\/wp-json\/wp\/v2\/types\/product"}],"replies":[{"embeddable":true,"href":"https:\/\/greenkingdom.ch\/de\/wp-json\/wp\/v2\/comments?post=24234"}],"version-history":[{"count":2,"href":"https:\/\/greenkingdom.ch\/de\/wp-json\/wp\/v2\/product\/24234\/revisions"}],"predecessor-version":[{"id":26978,"href":"https:\/\/greenkingdom.ch\/de\/wp-json\/wp\/v2\/product\/24234\/revisions\/26978"}],"wp:featuredmedia":[{"embeddable":true,"href":"https:\/\/greenkingdom.ch\/de\/wp-json\/wp\/v2\/media\/24230"}],"wp:attachment":[{"href":"https:\/\/greenkingdom.ch\/de\/wp-json\/wp\/v2\/media?parent=24234"}],"wp:term":[{"taxonomy":"product_brand","embeddable":true,"href":"https:\/\/greenkingdom.ch\/de\/wp-json\/wp\/v2\/product_brand?post=24234"},{"taxonomy":"product_cat","embeddable":true,"href":"https:\/\/greenkingdom.ch\/de\/wp-json\/wp\/v2\/product_cat?post=24234"},{"taxonomy":"product_tag","embeddable":true,"href":"https:\/\/greenkingdom.ch\/de\/wp-json\/wp\/v2\/product_tag?post=24234"}],"curies":[{"name":"wp","href":"https:\/\/api.w.org\/{rel}","templated":true}]}}