{"id":24266,"date":"2024-12-19T14:03:07","date_gmt":"2024-12-19T13:03:07","guid":{"rendered":"https:\/\/greenkingdom.ch\/?post_type=product&#038;p=24266"},"modified":"2025-01-02T14:18:42","modified_gmt":"2025-01-02T13:18:42","slug":"terra-aquatica-silicate-5kg","status":"publish","type":"product","link":"https:\/\/greenkingdom.ch\/de\/produkt\/terra-aquatica-silicate-5kg\/","title":{"rendered":"Terra Aquatica Silikat 5Kg"},"content":{"rendered":"<p><strong>Terra Aquatica Silicate \u2013 Nat\u00fcrliches Silikatpulver<\/strong><\/p>\n<p><strong>Terra Aquatica Silikat<\/strong> ist ein 100% nat\u00fcrlicher <strong>mineralischer Zusatzstoff<\/strong> , der aus <strong>Silikaten<\/strong> und <strong>Tonerden mit einem hohen Gehalt an l\u00f6slichen Silikaten<\/strong> besteht und die Gesundheit, das Wachstum und die Widerstandsf\u00e4higkeit der Pflanzen gegen Stress und Krankheiten verbessert.<\/p>\n<h3>Wichtige Punkte von <strong>Terra Aquatica Silikat<\/strong> :<\/h3>\n<ul>\n<li><strong>Nat\u00fcrliche Kiesels\u00e4ure<\/strong> : Terra Aquatica Silikat wird aus <strong>Ablagerungen von altem transformiertem organischem Material<\/strong> und Tonerden hergestellt, die reich an l\u00f6slichen Silikaten sind. Dieses Produkt bietet eine nat\u00fcrliche Form von <strong>Kiesels\u00e4ure<\/strong> , die effektiv in Pflanzenzellen eindringt, ihre Zellstruktur st\u00e4rkt und <strong>Schutz vor Krankheiten und Insekten<\/strong> bietet. <\/li>\n<li><strong>St\u00e4rkt die Pflanzenzellen<\/strong> : Die Aufnahme von Kiesels\u00e4ure verbessert die <strong>Festigkeit der pflanzlichen Zellw\u00e4nde<\/strong> und macht sie widerstandsf\u00e4higer gegen physische Sch\u00e4den, Wasserstress sowie Insekten- und Krankheitserregerangriffe.<\/li>\n<li><strong>Verbesserter Kationenaustausch<\/strong> : Wenn es der N\u00e4hrl\u00f6sung zugesetzt wird, optimiert <strong>Silikat<\/strong> den <strong>Kationenaustausch<\/strong> und die <strong>N\u00e4hrstoffverf\u00fcgbarkeit<\/strong>. Dadurch k\u00f6nnen die Wurzeln N\u00e4hrstoffe effizienter aufnehmen und so ein gesundes und schnelles Pflanzenwachstum f\u00f6rdern. <\/li>\n<li><strong>Stabilisierung des pH-Werts und der Leitf\u00e4higkeit<\/strong> : <strong>Silikat<\/strong> hilft, <strong>den pH-Wert<\/strong> von N\u00e4hrl\u00f6sungen zu stabilisieren, was f\u00fcr die Aufrechterhaltung des Gleichgewichts und die Optimierung der N\u00e4hrstoffaufnahme unerl\u00e4sslich ist. Es wirkt sich auch auf die <strong>Leitf\u00e4higkeit<\/strong> der L\u00f6sung aus und verringert so die Wahrscheinlichkeit von Schwankungen, die die Pflanzengesundheit beeintr\u00e4chtigen k\u00f6nnten. <\/li>\n<li><strong>Stressreduktion und -schutz<\/strong> : Dieses Produkt reduziert den Stress der Pflanzen, indem es eine <strong>Schutzbarriere<\/strong> gegen <strong>widrige Bedingungen<\/strong> wie \u00fcberm\u00e4\u00dfige Hitze oder Wassermangel schafft. Dar\u00fcber hinaus sch\u00fctzt es die Pflanzen vor <strong>Schwermetalltoxizit\u00e4t<\/strong>, was besonders in hydroponischen Systemen wichtig ist. <\/li>\n<li><strong>Komplement\u00e4re Mineralstoffversorgung<\/strong> : <strong>Silikat<\/strong> enth\u00e4lt mehr als <strong>60 Mineralien<\/strong> und <strong>Spurenelemente<\/strong> , die f\u00fcr Pflanzen von Vorteil sind. Diese zus\u00e4tzlichen Mineralien n\u00e4hren die Pflanzen und f\u00f6rdern <strong>ihre Wurzelentwicklung<\/strong>, <strong>ihr vegetatives Wachstum<\/strong> und <strong>ihre Bl\u00fcte<\/strong>. <\/li>\n<li><strong>Kleinere Partikelgr\u00f6\u00dfe<\/strong> : Das <strong>Silikat<\/strong> von Terra Aquatica hat <strong>kleinere Partikel<\/strong>, wodurch es sich leichter in N\u00e4hrl\u00f6sungen <strong>aufl\u00f6sen<\/strong> kann, was eine bessere Wirksamkeit gew\u00e4hrleistet.<\/li>\n<li><strong>Enth\u00e4lt Kalzium<\/strong> : Dieses Produkt liefert auch <strong>Kalzium<\/strong>, ein wesentliches Element f\u00fcr die <strong>Bildung von Zellw\u00e4nden<\/strong>, das <strong>Wurzelwachstum<\/strong> und die <strong>Immunantwort der Pflanzen<\/strong> .<\/li>\n<\/ul>\n<h3>Vorteile von <strong>Terra Aquatica Silikat<\/strong> :<\/h3>\n<ul>\n<li><strong>Pflanzenst\u00e4rkung<\/strong> : Bietet besseren Schutz vor Umweltbelastungen, Krankheiten und Insektenbefall durch verbesserte Zellstruktur.<\/li>\n<li><strong>Ern\u00e4hrungsoptimierung<\/strong> : F\u00f6rdert eine bessere N\u00e4hrstoffaufnahme und optimiert den Kationenaustausch in N\u00e4hrl\u00f6sungen.<\/li>\n<li><strong>Stabilisierung des pH-Werts und der Leitf\u00e4higkeit<\/strong> : H\u00e4lt das Gleichgewicht der N\u00e4hrl\u00f6sungen aufrecht und erm\u00f6glicht ein ges\u00fcnderes und schnelleres Pflanzenwachstum.<\/li>\n<li><strong>Sch\u00fctzt vor Schwermetalltoxizit\u00e4t<\/strong> : Verhindert die Ansammlung von giftigen Substanzen, insbesondere in hydroponischen Systemen.<\/li>\n<li><strong>Zufuhr von Mineralien und Mikron\u00e4hrstoffen<\/strong> : Enth\u00e4lt mehr als 60 Mineralien und Elemente, die f\u00fcr die Pflanzengesundheit von Vorteil sind.<\/li>\n<li><strong>Calcium-Formulierung<\/strong> : Calcium hilft bei der Wurzelentwicklung und der Zellwandbildung.<\/li>\n<\/ul>\n<h3>Verzehrempfehlung:<\/h3>\n<ul>\n<li><strong>In N\u00e4hrl\u00f6sung<\/strong> : Geben Sie Terra Aquatica Silikat in die N\u00e4hrl\u00f6sung, um die N\u00e4hrstoffverf\u00fcgbarkeit zu verbessern und die Pflanzengesundheit zu optimieren.<\/li>\n<li><strong>Als Erg\u00e4nzung zu anderen D\u00fcngemitteln<\/strong> : Verwenden Sie Silikat als Erg\u00e4nzung zu Ihrem regelm\u00e4\u00dfigen D\u00fcngeplan, um von seinen synergistischen Effekten zu profitieren.<\/li>\n<li><strong>Zur Vorbeugung gegen Stress und Krankheiten<\/strong> : In Zeiten schnellen Wachstums, starker Hitze oder hoher Luftfeuchtigkeit anwenden, um die nat\u00fcrliche Widerstandskraft der Pflanzen zu st\u00e4rken.<\/li>\n<\/ul>\n<h3>Kurz gesagt:<\/h3>\n<p><strong>Terra Aquatica Silikat<\/strong> ist ein <strong>nat\u00fcrliches und wirksames<\/strong> Produkt, <strong>das die Struktur der Pflanzen st\u00e4rkt<\/strong>, ihre <strong>Widerstandsf\u00e4higkeit gegen Krankheiten und Stress<\/strong> verbessert und die <strong>N\u00e4hrstoffverf\u00fcgbarkeit<\/strong> optimiert. Dieses Produkt liefert zus\u00e4tzliche <strong>Kiesels\u00e4ure<\/strong>, <strong>Kalzium<\/strong> und <strong>Spurenelemente<\/strong> und stabilisiert gleichzeitig den pH-Wert und die Leitf\u00e4higkeit Ihrer N\u00e4hrl\u00f6sungen. Es ist eine ausgezeichnete Wahl, um ein gesundes, schnelles und robustes Wachstum Deiner Pflanzen zu gew\u00e4hrleisten.  <\/p>\n","protected":false},"excerpt":{"rendered":"<p>Terra Aquatica Silicate \u2013 Nat\u00fcrliches Silikatpulver Terra Aquatica Silikat ist ein 100% nat\u00fcrlicher mineralischer Zusatzstoff , der aus Silikaten und Tonerden mit einem hohen Gehalt an l\u00f6slichen Silikaten besteht und die Gesundheit, das Wachstum und die Widerstandsf\u00e4higkeit der Pflanzen gegen Stress und Krankheiten verbessert. Wichtige Punkte von Terra Aquatica Silikat : Nat\u00fcrliche Kiesels\u00e4ure : Terra [&hellip;]<\/p>\n","protected":false},"featured_media":24255,"comment_status":"open","ping_status":"closed","template":"","meta":{"_seopress_robots_primary_cat":"none","_seopress_titles_title":"","_seopress_titles_desc":"","_seopress_robots_index":""},"product_brand":[],"product_cat":[580],"product_tag":[],"class_list":{"0":"post-24266","1":"product","2":"type-product","3":"status-publish","4":"has-post-thumbnail","6":"product_cat-terra-aquatica-de","9":"instock","10":"taxable","11":"shipping-taxable","12":"purchasable","13":"product-type-simple","14":"product-grid-view"},"_links":{"self":[{"href":"https:\/\/greenkingdom.ch\/de\/wp-json\/wp\/v2\/product\/24266","targetHints":{"allow":["GET"]}}],"collection":[{"href":"https:\/\/greenkingdom.ch\/de\/wp-json\/wp\/v2\/product"}],"about":[{"href":"https:\/\/greenkingdom.ch\/de\/wp-json\/wp\/v2\/types\/product"}],"replies":[{"embeddable":true,"href":"https:\/\/greenkingdom.ch\/de\/wp-json\/wp\/v2\/comments?post=24266"}],"version-history":[{"count":3,"href":"https:\/\/greenkingdom.ch\/de\/wp-json\/wp\/v2\/product\/24266\/revisions"}],"predecessor-version":[{"id":26986,"href":"https:\/\/greenkingdom.ch\/de\/wp-json\/wp\/v2\/product\/24266\/revisions\/26986"}],"wp:featuredmedia":[{"embeddable":true,"href":"https:\/\/greenkingdom.ch\/de\/wp-json\/wp\/v2\/media\/24255"}],"wp:attachment":[{"href":"https:\/\/greenkingdom.ch\/de\/wp-json\/wp\/v2\/media?parent=24266"}],"wp:term":[{"taxonomy":"product_brand","embeddable":true,"href":"https:\/\/greenkingdom.ch\/de\/wp-json\/wp\/v2\/product_brand?post=24266"},{"taxonomy":"product_cat","embeddable":true,"href":"https:\/\/greenkingdom.ch\/de\/wp-json\/wp\/v2\/product_cat?post=24266"},{"taxonomy":"product_tag","embeddable":true,"href":"https:\/\/greenkingdom.ch\/de\/wp-json\/wp\/v2\/product_tag?post=24266"}],"curies":[{"name":"wp","href":"https:\/\/api.w.org\/{rel}","templated":true}]}}