{"id":24291,"date":"2024-12-19T14:07:17","date_gmt":"2024-12-19T13:07:17","guid":{"rendered":"https:\/\/greenkingdom.ch\/?post_type=product&#038;p=24291"},"modified":"2025-01-02T14:18:43","modified_gmt":"2025-01-02T13:18:43","slug":"terra-aquatica-urtimax-5l","status":"publish","type":"product","link":"https:\/\/greenkingdom.ch\/de\/produkt\/terra-aquatica-urtimax-5l\/","title":{"rendered":"Terra Aquatica Urtimax 5L"},"content":{"rendered":"<p><strong>Terra Aquatica Urtimax \u2013 100% fl\u00fcssige Brennnesselg\u00fclle<\/strong><\/p>\n<p><strong>Terra Aquatica Urtimax<\/strong> ist ein hochwertiger organischer Brennnesseld\u00fcnger, der entwickelt wurde, um Ihre Pflanzen <strong>mit reichhaltiger, nat\u00fcrlicher Nahrung<\/strong> zu versorgen. Dieses Produkt ist eine <strong>vielseitige L\u00f6sung<\/strong> , die <strong>Chlorose<\/strong> und <strong>Mineralstoffmangel<\/strong> effektiv behandelt und die <strong>Sch\u00e4dlingsresistenz<\/strong> verbessert, w\u00e4hrend sie gleichzeitig <strong>ein gesundes Wachstum<\/strong> stimuliert. <\/p>\n<h3>Terra <strong>Aquatica Urtimax<\/strong> Eckpunkte:<\/h3>\n<ul>\n<li><strong>Reiner Brennnesselmist<\/strong> : Urtimax ist ein <strong>fl\u00fcssiger Brennnesselmist<\/strong>, der durch nat\u00fcrliche Fermentation von Brennnesseln in Wasser gewonnen wird. Durch dieses einfache Verfahren bleiben alle <strong>biologischen<\/strong> und <strong>ern\u00e4hrungsphysiologischen<\/strong> Eigenschaften der Brennnessel erhalten, einem uralten Heilmittel, das im \u00f6kologischen Landbau weit verbreitet ist. <\/li>\n<li><strong>Reich an essentiellen N\u00e4hrstoffen<\/strong> : Brennnessel ist eine au\u00dferordentlich reiche Pflanze an <strong>Kiesels\u00e4ure<\/strong>, <strong>Eisen<\/strong>, <strong>Stickstoff<\/strong>, <strong>Kalium<\/strong>, <strong>Magnesium<\/strong>, <strong>Spurenelementen<\/strong> und <strong>Enzymen<\/strong>. Diese Bestandteile n\u00e4hren und st\u00e4rken die Pflanzen, insbesondere in Wachstumsphasen oder wenn sie mit spezifischen M\u00e4ngeln konfrontiert sind. <\/li>\n<li><strong>Bek\u00e4mpft Chlorose<\/strong> : <strong>Brennnesselmist<\/strong> ist besonders wirksam bei der Behandlung von <strong>Chlorose<\/strong>, einer St\u00f6rung, die sich in einer Gelbf\u00e4rbung der Bl\u00e4tter aufgrund von Eisenmangel \u00e4u\u00dfert. Durch die <strong>Bereitstellung einer nat\u00fcrlichen<\/strong> Eisenquelle hilft Urtimax, die Blattfarbe und -gesundheit wiederherzustellen. <\/li>\n<li><strong>Stimuliert das Wachstum<\/strong> : Dank seines hohen <strong>Stickstoffgehalts<\/strong> f\u00f6rdert Urtimax <strong>ein robustes vegetatives<\/strong> Wachstum und stimuliert die Entwicklung von Laub, Wurzeln und St\u00e4ngeln. Es ist ein ausgezeichnetes Produkt zur St\u00e4rkung der Pflanzenvegetation w\u00e4hrend der vegetativen Phase. <\/li>\n<li><strong>St\u00e4rkt die nat\u00fcrlichen Abwehrkr\u00e4fte<\/strong> : Wie <strong>Seetang<\/strong> (Seetang) wirkt die Brennnessel als <strong>nat\u00fcrlicher Ausl\u00f6ser<\/strong> und stimuliert die Immunabwehr der Pflanzen. Dies verbessert ihre <strong>Widerstandsf\u00e4higkeit gegen Insekten<\/strong>, <strong>Krankheiten<\/strong> und <strong>Umwelteinfl\u00fcsse<\/strong>. <\/li>\n<li><strong>Nat\u00fcrliches Antiparasitikum<\/strong> : Urtimax st\u00e4rkt dank seiner nat\u00fcrlichen abweisenden Eigenschaften auch die Widerstandsf\u00e4higkeit der Pflanzen gegen Sch\u00e4dlinge. Dies kann besonders hilfreich sein, um Sch\u00e4dlingsbefall zu verhindern und die Pflanzengesundheit ohne den Einsatz von Chemikalien zu erhalten. <\/li>\n<li><strong>Verbessert die Ern\u00e4hrung<\/strong> : Durch die Bereitstellung <strong>einer Quelle f\u00fcr Mineralien<\/strong>, <strong>Spurenelemente<\/strong> und <strong>Enzyme<\/strong> erg\u00e4nzt Urtimax perfekt ein organisches D\u00fcngeprogramm, st\u00e4rkt das <strong>Wurzelsystem<\/strong> und f\u00f6rdert eine bessere <strong>N\u00e4hrstoffaufnahme<\/strong>.<\/li>\n<\/ul>\n<h3>Vorteile von <strong>Terra Aquatica Urtimax<\/strong> :<\/h3>\n<ul>\n<li><strong>Vielseitigkeit<\/strong> : Dieser Mist wird zur Behandlung von <strong>Chlorose<\/strong>, <strong>Mineralstoffmangel<\/strong> und als <strong>Antiparasitikum<\/strong> verwendet und ist eine All-in-One-L\u00f6sung zur Verbesserung der Pflanzengesundheit.<\/li>\n<li><strong>Stimuliert die nat\u00fcrlichen Abwehrkr\u00e4fte<\/strong> : Als Ausl\u00f6ser st\u00e4rkt es die Abwehrkr\u00e4fte der Pflanze gegen Krankheiten und Sch\u00e4dlinge.<\/li>\n<li><strong>N\u00e4hrstoffreich<\/strong> : Liefert <strong>Silikate<\/strong>, <strong>Eisen<\/strong>, <strong>Stickstoff<\/strong>, <strong>Kalium<\/strong>, <strong>Magnesium<\/strong> und andere essentielle N\u00e4hrstoffe f\u00fcr ein gesundes Wachstum.<\/li>\n<li><strong>100% biologische L\u00f6sung<\/strong> : Ein Naturprodukt ohne Chemikalien oder k\u00fcnstliche Zusatzstoffe, das f\u00fcr den \u00f6kologischen Landbau geeignet ist.<\/li>\n<li><strong>Schnelle und lang anhaltende Wirkung<\/strong> : Durch die Verbesserung der Pflanzenern\u00e4hrung und der Abwehrkr\u00e4fte werden in kurzer Zeit sichtbare Ergebnisse erzielt, mit <strong>robustem Wachstum<\/strong> und <strong>besserer Widerstandsf\u00e4higkeit gegen Krankheiten<\/strong>.<\/li>\n<\/ul>\n<h3>Verzehrempfehlung:<\/h3>\n<ul>\n<li><strong>Bew\u00e4sserung<\/strong> : Verd\u00fcnnen Sie Urtimax in Wasser und gie\u00dfen Sie direkt um die Pflanzenwurzeln, um die ben\u00f6tigten N\u00e4hrstoffe bereitzustellen und Chlorose zu behandeln.<\/li>\n<li><strong>Als Blattspray<\/strong> : Tragen Sie Urtimax als <strong>Spray<\/strong> auf, um die nat\u00fcrlichen Abwehrkr\u00e4fte der Pflanzen vor allem in der Vorbl\u00fctephase zu stimulieren und Krankheiten vorzubeugen.<\/li>\n<li><strong>Als Erg\u00e4nzung zu D\u00fcngebehandlungen<\/strong> : Integrieren Sie es in ein <strong>organisches D\u00fcngeprogramm<\/strong> , um die Gesundheit und Widerstandsf\u00e4higkeit der Pflanzen zu verbessern und gleichzeitig das Pflanzenwachstum zu unterst\u00fctzen.<\/li>\n<li><strong>In Zeiten von Stress oder Mangel<\/strong> : Verwenden Sie Urtimax, um Pflanzen zu behandeln <strong>, die gestresst<\/strong>, mangelhaft oder Sch\u00e4dlingsbefall ausgesetzt sind.<\/li>\n<\/ul>\n<h3>Kurz gesagt:<\/h3>\n<p><strong>Terra Aquatica Urtimax<\/strong> ist ein 100% nat\u00fcrlicher Brennnesseld\u00fcnger, der eine Komplettl\u00f6sung f\u00fcr die <strong>Behandlung von Mangelerscheinungen<\/strong>, <strong>die Stimulierung des Wachstums<\/strong> und den <strong>Schutz vor Parasiten<\/strong> bietet. Angereichert mit <strong>Kiesels\u00e4ure<\/strong>, <strong>Eisen<\/strong> und anderen essentiellen N\u00e4hrstoffen, st\u00e4rkt Urtimax <strong>die pflanzlichen Abwehrkr\u00e4fte<\/strong>, f\u00f6rdert das Wachstum und verbessert die allgemeine Gesundheit, w\u00e4hrend es gleichzeitig ein Produkt ist, das vollst\u00e4ndig mit dem \u00f6kologischen Landbau kompatibel ist. <\/p>\n","protected":false},"excerpt":{"rendered":"<p>Terra Aquatica Urtimax \u2013 100% fl\u00fcssige Brennnesselg\u00fclle Terra Aquatica Urtimax ist ein hochwertiger organischer Brennnesseld\u00fcnger, der entwickelt wurde, um Ihre Pflanzen mit reichhaltiger, nat\u00fcrlicher Nahrung zu versorgen. Dieses Produkt ist eine vielseitige L\u00f6sung , die Chlorose und Mineralstoffmangel effektiv behandelt und die Sch\u00e4dlingsresistenz verbessert, w\u00e4hrend sie gleichzeitig ein gesundes Wachstum stimuliert. Terra Aquatica Urtimax Eckpunkte: [&hellip;]<\/p>\n","protected":false},"featured_media":24280,"comment_status":"open","ping_status":"closed","template":"","meta":{"_seopress_robots_primary_cat":"none","_seopress_titles_title":"","_seopress_titles_desc":"","_seopress_robots_index":""},"product_brand":[],"product_cat":[580],"product_tag":[],"class_list":{"0":"post-24291","1":"product","2":"type-product","3":"status-publish","4":"has-post-thumbnail","6":"product_cat-terra-aquatica-de","9":"instock","10":"taxable","11":"shipping-taxable","12":"purchasable","13":"product-type-simple","14":"product-grid-view"},"_links":{"self":[{"href":"https:\/\/greenkingdom.ch\/de\/wp-json\/wp\/v2\/product\/24291","targetHints":{"allow":["GET"]}}],"collection":[{"href":"https:\/\/greenkingdom.ch\/de\/wp-json\/wp\/v2\/product"}],"about":[{"href":"https:\/\/greenkingdom.ch\/de\/wp-json\/wp\/v2\/types\/product"}],"replies":[{"embeddable":true,"href":"https:\/\/greenkingdom.ch\/de\/wp-json\/wp\/v2\/comments?post=24291"}],"version-history":[{"count":3,"href":"https:\/\/greenkingdom.ch\/de\/wp-json\/wp\/v2\/product\/24291\/revisions"}],"predecessor-version":[{"id":26987,"href":"https:\/\/greenkingdom.ch\/de\/wp-json\/wp\/v2\/product\/24291\/revisions\/26987"}],"wp:featuredmedia":[{"embeddable":true,"href":"https:\/\/greenkingdom.ch\/de\/wp-json\/wp\/v2\/media\/24280"}],"wp:attachment":[{"href":"https:\/\/greenkingdom.ch\/de\/wp-json\/wp\/v2\/media?parent=24291"}],"wp:term":[{"taxonomy":"product_brand","embeddable":true,"href":"https:\/\/greenkingdom.ch\/de\/wp-json\/wp\/v2\/product_brand?post=24291"},{"taxonomy":"product_cat","embeddable":true,"href":"https:\/\/greenkingdom.ch\/de\/wp-json\/wp\/v2\/product_cat?post=24291"},{"taxonomy":"product_tag","embeddable":true,"href":"https:\/\/greenkingdom.ch\/de\/wp-json\/wp\/v2\/product_tag?post=24291"}],"curies":[{"name":"wp","href":"https:\/\/api.w.org\/{rel}","templated":true}]}}