{"id":24309,"date":"2024-12-19T14:11:04","date_gmt":"2024-12-19T13:11:04","guid":{"rendered":"https:\/\/greenkingdom.ch\/product\/terra-aquatica-calcium-magnesium-1l\/"},"modified":"2025-01-02T14:18:48","modified_gmt":"2025-01-02T13:18:48","slug":"terra-aquatica-calcium-magnesium-1l","status":"publish","type":"product","link":"https:\/\/greenkingdom.ch\/de\/produkt\/terra-aquatica-calcium-magnesium-1l\/","title":{"rendered":"Terra Aquatica Calcium Magnesium 1L"},"content":{"rendered":"<p><strong>Terra Aquatica Calcium Magnesium Nahrungserg\u00e4nzungsmittel \u2013 Compl\u00e9ment CalMag<\/strong><\/p>\n<p><strong>Calcium Magnesium Supplement<\/strong> ist eine hochkonzentrierte L\u00f6sung aus <strong>Calcium<\/strong> und <strong>Magnesium<\/strong>, zwei Schl\u00fcsselelementen f\u00fcr <strong>eine optimale Pflanzenern\u00e4hrung<\/strong>. Dieses Nahrungserg\u00e4nzungsmittel wurde speziell entwickelt, um <strong>ein schnelles Wachstum<\/strong> zu f\u00f6rdern, Mangelerscheinungen vorzubeugen und die Pflanzengesundheit w\u00e4hrend ihres gesamten Lebenszyklus <strong>zu optimieren<\/strong> . <\/p>\n<h3>Wichtige Punkte von <strong>Terra Aquatica Calcium Magnesium Supplement<\/strong> :<\/h3>\n<ul>\n<li><strong>Calcium- und Magnesiumkonzentrat<\/strong> : Diese L\u00f6sung liefert <strong>hoch bioverf\u00fcgbare Formen<\/strong> von Calcium und Magnesium, die f\u00fcr eine optimale Ern\u00e4hrung unerl\u00e4sslich sind. Schnellwachsende Pflanzen, insbesondere solche, die <strong>hydroponisch<\/strong> oder <strong>in Kokosfasern<\/strong> angebaut werden, profitieren stark von diesen Elementen. <\/li>\n<li><strong>Pr\u00e4vention von Sekund\u00e4rmangeln<\/strong> : Calcium und Magnesium spielen eine entscheidende Rolle bei der <strong>Zellwandbildung<\/strong>, <strong>der Signal\u00fcbertragung<\/strong> und der <strong>Photosynthese<\/strong>. Dieses Nahrungserg\u00e4nzungsmittel hilft, <strong>h\u00e4ufige Mangelerscheinungen<\/strong> wie <strong>Blattnekrose<\/strong> oder <strong>Bl\u00fctenendf\u00e4ule<\/strong> (oft durch einen Mangel an Kalzium verursacht) zu verhindern, die die Pflanzengesundheit ernsthaft beeintr\u00e4chtigen k\u00f6nnen. <\/li>\n<li><strong>Optimierung des Wachstums und der Fruchtbildung<\/strong> : Calcium und Magnesium sind nicht nur f\u00fcr das <strong>Wurzel- und St\u00e4ngelwachstum<\/strong> , sondern auch f\u00fcr <strong>die Bl\u00fcte<\/strong> und <strong>Fruchtbildung<\/strong> unerl\u00e4sslich. Magnesium ist ein Schl\u00fcsselbestandteil des Chlorophylls und stimuliert so die Photosynthese und die Produktion der f\u00fcr das Wachstum notwendigen Energie. Kalzium hingegen st\u00e4rkt die Zellstruktur und die Widerstandsf\u00e4higkeit gegen Krankheiten.  <\/li>\n<li><strong>Verbesserte Pflanzengesundheit<\/strong> : Ein Kalziummangel kann zu <strong>Wachstumsst\u00f6rungen<\/strong> f\u00fchren, w\u00e4hrend ein Mangel an Magnesium zu <strong>vergilbenden Bl\u00e4ttern<\/strong> f\u00fchren kann. Dieses Nahrungserg\u00e4nzungsmittel beugt diesen Problemen vor und f\u00fchrt zu st\u00e4rkeren, ges\u00fcnderen Pflanzen, die besser an die Wachstumsbedingungen angepasst sind. <\/li>\n<\/ul>\n<h3>Vorteile von <strong>Terra Aquatica Calcium Magnesium Supplement<\/strong> :<\/h3>\n<ul>\n<li><strong>Verbessert die N\u00e4hrstoffaufnahme<\/strong> : Durch den Ausgleich des Kalzium- und Magnesiumgehalts in der N\u00e4hrl\u00f6sung f\u00f6rdert dieses Nahrungserg\u00e4nzungsmittel eine bessere <strong>Aufnahme anderer N\u00e4hrstoffe<\/strong> und sorgt so f\u00fcr eine vollst\u00e4ndige und effektive Ern\u00e4hrung.<\/li>\n<li><strong>Vorbeugung von Bl\u00fctenendf\u00e4ule<\/strong> : Kalziummangel ist h\u00e4ufig mit Problemen mit Bl\u00fctenendf\u00e4ule verbunden, insbesondere bei Tomaten und anderen Obstpflanzen. Diese Erg\u00e4nzung hilft, dieses Ph\u00e4nomen zu verhindern. <\/li>\n<li><strong>Ideale L\u00f6sung f\u00fcr den Hydrokultur- und Kokosanbau<\/strong> : Kultursubstrate wie <strong>Kokosfasern<\/strong> oder Hydrokultursysteme haben oft einen Mangel an Kalzium und Magnesium und erfordern eine spezielle Erg\u00e4nzung f\u00fcr ein optimales Wachstum.<\/li>\n<\/ul>\n<h3>Verzehrempfehlung:<\/h3>\n<ul>\n<li><strong>In Hydrokulturen oder Kokosfasern<\/strong> : F\u00fcgen Sie Ihrer N\u00e4hrl\u00f6sung <strong>Kalzium-Magnesium-Erg\u00e4nzung<\/strong> hinzu, um einen ausreichenden Kalzium- und Magnesiumspiegel aufrechtzuerhalten. Befolgen Sie die Dosierungsempfehlungen entsprechend dem Wachstumsstadium Ihrer Pflanzen. <\/li>\n<li><strong>Mangelpr\u00e4vention<\/strong> : Verwenden Sie dieses Nahrungserg\u00e4nzungsmittel, um Kalzium- und Magnesiummangel zu verhindern, insbesondere in Zeiten schnellen Wachstums und Bl\u00fctezeiten.<\/li>\n<li><strong>Flora Nova oder andere D\u00fcngemittel<\/strong> : Wenn Sie einen D\u00fcnger wie <strong>Terra Aquatica NovaMax<\/strong> oder ein anderes Nahrungserg\u00e4nzungsmittel verwenden, f\u00fcgen Sie <strong>Calcium Magnesium Supplement<\/strong> als Erg\u00e4nzung hinzu, um ein perfektes Gleichgewicht der N\u00e4hrstoffe zu gew\u00e4hrleisten.<\/li>\n<\/ul>\n<h3>Verzehrempfehlung:<\/h3>\n<ul>\n<li><strong>In N\u00e4hrl\u00f6sung<\/strong> : Befolgen Sie die Anweisungen des Herstellers, in der Regel zwischen 2 und 5 ml pro Liter Wasser, abh\u00e4ngig von den spezifischen Bed\u00fcrfnissen Ihrer Pflanzen und den Empfehlungen f\u00fcr die Art des Anbaus.<\/li>\n<li><strong>Regelm\u00e4\u00dfige Nachsorge<\/strong> : Um beste Ergebnisse zu erzielen, \u00fcberwachen Sie die Entwicklung der Pflanzen und passen Sie die Dosierung an Anzeichen von Mangelerscheinungen oder erh\u00f6htem Bedarf an Kalzium und Magnesium an.<\/li>\n<\/ul>\n<h3>Kurz gesagt:<\/h3>\n<p><strong>Terra Aquatica Calcium Magnesium Supplement<\/strong> ist ein <strong>hochwertiges Calcium-Magnesium-Pr\u00e4parat<\/strong> , das entwickelt wurde, um <strong>die Ern\u00e4hrung schnell wachsender<\/strong> Pflanzen zu optimieren. Es beugt <strong>Mangelerscheinungen<\/strong> vor, f\u00f6rdert <strong>das Wachstum<\/strong> und <strong>die Bl\u00fcte<\/strong> und st\u00e4rkt die <strong>Widerstandsf\u00e4higkeit der Pflanzen<\/strong>. Speziell f\u00fcr <strong>den Hydrokultur<\/strong> &#8211; und <strong>Kokosanbau<\/strong> ist dieses Nahrungserg\u00e4nzungsmittel ein Muss f\u00fcr eine gesunde und \u00fcppige Ernte.  <\/p>\n","protected":false},"excerpt":{"rendered":"<p>Terra Aquatica Calcium Magnesium Nahrungserg\u00e4nzungsmittel \u2013 Compl\u00e9ment CalMag Calcium Magnesium Supplement ist eine hochkonzentrierte L\u00f6sung aus Calcium und Magnesium, zwei Schl\u00fcsselelementen f\u00fcr eine optimale Pflanzenern\u00e4hrung. Dieses Nahrungserg\u00e4nzungsmittel wurde speziell entwickelt, um ein schnelles Wachstum zu f\u00f6rdern, Mangelerscheinungen vorzubeugen und die Pflanzengesundheit w\u00e4hrend ihres gesamten Lebenszyklus zu optimieren . Wichtige Punkte von Terra Aquatica Calcium Magnesium [&hellip;]<\/p>\n","protected":false},"featured_media":24305,"comment_status":"open","ping_status":"closed","template":"","meta":{"_seopress_robots_primary_cat":"","_seopress_titles_title":"","_seopress_titles_desc":"","_seopress_robots_index":""},"product_brand":[],"product_cat":[580],"product_tag":[],"class_list":{"0":"post-24309","1":"product","2":"type-product","3":"status-publish","4":"has-post-thumbnail","6":"product_cat-terra-aquatica-de","9":"instock","10":"taxable","11":"shipping-taxable","12":"purchasable","13":"product-type-simple","14":"product-grid-view"},"_links":{"self":[{"href":"https:\/\/greenkingdom.ch\/de\/wp-json\/wp\/v2\/product\/24309","targetHints":{"allow":["GET"]}}],"collection":[{"href":"https:\/\/greenkingdom.ch\/de\/wp-json\/wp\/v2\/product"}],"about":[{"href":"https:\/\/greenkingdom.ch\/de\/wp-json\/wp\/v2\/types\/product"}],"replies":[{"embeddable":true,"href":"https:\/\/greenkingdom.ch\/de\/wp-json\/wp\/v2\/comments?post=24309"}],"version-history":[{"count":1,"href":"https:\/\/greenkingdom.ch\/de\/wp-json\/wp\/v2\/product\/24309\/revisions"}],"predecessor-version":[{"id":26993,"href":"https:\/\/greenkingdom.ch\/de\/wp-json\/wp\/v2\/product\/24309\/revisions\/26993"}],"wp:featuredmedia":[{"embeddable":true,"href":"https:\/\/greenkingdom.ch\/de\/wp-json\/wp\/v2\/media\/24305"}],"wp:attachment":[{"href":"https:\/\/greenkingdom.ch\/de\/wp-json\/wp\/v2\/media?parent=24309"}],"wp:term":[{"taxonomy":"product_brand","embeddable":true,"href":"https:\/\/greenkingdom.ch\/de\/wp-json\/wp\/v2\/product_brand?post=24309"},{"taxonomy":"product_cat","embeddable":true,"href":"https:\/\/greenkingdom.ch\/de\/wp-json\/wp\/v2\/product_cat?post=24309"},{"taxonomy":"product_tag","embeddable":true,"href":"https:\/\/greenkingdom.ch\/de\/wp-json\/wp\/v2\/product_tag?post=24309"}],"curies":[{"name":"wp","href":"https:\/\/api.w.org\/{rel}","templated":true}]}}