{"id":24348,"date":"2024-12-19T15:03:40","date_gmt":"2024-12-19T14:03:40","guid":{"rendered":"https:\/\/greenkingdom.ch\/product\/la-salade-california-10g\/"},"modified":"2025-01-02T14:18:49","modified_gmt":"2025-01-02T13:18:49","slug":"la-salade-california-10g","status":"publish","type":"product","link":"https:\/\/greenkingdom.ch\/de\/produkt\/la-salade-california-10g\/","title":{"rendered":"Der &#8222;California&#8220; Salat 10G"},"content":{"rendered":"<h2><strong>California &#8211; Indoor CBD Bl\u00fctenbeutel 10g zu erschwinglichen Preisen<\/strong><\/h2>\n<p>Entdecken Sie unser Flaggschiff-Produkt, die California CBD Flower Pouch, eine perfekte Wahl f\u00fcr CBD-Liebhaber, die ein Qualit\u00e4tsprodukt zu einem attraktiven Preis suchen. Jede T\u00fcte enth\u00e4lt 10 g sorgf\u00e4ltig angebaute Indoor-Bl\u00fcten, um ein Erlebnis voller Geschmack und Vorteile zu bieten. Mit einem Preis von nur 39 Frs hebt sich dieses Produkt als erschwingliche Option auf dem CBD-Markt in der Schweiz ab.  <\/p>\n<h3>Premium-Qualit\u00e4t f\u00fcr den Innenbereich<\/h3>\n<p>Unsere CBD California Bl\u00fcten werden in Innenr\u00e4umen angebaut und garantieren optimale Wachstumsbedingungen f\u00fcr Bl\u00fcten, die reich an Aromen und Cannabinoiden sind. Der Indoor-Anbau erm\u00f6glicht die vollst\u00e4ndige Kontrolle der Umweltfaktoren und produziert Bl\u00fcten von h\u00f6chster Qualit\u00e4t, mit intensiven Terpenprofilen und einem hohen CBD-Gehalt. <\/p>\n<h3>Warum sollten Sie sich f\u00fcr den California Sachet entscheiden?<\/h3>\n<p>Die California CBD Flower Bag wurde f\u00fcr diejenigen entwickelt, die ein hervorragendes Preis-Leistungs-Verh\u00e4ltnis suchen. Indem wir einen 10-g-Beutel f\u00fcr nur 39 Frs anbieten, machen wir CBD zug\u00e4nglich, ohne die Qualit\u00e4t zu beeintr\u00e4chtigen. Dieses Produkt ist ideal f\u00fcr regelm\u00e4\u00dfige CBD-Konsumenten, die die M\u00f6glichkeit sch\u00e4tzen, eine gro\u00dfz\u00fcgige Menge zu einem wettbewerbsf\u00e4higen Preis zu genie\u00dfen.  <\/p>\n<h3>Genie\u00dfen Sie die Vorteile von CBD<\/h3>\n<p>California CBD-Bl\u00fcten eignen sich perfekt zum Entspannen und Entspannen. Dank ihres Reichtums an CBD und Terpenen bieten sie ein beruhigendes Erlebnis, ideal zum Stressabbau und zur F\u00f6rderung des Wohlbefindens. Ob f\u00fcr den abendlichen Gebrauch oder nach einem anstrengenden Tag, kalifornische Bl\u00fcten sind eine hochwertige Wahl f\u00fcr einen Moment der Entspannung.  <\/p>\n<h3>Ein erschwingliches und transparentes Produkt<\/h3>\n<p>Bei Lasalade sind wir bestrebt, qualitativ hochwertige CBD-Produkte anzubieten, die f\u00fcr alle zug\u00e4nglich sind. Mit unserem kalifornischen Beutel beweisen wir, dass es m\u00f6glich ist, ein erschwingliches CBD-Produkt anzubieten, ohne Kompromisse bei der Qualit\u00e4t einzugehen. <\/p>\n<p><strong>Entscheiden Sie sich f\u00fcr den California Sachet und entdecken Sie eine reichhaltige und erschwingliche CBD-Bl\u00fcte, die sich ideal f\u00fcr den regelm\u00e4\u00dfigen Verzehr eignet oder um die Vorteile von CBD zu einem g\u00fcnstigen Preis zu erkunden!<\/strong><\/p>\n","protected":false},"excerpt":{"rendered":"<p>California &#8211; Indoor CBD Bl\u00fctenbeutel 10g zu erschwinglichen Preisen Entdecken Sie unser Flaggschiff-Produkt, die California CBD Flower Pouch, eine perfekte Wahl f\u00fcr CBD-Liebhaber, die ein Qualit\u00e4tsprodukt zu einem attraktiven Preis suchen. Jede T\u00fcte enth\u00e4lt 10 g sorgf\u00e4ltig angebaute Indoor-Bl\u00fcten, um ein Erlebnis voller Geschmack und Vorteile zu bieten. Mit einem Preis von nur 39 Frs [&hellip;]<\/p>\n","protected":false},"featured_media":24328,"comment_status":"open","ping_status":"closed","template":"","meta":{"_seopress_robots_primary_cat":"none","_seopress_titles_title":"","_seopress_titles_desc":"","_seopress_robots_index":""},"product_brand":[],"product_cat":[532],"product_tag":[],"class_list":{"0":"post-24348","1":"product","2":"type-product","3":"status-publish","4":"has-post-thumbnail","6":"product_cat-indoor-de","9":"instock","10":"taxable","11":"shipping-taxable","12":"purchasable","13":"product-type-simple","14":"product-grid-view"},"_links":{"self":[{"href":"https:\/\/greenkingdom.ch\/de\/wp-json\/wp\/v2\/product\/24348","targetHints":{"allow":["GET"]}}],"collection":[{"href":"https:\/\/greenkingdom.ch\/de\/wp-json\/wp\/v2\/product"}],"about":[{"href":"https:\/\/greenkingdom.ch\/de\/wp-json\/wp\/v2\/types\/product"}],"replies":[{"embeddable":true,"href":"https:\/\/greenkingdom.ch\/de\/wp-json\/wp\/v2\/comments?post=24348"}],"version-history":[{"count":2,"href":"https:\/\/greenkingdom.ch\/de\/wp-json\/wp\/v2\/product\/24348\/revisions"}],"predecessor-version":[{"id":26996,"href":"https:\/\/greenkingdom.ch\/de\/wp-json\/wp\/v2\/product\/24348\/revisions\/26996"}],"wp:featuredmedia":[{"embeddable":true,"href":"https:\/\/greenkingdom.ch\/de\/wp-json\/wp\/v2\/media\/24328"}],"wp:attachment":[{"href":"https:\/\/greenkingdom.ch\/de\/wp-json\/wp\/v2\/media?parent=24348"}],"wp:term":[{"taxonomy":"product_brand","embeddable":true,"href":"https:\/\/greenkingdom.ch\/de\/wp-json\/wp\/v2\/product_brand?post=24348"},{"taxonomy":"product_cat","embeddable":true,"href":"https:\/\/greenkingdom.ch\/de\/wp-json\/wp\/v2\/product_cat?post=24348"},{"taxonomy":"product_tag","embeddable":true,"href":"https:\/\/greenkingdom.ch\/de\/wp-json\/wp\/v2\/product_tag?post=24348"}],"curies":[{"name":"wp","href":"https:\/\/api.w.org\/{rel}","templated":true}]}}