{"id":24375,"date":"2024-12-19T15:17:11","date_gmt":"2024-12-19T14:17:11","guid":{"rendered":"https:\/\/greenkingdom.ch\/?post_type=product&#038;p=24375"},"modified":"2025-01-02T14:18:57","modified_gmt":"2025-01-02T13:18:57","slug":"la-salade-strawpicanna-greenhouse-15g","status":"publish","type":"product","link":"https:\/\/greenkingdom.ch\/de\/produkt\/la-salade-strawpicanna-greenhouse-15g\/","title":{"rendered":"Das Strawpicanna Salat Gew\u00e4chshaus 15G"},"content":{"rendered":"<h2 style=\"font-weight: 500;\">\n            <b><br \/>\n              <strong>Strawpicanna CBD-Bl\u00fcten<\/strong><br \/>\n            <\/b><br \/>\n          <\/h2>\n<p style=\"font-weight: 400;\">Entdecken Sie die Exzellenz unserer CBD-Bl\u00fcte Strawpicanna, einer au\u00dfergew\u00f6hnlichen Sorte, die mit Leidenschaft in den fruchtbaren B\u00f6den der Schweiz angebaut wird. Diese hochwertige CBD-Bl\u00fcte wird in einem Gew\u00e4chshaus angebaut und bietet ein einzigartiges Erlebnis f\u00fcr Hanfliebhaber. <\/p>\n<p style=\"font-weight: 400;\">\n<h2 style=\"font-weight: 500;\">\n            <b><br \/>\n              <strong>Strawpicanna Eigenschaften:<\/strong><br \/>\n            <\/b><br \/>\n          <\/h2>\n<p style=\"font-weight: 400;\">Hochwertiger Schweizer Anbau: Unsere Strawpicanna wird sorgf\u00e4ltig in den malerischen Regionen der Schweiz angebaut und profitiert von einem idealen Klima und Bedingungen, die f\u00fcr ein gesundes und kr\u00e4ftiges Wachstum f\u00f6rderlich sind.<\/p>\n<p style=\"font-weight: 400;\">\n<p style=\"font-weight: 400;\"><b><strong>Hochmodernes Gew\u00e4chshaus:<\/strong><\/b> Unsere Produzenten verwenden hochmoderne Gew\u00e4chsh\u00e4user, um eine optimale Kontrolle der Umweltbedingungen zu gew\u00e4hrleisten und die Reinheit und au\u00dfergew\u00f6hnliche Qualit\u00e4t unserer CBD-Bl\u00fcten zu gew\u00e4hrleisten. Diese Anbaumethode erm\u00f6glicht eine umweltfreundliche Produktion und eine maximale Konzentration an Cannabinoiden. <\/p>\n<p style=\"font-weight: 400;\">\n<p style=\"font-weight: 400;\"><b><strong>Transparente Provenienz:<\/strong><\/b> Bei Lasalade ist Transparenz unsere Verpflichtung. Wir bieten Ihnen eine vollst\u00e4ndige R\u00fcckverfolgbarkeit, vom Samen bis zur Bl\u00fcte, damit Sie mit Vertrauen konsumieren k\u00f6nnen. <\/p>\n<p style=\"font-weight: 400;\">\n<p style=\"font-weight: 400;\"><b><strong>Ausgewogenes Cannabinoid-Profil:<\/strong><\/b> Strawpicanna zeichnet sich durch ein ausgewogenes Cannabinoidprofil mit einem sorgf\u00e4ltig optimierten CBD-Gehalt aus. Genie\u00dfe die Vorteile von Cannabidiol, w\u00e4hrend Du die zarten Aromen und subtilen Geschmacksrichtungen dieser au\u00dfergew\u00f6hnlichen Sorte entdeckst. <\/p>\n<p style=\"font-weight: 400;\">\n<p style=\"font-weight: 400;\"><b><strong>Einzigartiges sensorisches Erlebnis:<\/strong><\/b> Die blumigen und s\u00fc\u00dfen Aromen von Strawpicanna bieten ein fesselndes sensorisches Erlebnis. Jeder Zug versetzt dich in eine Welt des nat\u00fcrlichen Wohlbefindens und der Beruhigung. <\/p>\n<p style=\"font-weight: 400;\">\n<h2 style=\"font-weight: 500;\">\n            <b><br \/>\n              <strong>Strawpicanna Greenhouse CBD-Bl\u00fcten, angebaut in der Schweiz:<\/strong><br \/>\n            <\/b><br \/>\n          <\/h2>\n<p style=\"font-weight: 400;\">Tauchen Sie ein in die Essenz von CBD mit unserer Strawpicanna, einer einzigartigen Sorte, die sorgf\u00e4ltig in unserem Schweizer Gew\u00e4chshaus angebaut wird. Eingebettet in malerische T\u00e4ler garantiert unsere Produktion h\u00f6chste Qualit\u00e4t, dank pr\u00e4ziser Umweltkontrolle und vorbildlicher Anbaustandards. <\/p>\n<p style=\"font-weight: 400;\">\n<p style=\"font-weight: 400;\">\n<h3 style=\"font-weight: 500;\">\n            <b><br \/>\n              <strong>Authentische Schweizer Produktion:<\/strong><br \/>\n            <\/b><br \/>\n          <\/h3>\n<p style=\"font-weight: 400;\">Entscheiden Sie sich f\u00fcr Schweizer Authentizit\u00e4t mit unserer Strawpicanna CBD-Bl\u00fcte. Jeder St\u00e4ngel ist das Ergebnis eines sorgf\u00e4ltigen Anbaus, der den h\u00f6chsten Schweizer Standards entspricht. Die Reinheit unserer Produktion und die vollst\u00e4ndige Transparenz bei der R\u00fcckverfolgbarkeit garantieren Ihnen ein unvergleichliches CBD-Erlebnis.  <\/p>\n<p style=\"font-weight: 400;\">\n<h3 style=\"font-weight: 500;\">\n            <b><br \/>\n              <strong>Strawpicanna, eine Sorte, die es zu entdecken gilt:<\/strong><br \/>\n            <\/b><br \/>\n          <\/h3>\n<p style=\"font-weight: 400;\">Strawpicanna zeichnet sich durch ein ausgewogenes Cannabinoidprofil aus und bietet einen perfekt optimierten CBD-Gehalt. Die einzigartigen Aromen dieser Sorte, die s\u00fc\u00dfe und blumige Noten vereinen, versprechen bei jedem Zug ein fesselndes sensorisches Erlebnis. <\/p>\n<p style=\"font-weight: 400;\">\n<p style=\"font-weight: 400;\">Pflanzen Sie die Saat Ihres Wohlbefindens mit Strawpicanna, einer au\u00dfergew\u00f6hnlichen CBD-Bl\u00fcte, die mit Leidenschaft nach Schweizer Traditionen und strengen Qualit\u00e4tsstandards angebaut wird. Bestellen Sie jetzt f\u00fcr ein immersives CBD-Erlebnis, direkt von unseren Feldern bis vor Ihre Haust\u00fcr. <\/p>\n<p style=\"font-weight: 400;\">\n<p style=\"font-weight: 400;\">Tauchen Sie ein in eine einzigartige Sinnesreise mit Strawpicanna. Seine faszinierenden Aromen und seine delikate Geschmackspalette machen jeden Zug zu einem fesselnden Erlebnis. Harmonische blumige Noten und s\u00fc\u00dfe Untert\u00f6ne vermischen sich zu einem reichhaltigen und ausgewogenen Geschmacksprofil, das ein unvergessliches CBD-Trinkerlebnis bietet.  <\/p>\n<p style=\"font-weight: 400;\">\n<h3 style=\"font-weight: 500;\">\n            <b><br \/>\n              <strong>Greenhouse Suisses, Land der Exzellenz:<\/strong><br \/>\n            <\/b><br \/>\n          <\/h3>\n<p style=\"font-weight: 400;\">Unsere Schweizer Gew\u00e4chsh\u00e4user sind viel mehr als ein Ort der Kultur, sie sind Werkst\u00e4tten der Exzellenz. Diese umweltfreundlichen Anbaugebiete befinden sich in den malerischen Regionen der Schweiz und bieten eine ideale Umgebung f\u00fcr Strawpicanna. Durch ein unersch\u00fctterliches Engagement f\u00fcr nachhaltige Anbaupraktiken bewahren wir die Reinheit unseres CBD und respektieren gleichzeitig unseren Planeten.  <\/p>\n<p style=\"font-weight: 400;\">\n<h2 style=\"font-weight: 500;\">\n            <b><br \/>\n              <strong>Bestellen Sie noch heute Ihr Strawpicanna:<\/strong><br \/>\n            <\/b><br \/>\n          <\/h2>\n<p style=\"font-weight: 400;\">Erliegen Sie der einzigartigen Essenz von Strawpicanna, einer Vielzahl von CBD-Bl\u00fcten, die mit Liebe in Schweizer Gew\u00e4chsh\u00e4usern angebaut werden. Holen Sie sich noch heute dieses au\u00dfergew\u00f6hnliche sensorische und therapeutische Erlebnis. Entscheiden Sie sich f\u00fcr Qualit\u00e4t, Schweizer Authentizit\u00e4t und erleben Sie CBD auf h\u00f6chstem Niveau.  <\/p>\n<p style=\"font-weight: 400;\">\n<p style=\"font-weight: 400;\">Warten Sie nicht l\u00e4nger und entdecken Sie die Vorteile von Strawpicanna, einem Schatz, der in den Schweizer Bergen angebaut wird und exklusiv bei La Salade CBD erh\u00e4ltlich ist. Bestellen Sie jetzt und begeben Sie sich auf eine unvergleichliche Reise in das Herz des Premium-CBD. <\/p>\n","protected":false},"excerpt":{"rendered":"<p>Strawpicanna CBD-Bl\u00fcten Entdecken Sie die Exzellenz unserer CBD-Bl\u00fcte Strawpicanna, einer au\u00dfergew\u00f6hnlichen Sorte, die mit Leidenschaft in den fruchtbaren B\u00f6den der Schweiz angebaut wird. Diese hochwertige CBD-Bl\u00fcte wird in einem Gew\u00e4chshaus angebaut und bietet ein einzigartiges Erlebnis f\u00fcr Hanfliebhaber. Strawpicanna Eigenschaften: Hochwertiger Schweizer Anbau: Unsere Strawpicanna wird sorgf\u00e4ltig in den malerischen Regionen der Schweiz angebaut und [&hellip;]<\/p>\n","protected":false},"featured_media":24379,"comment_status":"open","ping_status":"closed","template":"","meta":{"_seopress_robots_primary_cat":"none","_seopress_titles_title":"","_seopress_titles_desc":"","_seopress_robots_index":""},"product_brand":[],"product_cat":[538],"product_tag":[],"class_list":{"0":"post-24375","1":"product","2":"type-product","3":"status-publish","4":"has-post-thumbnail","6":"product_cat-unter-gewachshaus","9":"instock","10":"taxable","11":"shipping-taxable","12":"purchasable","13":"product-type-simple","14":"product-grid-view"},"_links":{"self":[{"href":"https:\/\/greenkingdom.ch\/de\/wp-json\/wp\/v2\/product\/24375","targetHints":{"allow":["GET"]}}],"collection":[{"href":"https:\/\/greenkingdom.ch\/de\/wp-json\/wp\/v2\/product"}],"about":[{"href":"https:\/\/greenkingdom.ch\/de\/wp-json\/wp\/v2\/types\/product"}],"replies":[{"embeddable":true,"href":"https:\/\/greenkingdom.ch\/de\/wp-json\/wp\/v2\/comments?post=24375"}],"version-history":[{"count":2,"href":"https:\/\/greenkingdom.ch\/de\/wp-json\/wp\/v2\/product\/24375\/revisions"}],"predecessor-version":[{"id":27008,"href":"https:\/\/greenkingdom.ch\/de\/wp-json\/wp\/v2\/product\/24375\/revisions\/27008"}],"wp:featuredmedia":[{"embeddable":true,"href":"https:\/\/greenkingdom.ch\/de\/wp-json\/wp\/v2\/media\/24379"}],"wp:attachment":[{"href":"https:\/\/greenkingdom.ch\/de\/wp-json\/wp\/v2\/media?parent=24375"}],"wp:term":[{"taxonomy":"product_brand","embeddable":true,"href":"https:\/\/greenkingdom.ch\/de\/wp-json\/wp\/v2\/product_brand?post=24375"},{"taxonomy":"product_cat","embeddable":true,"href":"https:\/\/greenkingdom.ch\/de\/wp-json\/wp\/v2\/product_cat?post=24375"},{"taxonomy":"product_tag","embeddable":true,"href":"https:\/\/greenkingdom.ch\/de\/wp-json\/wp\/v2\/product_tag?post=24375"}],"curies":[{"name":"wp","href":"https:\/\/api.w.org\/{rel}","templated":true}]}}