{"id":24395,"date":"2024-12-19T15:24:05","date_gmt":"2024-12-19T14:24:05","guid":{"rendered":"https:\/\/greenkingdom.ch\/?post_type=product&#038;p=24395"},"modified":"2025-01-02T14:18:55","modified_gmt":"2025-01-02T13:18:55","slug":"la-salade-double-gum-greenhouse-15g","status":"publish","type":"product","link":"https:\/\/greenkingdom.ch\/de\/produkt\/la-salade-double-gum-greenhouse-15g\/","title":{"rendered":"Das Gew\u00e4chshaus Double Gum Salat 15G"},"content":{"rendered":"<h2>Double Gum CBD-Bl\u00fcte<\/h2>\n<p>Entdecke <strong>Double Gum<\/strong>, unsere Premium-CBD-Bl\u00fcte, die in einem Gew\u00e4chshaus in der Schweiz angebaut wird. Mit den besten Anbaubedingungen im Gew\u00e4chshaus bietet Double Gum ein Erlebnis, das reich an Geschmack und Wohlbefinden ist und ideal f\u00fcr anspruchsvolle CBD-Liebhaber ist. <\/p>\n<h3>Angebaut in der Schweiz im Gew\u00e4chshaus<\/h3>\n<p><strong>Die Double Gum CBD-Bl\u00fcte<\/strong> wird in einem Gew\u00e4chshaus in der wundersch\u00f6nen Umgebung der Schweiz angebaut. Diese Anbaumethode erm\u00f6glicht eine optimale Kontrolle der Umweltbedingungen und gew\u00e4hrleistet so das ganze Jahr \u00fcber eine konstante und au\u00dfergew\u00f6hnliche Qualit\u00e4t. <\/p>\n<h3>Vorteile des Gew\u00e4chshausanbaus<\/h3>\n<ol>\n<li><strong>Gleichbleibende Qualit\u00e4t<\/strong> : Der Gew\u00e4chshausanbau erm\u00f6glicht eine pr\u00e4zise Steuerung von Licht, Temperatur und Luftfeuchtigkeit und gew\u00e4hrleistet so eine gleichbleibende und \u00fcberlegene Qualit\u00e4t bei jeder Ernte.<\/li>\n<li><strong>Wetterschutz<\/strong> : Die Pflanzen werden vor Klima- und Wetterschwankungen gesch\u00fctzt, was den Stress der Pflanzen reduziert und eine optimale Entwicklung f\u00f6rdert.<\/li>\n<li><strong>\u00d6kologische Verantwortung<\/strong> : In unseren Gew\u00e4chsh\u00e4usern werden nachhaltige Technologien eingesetzt, darunter Regenwassernutzungssysteme und Energiemanagementtechniken, wodurch der \u00f6kologische Fu\u00dfabdruck minimiert wird.<\/li>\n<\/ol>\n<h3>Eigenschaften von CBD Double Gum Bl\u00fcten<\/h3>\n<ul>\n<li><strong>Gourmet-Aromen: Genie\u00dfen<\/strong> Sie weiche und s\u00fc\u00dfe Noten, die an Kaugummi erinnern, ein einzigartiges aromatisches Profil, das mit seiner F\u00fclle und Komplexit\u00e4t verf\u00fchrt.<\/li>\n<li><strong>Hoher CBD-Gehalt<\/strong> : Double Gum hat einen optimierten CBD-Gehalt und bietet eine tiefe Entspannung ohne psychoaktive Wirkungen.<\/li>\n<li><strong>Reinheit und Sicherheit<\/strong> : Jede Charge wird streng im Labor getestet, um maximale Reinheit und keine Verunreinigungen zu gew\u00e4hrleisten.<\/li>\n<\/ul>\n<h3>Warum Double Gum w\u00e4hlen?<\/h3>\n<ol>\n<li><strong>Enhanced Wellness<\/strong> : Double Gum ist dank seiner therapeutischen Eigenschaften und seines einzigartigen aromatischen Profils perfekt f\u00fcr diejenigen, die eine effektive Entspannung und ein angenehmes sensorisches Erlebnis suchen.<\/li>\n<li><strong>Schweizer Qualit\u00e4t<\/strong> : Der Ruf der Schweiz f\u00fcr Pr\u00e4zision und Qualit\u00e4t spiegelt sich in jeder Double Gum CBD-Bl\u00fcte wider und sorgt f\u00fcr ein zuverl\u00e4ssiges, qualitativ hochwertiges Erlebnis.<\/li>\n<li><strong>\u00d6kologisches Engagement<\/strong> : Wenn Sie sich f\u00fcr Double Gum entscheiden, unterst\u00fctzen Sie eine umweltfreundliche Landwirtschaft mit nachhaltigen und innovativen Praktiken.<\/li>\n<\/ol>\n<h4>Schlussfolgerung<\/h4>\n<p>Entscheiden Sie sich f\u00fcr <strong>die CBD Double Gum-Bl\u00fcte, die<\/strong> sorgf\u00e4ltig in einem Gew\u00e4chshaus in den Schweizer Bergen angebaut wird. Tauchen Sie ein in ein Erlebnis, das reich an Aromen und Vorteilen ist und ein Synonym f\u00fcr Qualit\u00e4t, Reinheit und Wohlbefinden ist. Entdecken Sie jetzt die Vorteile von CBD, das im Einklang mit der Natur angebaut wird.  <\/p>\n","protected":false},"excerpt":{"rendered":"<p>Double Gum CBD-Bl\u00fcte Entdecke Double Gum, unsere Premium-CBD-Bl\u00fcte, die in einem Gew\u00e4chshaus in der Schweiz angebaut wird. Mit den besten Anbaubedingungen im Gew\u00e4chshaus bietet Double Gum ein Erlebnis, das reich an Geschmack und Wohlbefinden ist und ideal f\u00fcr anspruchsvolle CBD-Liebhaber ist. Angebaut in der Schweiz im Gew\u00e4chshaus Die Double Gum CBD-Bl\u00fcte wird in einem Gew\u00e4chshaus [&hellip;]<\/p>\n","protected":false},"featured_media":24399,"comment_status":"open","ping_status":"closed","template":"","meta":{"_seopress_robots_primary_cat":"none","_seopress_titles_title":"","_seopress_titles_desc":"","_seopress_robots_index":""},"product_brand":[],"product_cat":[538],"product_tag":[],"class_list":{"0":"post-24395","1":"product","2":"type-product","3":"status-publish","4":"has-post-thumbnail","6":"product_cat-unter-gewachshaus","9":"instock","10":"taxable","11":"shipping-taxable","12":"purchasable","13":"product-type-simple","14":"product-grid-view"},"_links":{"self":[{"href":"https:\/\/greenkingdom.ch\/de\/wp-json\/wp\/v2\/product\/24395","targetHints":{"allow":["GET"]}}],"collection":[{"href":"https:\/\/greenkingdom.ch\/de\/wp-json\/wp\/v2\/product"}],"about":[{"href":"https:\/\/greenkingdom.ch\/de\/wp-json\/wp\/v2\/types\/product"}],"replies":[{"embeddable":true,"href":"https:\/\/greenkingdom.ch\/de\/wp-json\/wp\/v2\/comments?post=24395"}],"version-history":[{"count":2,"href":"https:\/\/greenkingdom.ch\/de\/wp-json\/wp\/v2\/product\/24395\/revisions"}],"predecessor-version":[{"id":27004,"href":"https:\/\/greenkingdom.ch\/de\/wp-json\/wp\/v2\/product\/24395\/revisions\/27004"}],"wp:featuredmedia":[{"embeddable":true,"href":"https:\/\/greenkingdom.ch\/de\/wp-json\/wp\/v2\/media\/24399"}],"wp:attachment":[{"href":"https:\/\/greenkingdom.ch\/de\/wp-json\/wp\/v2\/media?parent=24395"}],"wp:term":[{"taxonomy":"product_brand","embeddable":true,"href":"https:\/\/greenkingdom.ch\/de\/wp-json\/wp\/v2\/product_brand?post=24395"},{"taxonomy":"product_cat","embeddable":true,"href":"https:\/\/greenkingdom.ch\/de\/wp-json\/wp\/v2\/product_cat?post=24395"},{"taxonomy":"product_tag","embeddable":true,"href":"https:\/\/greenkingdom.ch\/de\/wp-json\/wp\/v2\/product_tag?post=24395"}],"curies":[{"name":"wp","href":"https:\/\/api.w.org\/{rel}","templated":true}]}}