{"id":24415,"date":"2024-12-19T15:28:24","date_gmt":"2024-12-19T14:28:24","guid":{"rendered":"https:\/\/greenkingdom.ch\/?post_type=product&#038;p=24415"},"modified":"2025-01-02T14:18:58","modified_gmt":"2025-01-02T13:18:58","slug":"la-salade-alpine-grass-25g","status":"publish","type":"product","link":"https:\/\/greenkingdom.ch\/de\/produkt\/la-salade-alpine-grass-25g\/","title":{"rendered":"Der Salat &#8222;Alpengras&#8220; 25G"},"content":{"rendered":"<h2>Entdecken Sie unsere CBD-Bl\u00fcte Alpengras<\/h2>\n<p>Entdecke <strong>Alpine Grass<\/strong>, unsere Premium-CBD-Bl\u00fcte, die im Freien in den Schweizer Bergen angebaut wird. Dank eines optimalen Klimas und umweltfreundlicher Anbautechniken bietet Ihnen Alpine Grass ein nat\u00fcrliches und authentisches Erlebnis. <\/p>\n<h3>Angebaut in der Schweiz<\/h3>\n<p><strong>Alpine Grass CBD-Bl\u00fcten<\/strong> werden im Freien in den reinen Schweizer Bergen angebaut. Diese au\u00dfergew\u00f6hnliche nat\u00fcrliche Umgebung erm\u00f6glicht es unseren Pflanzen, von sauberer Luft und optimalem Sonnenlicht zu profitieren, was bei jeder Ernte eine hervorragende Qualit\u00e4t gew\u00e4hrleistet. <\/p>\n<h3>Vorteile des Anbaus im Freien<\/h3>\n<ol>\n<li><strong>Nat\u00fcrliche Qualit\u00e4t<\/strong> : Der Anbau im Freien erm\u00f6glicht es den Pflanzen, ihre Aromen und Cannabinoide durch einen nat\u00fcrlichen Wachstumszyklus voll zu entfalten.<\/li>\n<li><strong>Respekt f\u00fcr die Umwelt<\/strong> : Unsere Anbaumethoden minimieren den \u00f6kologischen Fu\u00dfabdruck durch nachhaltige und pestizidfreie Anbautechniken.<\/li>\n<li><strong>Einzigartiges Terroir<\/strong> : Die reichhaltigen B\u00f6den der Schweizer Alpen verleihen der Qualit\u00e4t unserer CBD-Bl\u00fcten eine zus\u00e4tzliche Dimension und bereichern ihr Terpenprofil.<\/li>\n<\/ol>\n<h3>Eigenschaften von Alpine Grass CBD Outdoor<\/h3>\n<ul>\n<li>Intensive Aromen: Genie\u00dfen Sie frische und holzige <strong>aromatische Noten<\/strong>, die typisch f\u00fcr CBD-Bl\u00fcten sind, die in den Bergen angebaut werden.<\/li>\n<li><strong>Hoher CBD-Gehalt<\/strong> : Mit einem optimierten CBD-Gehalt bietet Alpengras eine tiefe Entspannung ohne psychoaktive Wirkungen.<\/li>\n<li><strong>Reinheit und Authentizit\u00e4t<\/strong> : Jede Charge wird im Labor getestet, um maximale Reinheit und die Abwesenheit unerw\u00fcnschter Substanzen zu gew\u00e4hrleisten.<\/li>\n<\/ul>\n<h3>Warum sollten Sie sich f\u00fcr unser in der Schweiz angebautes Alpengras entscheiden?<\/h3>\n<ol>\n<li><strong>Natural Wellness<\/strong> : Ideal f\u00fcr diejenigen, die ein nat\u00fcrliches Wellnessprodukt suchen, bietet Alpine Grass dank seiner therapeutischen Eigenschaften eine effektive Entspannung.<\/li>\n<li><strong>Schweizer Qualit\u00e4t<\/strong> : Profitieren Sie von der weltweiten Reputation der Schweizer Produkte f\u00fcr ihre Qualit\u00e4t und Zuverl\u00e4ssigkeit.<\/li>\n<li><strong>\u00d6kologisches Engagement<\/strong> : Mit der Entscheidung f\u00fcr Alpine Grass unterst\u00fctzen Sie eine umweltfreundliche und nachhaltige Landwirtschaft.<\/li>\n<\/ol>\n<h4>Schlussfolgerung<\/h4>\n<p>Entscheiden Sie sich f\u00fcr die CBD-Bl\u00fcte <strong>Alpine Grass, die<\/strong> sorgf\u00e4ltig in den Schweizer Bergen angebaut wird. Tauchen Sie ein in ein authentisches und nat\u00fcrliches Erlebnis, das f\u00fcr Qualit\u00e4t, Reinheit und Wohlbefinden steht. Entdecken Sie jetzt die Vorteile von CBD, das im Einklang mit der Natur angebaut wird.  <\/p>\n","protected":false},"excerpt":{"rendered":"<p>Entdecken Sie unsere CBD-Bl\u00fcte Alpengras Entdecke Alpine Grass, unsere Premium-CBD-Bl\u00fcte, die im Freien in den Schweizer Bergen angebaut wird. Dank eines optimalen Klimas und umweltfreundlicher Anbautechniken bietet Ihnen Alpine Grass ein nat\u00fcrliches und authentisches Erlebnis. Angebaut in der Schweiz Alpine Grass CBD-Bl\u00fcten werden im Freien in den reinen Schweizer Bergen angebaut. Diese au\u00dfergew\u00f6hnliche nat\u00fcrliche Umgebung [&hellip;]<\/p>\n","protected":false},"featured_media":24419,"comment_status":"open","ping_status":"closed","template":"","meta":{"_seopress_robots_primary_cat":"none","_seopress_titles_title":"","_seopress_titles_desc":"","_seopress_robots_index":""},"product_brand":[],"product_cat":[535],"product_tag":[],"class_list":{"0":"post-24415","1":"product","2":"type-product","3":"status-publish","4":"has-post-thumbnail","6":"product_cat-outdoor-de","9":"instock","10":"taxable","11":"shipping-taxable","12":"purchasable","13":"product-type-simple","14":"product-grid-view"},"_links":{"self":[{"href":"https:\/\/greenkingdom.ch\/de\/wp-json\/wp\/v2\/product\/24415","targetHints":{"allow":["GET"]}}],"collection":[{"href":"https:\/\/greenkingdom.ch\/de\/wp-json\/wp\/v2\/product"}],"about":[{"href":"https:\/\/greenkingdom.ch\/de\/wp-json\/wp\/v2\/types\/product"}],"replies":[{"embeddable":true,"href":"https:\/\/greenkingdom.ch\/de\/wp-json\/wp\/v2\/comments?post=24415"}],"version-history":[{"count":2,"href":"https:\/\/greenkingdom.ch\/de\/wp-json\/wp\/v2\/product\/24415\/revisions"}],"predecessor-version":[{"id":27009,"href":"https:\/\/greenkingdom.ch\/de\/wp-json\/wp\/v2\/product\/24415\/revisions\/27009"}],"wp:featuredmedia":[{"embeddable":true,"href":"https:\/\/greenkingdom.ch\/de\/wp-json\/wp\/v2\/media\/24419"}],"wp:attachment":[{"href":"https:\/\/greenkingdom.ch\/de\/wp-json\/wp\/v2\/media?parent=24415"}],"wp:term":[{"taxonomy":"product_brand","embeddable":true,"href":"https:\/\/greenkingdom.ch\/de\/wp-json\/wp\/v2\/product_brand?post=24415"},{"taxonomy":"product_cat","embeddable":true,"href":"https:\/\/greenkingdom.ch\/de\/wp-json\/wp\/v2\/product_cat?post=24415"},{"taxonomy":"product_tag","embeddable":true,"href":"https:\/\/greenkingdom.ch\/de\/wp-json\/wp\/v2\/product_tag?post=24415"}],"curies":[{"name":"wp","href":"https:\/\/api.w.org\/{rel}","templated":true}]}}