{"id":24435,"date":"2024-12-19T15:32:51","date_gmt":"2024-12-19T14:32:51","guid":{"rendered":"https:\/\/greenkingdom.ch\/?post_type=product&#038;p=24435"},"modified":"2025-01-02T14:19:04","modified_gmt":"2025-01-02T13:19:04","slug":"la-salade-gelato-indoor-3g","status":"publish","type":"product","link":"https:\/\/greenkingdom.ch\/de\/produkt\/la-salade-gelato-indoor-3g\/","title":{"rendered":"Der Indoor Gelato Salat 3G"},"content":{"rendered":"<h2 style=\"font-weight: 500;\">\n            <b><br \/>\n              <strong>Entdecken Sie unsere Indoor Gelato CBD-Bl\u00fcte, ein exquisites Erlebnis, das in der Schweiz angebaut wird<\/strong><br \/>\n            <\/b><br \/>\n          <\/h2>\n<p style=\"font-weight: 400;\">Tauchen Sie ein in die sensorische Eleganz unserer CBD-Gelato-Bl\u00fcte, einer au\u00dfergew\u00f6hnlichen Sorte, die sorgf\u00e4ltig in den malerischen Landschaften der Schweiz im Haus angebaut wird. Wir bei Lasalade sind stolz darauf, Ihnen ein einzigartiges Erlebnis zu bieten, das die Kraft von CBD mit der Delikatesse von Gelato kombiniert. <\/p>\n<p style=\"font-weight: 400;\">\n<h3 style=\"font-weight: 500;\">\n            <b><br \/>\n              <strong>Indoor-Kultur, Exzellenz in der Schweiz<\/strong><br \/>\n            <\/b><br \/>\n          <\/h3>\n<p style=\"font-weight: 400;\">Unsere Gelato CBD-Bl\u00fcten werden mit gr\u00f6\u00dfter Sorgfalt in Innenr\u00e4umen angebaut, in denen jedes Element sorgf\u00e4ltig kontrolliert wird, um eine optimale Qualit\u00e4t zu gew\u00e4hrleisten. Die idealen Umweltbedingungen, kombiniert mit nachhaltigen Anbaumethoden, f\u00fchren zu einer cannabinoidreichen Bl\u00fcte mit einem au\u00dfergew\u00f6hnlichen Terpenprofil. <\/p>\n<p style=\"font-weight: 400;\">\n<h2 style=\"font-weight: 500;\">\n            <b><br \/>\n              <strong>Entdecken Sie die Eleganz von CBD-Gelato im Indoor-Anbau, das aus der Schweiz stammt<\/strong><br \/>\n            <\/b><br \/>\n          <\/h2>\n<p style=\"font-weight: 400;\">Willkommen in Lasalade, wo Exzellenz und Leidenschaft aufeinandertreffen, um ein unvergleichliches CBD-Erlebnis zu schaffen. Unsere CBD-Gelato-Bl\u00fcte, die drinnen in den herrlichen Schweizer Bergen angebaut wird, ist eine Ode an \u00fcberlegene Qualit\u00e4t und exquisites Aroma. Entdecken Sie mit uns diese einzigartige Sorte, die die Potenz von Cannabis mit der Raffinesse von Gelato kombiniert.  <\/p>\n<p style=\"font-weight: 400;\">\n<h3 style=\"font-weight: 500;\">\n            <b><br \/>\n              <strong>Indoor-Kultur in der Schweiz: Die Kunst der Pr\u00e4zision<\/strong><br \/>\n            <\/b><br \/>\n          <\/h3>\n<p style=\"font-weight: 400;\">Unser Gelato CBD wird fachm\u00e4nnisch in Innenr\u00e4umen unter sorgf\u00e4ltig kontrollierten Bedingungen angebaut. Jede Pflanze wird verw\u00f6hnt, um ihr Potenzial zu maximieren und eine optimale Konzentration an Cannabinoiden zu gew\u00e4hrleisten. Die Schweiz, der Geburtsort unserer CBD-Bl\u00fcten, bietet ein au\u00dfergew\u00f6hnliches Terroir, das unserem Gelato eine einzigartige Identit\u00e4t und au\u00dfergew\u00f6hnliche Eigenschaften verleiht.  <\/p>\n<p style=\"font-weight: 400;\">\n<h3 style=\"font-weight: 500;\">\n            <b><br \/>\n              <strong>Gelato: eine Palette intensiver Aromen<\/strong><br \/>\n            <\/b><br \/>\n          <\/h3>\n<p style=\"font-weight: 400;\">Gelato ist bekannt f\u00fcr sein komplexes Bouquet von Aromen, das s\u00fc\u00dfe, fruchtige und w\u00fcrzige Noten mischt. Unsere erfahrenen Z\u00fcchter haben diese charakteristischen Eigenschaften in jeder Knospe bewahrt und so ein reichhaltiges sensorisches Erlebnis geschaffen. Die Aromen von saftigen Beeren, Vanillecreme und Erde erinnern an die au\u00dfergew\u00f6hnliche Qualit\u00e4t unseres CBD Gelato.  <\/p>\n<p style=\"font-weight: 400;\">\n<h2 style=\"font-weight: 500;\">\n            <b><br \/>\n              <strong>Schweizer CBD-Bl\u00fcten: eine Qualit\u00e4tsgarantie<\/strong><br \/>\n            <\/b><br \/>\n          <\/h2>\n<p style=\"font-weight: 400;\">Die Schweizer Herkunft unserer CBD-Bl\u00fcten ist ein Beweis f\u00fcr unser Engagement f\u00fcr Exzellenz. Die reichhaltigen B\u00f6den und idealen klimatischen Bedingungen verleihen unserem Gelato CBD einzigartige Eigenschaften. Jede Charge wird strengen Tests unterzogen, um die Einhaltung der h\u00f6chsten Standards zu gew\u00e4hrleisten und bei jeder Bestellung ein reines und wirksames Produkt zu gew\u00e4hrleisten.  <\/p>\n<p style=\"font-weight: 400;\">\n<p style=\"font-weight: 400;\">\n<h3 style=\"font-weight: 500;\">\n            <b><br \/>\n              <strong>Bestellen Sie noch heute Ihr CBD-Gelato<\/strong><br \/>\n            <\/b><br \/>\n          <\/h3>\n<p style=\"font-weight: 400;\">Verwandeln Sie Ihr CBD-Erlebnis mit der Gelato CBD-Bl\u00fcte von Lasalade. Bestellen Sie noch heute und tauchen Sie ein in eine Welt voller exquisiter Aromen, entspannender Wirkung und unvergleichlicher Schweizer Qualit\u00e4t. Bei Lasalade definieren wir die Exzellenz von Cannabis neu, um Dir ein einzigartiges und unvergessliches Erlebnis zu bieten.  <\/p>\n<p style=\"font-weight: 400;\">\n<h2 style=\"font-weight: 500;\">\n            <b><br \/>\n              <strong>Die faszinierende Herkunft des Gelato-Stammes: eine Reise durch Aromen und Erbe<\/strong><br \/>\n            <\/b><br \/>\n          <\/h2>\n<p style=\"font-weight: 400;\">Gelato, eine bekannte Hybrid-Cannabissorte, hat ihre Wurzeln in der handwerklichen Expertise kalifornischer Z\u00fcchter. Gelato ist aus der Kreuzung der ber\u00fchmten Sorten Sunset Sherbet und Thin Mint Girl Scout Cookies hervorgegangen und wurde aus einem unerm\u00fcdlichen Bestreben heraus geboren, die Aromen, Wirkungen und Genetik von Cannabis zu perfektionieren. <\/p>\n<p style=\"font-weight: 400;\">\n<h2 style=\"font-weight: 500;\">\n            <b><br \/>\n              <strong>Kalifornien: Der Geburtsort des Gelato<\/strong><br \/>\n            <\/b><br \/>\n          <\/h2>\n<p style=\"font-weight: 400;\">Die sonnigen H\u00fcgel Kaliforniens waren der Geburtsort von Gelato, dem Ergebnis eines hochmodernen und innovativen Cannabisanbaus. Die leidenschaftlichen Handwerker, die diese Sorte kreiert haben, haben versucht, das Beste aus beiden Welten zu kombinieren und ein einzigartiges und fesselndes Erlebnis zu schaffen. Die idealen Bedingungen in Kalifornien erm\u00f6glichten es Gelato, zu gedeihen und zu einer ikonischen Sorte zu werden.  <\/p>\n<p style=\"font-weight: 400;\">\n<h3 style=\"font-weight: 500;\">\n            <b><br \/>\n              <strong>Komplexe und nuancierte Aromen<\/strong><br \/>\n            <\/b><br \/>\n          <\/h3>\n<p style=\"font-weight: 400;\">Die komplexe Genetik von Gelato spiegelt sich in ihren reichhaltigen und nuancierten Aromen wider. Die s\u00fc\u00dfen Nuancen reifer Beeren verschmelzen harmonisch mit erdigen und w\u00fcrzigen Noten und sorgen f\u00fcr ein unnachahmliches aromatisches Bouquet. Diese Geschmackstiefe ist das Ergebnis eines delikaten Gleichgewichts zwischen den Vorfahren des Gelato, das ein unvergleichliches Geschmackserlebnis bietet.  <\/p>\n<p style=\"font-weight: 400;\">\n<h2 style=\"font-weight: 500;\">\n            <b><br \/>\n              <strong>Die Schweiz: Ein neues Heimatland f\u00fcr CBD-Gelato<\/strong><br \/>\n            <\/b><br \/>\n          <\/h2>\n<p style=\"font-weight: 400;\">Unser Gelato CBD, das mit Leidenschaft in der Schweiz angebaut wird, ist das Ergebnis einer sorgf\u00e4ltigen Auswahl der besten Genetik. Die Kombination aus kalifornischem Erbe und einzigartigem Schweizer Terroir f\u00fchrt zu einem au\u00dfergew\u00f6hnlichen CBD-Gelato, das die Essenz der urspr\u00fcnglichen Sorte einf\u00e4ngt und gleichzeitig die unverwechselbare Qualit\u00e4t der Schweiz widerspiegelt. <\/p>\n<p style=\"font-weight: 400;\">\n<h2 style=\"font-weight: 500;\">\n            <b><br \/>\n              <strong>Das Verm\u00e4chtnis weitergeben mit Lasalade CBD<\/strong><br \/>\n            <\/b><br \/>\n          <\/h2>\n<p style=\"font-weight: 400;\">Wir bei Lasalade sind stolz darauf, das Erbe von Gelato fortzuf\u00fchren, indem wir eine hochwertige CBD-Version anbieten. Jede Knospe, die wir anbauen, tr\u00e4gt den Einfluss Kaliforniens und den unverwechselbaren Schweizer Touch in sich und bietet ein CBD-Erlebnis, das reich an Geschichte und Geschmack ist. <\/p>\n<p style=\"font-weight: 400;\">\n<h3 style=\"font-weight: 500;\">\n            <b><br \/>\n              <strong>Eine Einladung zum Entdecken<\/strong><br \/>\n            <\/b><br \/>\n          <\/h3>\n<p style=\"font-weight: 400;\">Tauchen Sie ein in die fesselnde Geschichte von CBD Gelato mit Lasalade. Bestellen Sie noch heute und entdecken Sie die Aromen, Empfindungen und die Geschichte, die Gelato zu einer einzigartigen und gesch\u00e4tzten Sorte machen. Bei La Salade CBD ist jede CBD-Bl\u00fcte eine Einladung zum Erkunden, eine Feier des Erbes und eine authentische Erfahrung, die es zu teilen gilt.  <\/p>\n","protected":false},"excerpt":{"rendered":"<p>Entdecken Sie unsere Indoor Gelato CBD-Bl\u00fcte, ein exquisites Erlebnis, das in der Schweiz angebaut wird Tauchen Sie ein in die sensorische Eleganz unserer CBD-Gelato-Bl\u00fcte, einer au\u00dfergew\u00f6hnlichen Sorte, die sorgf\u00e4ltig in den malerischen Landschaften der Schweiz im Haus angebaut wird. Wir bei Lasalade sind stolz darauf, Ihnen ein einzigartiges Erlebnis zu bieten, das die Kraft von [&hellip;]<\/p>\n","protected":false},"featured_media":24439,"comment_status":"open","ping_status":"closed","template":"","meta":{"_seopress_robots_primary_cat":"none","_seopress_titles_title":"","_seopress_titles_desc":"","_seopress_robots_index":""},"product_brand":[],"product_cat":[532],"product_tag":[],"class_list":{"0":"post-24435","1":"product","2":"type-product","3":"status-publish","4":"has-post-thumbnail","6":"product_cat-indoor-de","9":"instock","10":"taxable","11":"shipping-taxable","12":"purchasable","13":"product-type-simple","14":"product-grid-view"},"_links":{"self":[{"href":"https:\/\/greenkingdom.ch\/de\/wp-json\/wp\/v2\/product\/24435","targetHints":{"allow":["GET"]}}],"collection":[{"href":"https:\/\/greenkingdom.ch\/de\/wp-json\/wp\/v2\/product"}],"about":[{"href":"https:\/\/greenkingdom.ch\/de\/wp-json\/wp\/v2\/types\/product"}],"replies":[{"embeddable":true,"href":"https:\/\/greenkingdom.ch\/de\/wp-json\/wp\/v2\/comments?post=24435"}],"version-history":[{"count":2,"href":"https:\/\/greenkingdom.ch\/de\/wp-json\/wp\/v2\/product\/24435\/revisions"}],"predecessor-version":[{"id":27016,"href":"https:\/\/greenkingdom.ch\/de\/wp-json\/wp\/v2\/product\/24435\/revisions\/27016"}],"wp:featuredmedia":[{"embeddable":true,"href":"https:\/\/greenkingdom.ch\/de\/wp-json\/wp\/v2\/media\/24439"}],"wp:attachment":[{"href":"https:\/\/greenkingdom.ch\/de\/wp-json\/wp\/v2\/media?parent=24435"}],"wp:term":[{"taxonomy":"product_brand","embeddable":true,"href":"https:\/\/greenkingdom.ch\/de\/wp-json\/wp\/v2\/product_brand?post=24435"},{"taxonomy":"product_cat","embeddable":true,"href":"https:\/\/greenkingdom.ch\/de\/wp-json\/wp\/v2\/product_cat?post=24435"},{"taxonomy":"product_tag","embeddable":true,"href":"https:\/\/greenkingdom.ch\/de\/wp-json\/wp\/v2\/product_tag?post=24435"}],"curies":[{"name":"wp","href":"https:\/\/api.w.org\/{rel}","templated":true}]}}