{"id":24467,"date":"2024-12-19T15:53:13","date_gmt":"2024-12-19T14:53:13","guid":{"rendered":"https:\/\/greenkingdom.ch\/?post_type=product&#038;p=24467"},"modified":"2025-01-02T14:19:02","modified_gmt":"2025-01-02T13:19:02","slug":"la-salade-ed-rosenthal-15g","status":"publish","type":"product","link":"https:\/\/greenkingdom.ch\/de\/produkt\/la-salade-ed-rosenthal-15g\/","title":{"rendered":"Der &#8222;Ed Rosenthal&#8220; Gew\u00e4chshaussalat 15G"},"content":{"rendered":"<h2 style=\"font-weight: 500;\">\n            <b><br \/>\n              <strong>CBD-Gew\u00e4chshaus Ed Rosenthal<\/strong><br \/>\n            <\/b><br \/>\n          <\/h2>\n<p style=\"font-weight: 400;\">Diese CBD-Gew\u00e4chshausbl\u00fcte der Sorte Ed Rosenthal steht an der Spitze der Qualit\u00e4t von Cannabisbl\u00fcten, die in der Schweiz im Gew\u00e4chshaus angebaut werden. Diese legale Cannabidiol-Sorte hat einen Indica\/Sativa-Hybriden. <\/p>\n<p style=\"font-weight: 400;\">\n<h2 style=\"font-weight: 500;\">\n            <b><br \/>\n              <strong>Ein Indica\/Sativa-Hybrid mit beruhigender Wirkung<\/strong><br \/>\n            <\/b><br \/>\n          <\/h2>\n<p style=\"font-weight: 400;\">Diese CBD-Cannabisbl\u00fcte ist in der Schweiz mit einem CBD-Gehalt von 21% legal, was sie zu einem interessanten Preis-Leistungs-Verh\u00e4ltnis macht. Leichte und kompakte gr\u00fcne Knospen mit orangefarbenen Stempeln, die ihr ein attraktives Aussehen verleihen. Kombiniert mit Haselnussaromen und Noten von Erdnussbutter entf\u00fchrt Sie diese CBD-Bl\u00fcte in ein beruhigendes und erholsames Universum&#8230;  <\/p>\n<p style=\"font-weight: 400;\">\n<p style=\"font-weight: 400;\">Also, worauf warten Sie noch, um es auszuprobieren?<\/p>\n<p style=\"font-weight: 400;\">\n<h2 style=\"font-weight: 500;\">\n            <b><br \/>\n              <strong> <\/strong><br \/>\n            <\/b><br \/>\n            <b><br \/>\n              <strong>Wie man CBD-Bl\u00fcten konsumiert<\/strong><br \/>\n            <\/b><br \/>\n          <\/h2>\n<p style=\"font-weight: 400;\">Beim Konsum von CBD-Bl\u00fcten gibt es mehrere M\u00f6glichkeiten, die den therapeutischen Nutzen oder andere medizinische Tugenden mehr oder weniger optimieren. Die Verdampfung ist eine ideale L\u00f6sung, um unsere Atemwege vor den Auswirkungen des Tabaks zu sch\u00fctzen. Der Verzehr von Hanf als Aufguss (Trinken von Kr\u00e4utertee) ist auch eine hervorragende M\u00f6glichkeit, die Vorteile von Cannabidiol zu genie\u00dfen: Alles, was Sie tun m\u00fcssen, ist, es in kochendem Wasser ziehen zu lassen, ohne zu vergessen, Fett hinzuzuf\u00fcgen, da CBD fettl\u00f6slich ist.  <\/p>\n","protected":false},"excerpt":{"rendered":"<p>CBD-Gew\u00e4chshaus Ed Rosenthal Diese CBD-Gew\u00e4chshausbl\u00fcte der Sorte Ed Rosenthal steht an der Spitze der Qualit\u00e4t von Cannabisbl\u00fcten, die in der Schweiz im Gew\u00e4chshaus angebaut werden. Diese legale Cannabidiol-Sorte hat einen Indica\/Sativa-Hybriden. Ein Indica\/Sativa-Hybrid mit beruhigender Wirkung Diese CBD-Cannabisbl\u00fcte ist in der Schweiz mit einem CBD-Gehalt von 21% legal, was sie zu einem interessanten Preis-Leistungs-Verh\u00e4ltnis macht. [&hellip;]<\/p>\n","protected":false},"featured_media":24471,"comment_status":"open","ping_status":"closed","template":"","meta":{"_seopress_robots_primary_cat":"none","_seopress_titles_title":"","_seopress_titles_desc":"","_seopress_robots_index":""},"product_brand":[],"product_cat":[538],"product_tag":[],"class_list":{"0":"post-24467","1":"product","2":"type-product","3":"status-publish","4":"has-post-thumbnail","6":"product_cat-unter-gewachshaus","9":"instock","10":"taxable","11":"shipping-taxable","12":"purchasable","13":"product-type-simple","14":"product-grid-view"},"_links":{"self":[{"href":"https:\/\/greenkingdom.ch\/de\/wp-json\/wp\/v2\/product\/24467","targetHints":{"allow":["GET"]}}],"collection":[{"href":"https:\/\/greenkingdom.ch\/de\/wp-json\/wp\/v2\/product"}],"about":[{"href":"https:\/\/greenkingdom.ch\/de\/wp-json\/wp\/v2\/types\/product"}],"replies":[{"embeddable":true,"href":"https:\/\/greenkingdom.ch\/de\/wp-json\/wp\/v2\/comments?post=24467"}],"version-history":[{"count":2,"href":"https:\/\/greenkingdom.ch\/de\/wp-json\/wp\/v2\/product\/24467\/revisions"}],"predecessor-version":[{"id":27012,"href":"https:\/\/greenkingdom.ch\/de\/wp-json\/wp\/v2\/product\/24467\/revisions\/27012"}],"wp:featuredmedia":[{"embeddable":true,"href":"https:\/\/greenkingdom.ch\/de\/wp-json\/wp\/v2\/media\/24471"}],"wp:attachment":[{"href":"https:\/\/greenkingdom.ch\/de\/wp-json\/wp\/v2\/media?parent=24467"}],"wp:term":[{"taxonomy":"product_brand","embeddable":true,"href":"https:\/\/greenkingdom.ch\/de\/wp-json\/wp\/v2\/product_brand?post=24467"},{"taxonomy":"product_cat","embeddable":true,"href":"https:\/\/greenkingdom.ch\/de\/wp-json\/wp\/v2\/product_cat?post=24467"},{"taxonomy":"product_tag","embeddable":true,"href":"https:\/\/greenkingdom.ch\/de\/wp-json\/wp\/v2\/product_tag?post=24467"}],"curies":[{"name":"wp","href":"https:\/\/api.w.org\/{rel}","templated":true}]}}