{"id":24487,"date":"2024-12-19T15:56:10","date_gmt":"2024-12-19T14:56:10","guid":{"rendered":"https:\/\/greenkingdom.ch\/?post_type=product&#038;p=24487"},"modified":"2025-01-02T14:19:05","modified_gmt":"2025-01-02T13:19:05","slug":"la-salade-amnesia-hydro-indoor-6g","status":"publish","type":"product","link":"https:\/\/greenkingdom.ch\/de\/produkt\/la-salade-amnesia-hydro-indoor-6g\/","title":{"rendered":"Der &#8222;Amnesia&#8220; Indoor Hydro 6G Salat"},"content":{"rendered":"<h1>Amnesia CBD-Bl\u00fcten, die in Innenr\u00e4umen mit Hydrokultur angebaut werden<\/h1>\n<p>Entdecken Sie unsere Amnesia CBD-Bl\u00fcten, ein au\u00dfergew\u00f6hnliches Produkt, das im Innenbereich mit dem Hydrokultursystem direkt aus der Schweiz angebaut wird. Genie\u00dfe ein einzigartiges Wellness-Erlebnis mit dieser Premium-Sorte, die f\u00fcr ihre \u00fcberlegenen Qualit\u00e4ten und beruhigende Wirkung bekannt ist. <\/p>\n<h2>Schweizer Herkunft und Hydrokultur<\/h2>\n<p>Unsere Amnesia CBD-Bl\u00fcten stammen von den besten Schweizer Plantagen, wo sie mit gr\u00f6\u00dfter Sorgfalt im Innenbereich angebaut werden. Die Verwendung des hydroponischen Systems gew\u00e4hrleistet eine gleichbleibende Qualit\u00e4t und un\u00fcbertroffene Reinheit, so dass die Pflanzen von optimalen N\u00e4hrstoffen und einer kontrollierten Umgebung profitieren k\u00f6nnen. <\/p>\n<h3>Qualit\u00e4ten und Eigenschaften der Amnesia Sorte<\/h3>\n<ul>\n<li><strong>Aroma und Geschmack<\/strong> : Amnesia zeichnet sich durch sein intensives und komplexes Aroma aus, das erdige Noten mit zitronigen und w\u00fcrzigen Noten verbindet. Eine Verkostung, die die Sinne weckt und ein au\u00dfergew\u00f6hnliches Geruchs- und Geschmackserlebnis bietet. <\/li>\n<li><strong>CBD-Gehalt<\/strong> : Unsere Amnesia CBD-Bl\u00fcten haben einen hohen CBD-Gehalt, ideal f\u00fcr alle, die eine entspannende und beruhigende Wirkung ohne die psychoaktive Wirkung von THC suchen.<\/li>\n<li><strong>Aussehen<\/strong> : Die Bl\u00fcten sind dicht und harzig und zeugen von der \u00fcberlegenen Qualit\u00e4t unseres Indoor-Anbaus. Ihre leuchtend gr\u00fcne Farbe und die schimmernden Trichome versprechen ein visuelles Erlebnis, das ihrer Qualit\u00e4t entspricht. <\/li>\n<\/ul>\n<h4>Vorteile und Verwendung<\/h4>\n<p>Amnesia CBD-Bl\u00fcten sind perfekt, um die Entspannung zu f\u00f6rdern, Stress abzubauen und den Schlaf zu verbessern. Egal, ob Sie Aufg\u00fcsse, Verdampfung oder die Integration in kulinarische Rezepte bevorzugen, unsere Amnesia passt sich all Ihren W\u00fcnschen an und bietet Ihnen gleichzeitig optimale Entspannung. <\/p>\n<h4>Engagement und Qualit\u00e4t<\/h4>\n<p>Wir sind bestrebt, Ihnen CBD-Produkte von h\u00f6chster Qualit\u00e4t anzubieten, die nach hohen Standards in der Schweiz angebaut werden. Jede Charge wird im Labor getestet, um Reinheit und Wirksamkeit zu gew\u00e4hrleisten und Ihnen ein sicheres und angenehmes Trinkerlebnis zu gew\u00e4hrleisten. <\/p>\n<h3>Kaufen Sie unsere Amnesia CBD-Bl\u00fcten<\/h3>\n<p>Entscheiden Sie sich f\u00fcr unsere Amnesia CBD-Bl\u00fcten, die in Innenr\u00e4umen mit dem Hydrokultursystem angebaut werden, und entdecken Sie den Qualit\u00e4tsunterschied, den nur ein sorgf\u00e4ltiger Anbau bieten kann. Bestellen Sie noch heute und genie\u00dfen Sie eine schnelle und diskrete Lieferung. Wenn Sie sich f\u00fcr unsere Amnesia entscheiden, entscheiden Sie sich f\u00fcr eine erstklassige Schweizer CBD-Bl\u00fcte, die fachm\u00e4nnisch f\u00fcr Ihr Wohlbefinden angebaut wurde. <\/p>\n","protected":false},"excerpt":{"rendered":"<p>Amnesia CBD-Bl\u00fcten, die in Innenr\u00e4umen mit Hydrokultur angebaut werden Entdecken Sie unsere Amnesia CBD-Bl\u00fcten, ein au\u00dfergew\u00f6hnliches Produkt, das im Innenbereich mit dem Hydrokultursystem direkt aus der Schweiz angebaut wird. Genie\u00dfe ein einzigartiges Wellness-Erlebnis mit dieser Premium-Sorte, die f\u00fcr ihre \u00fcberlegenen Qualit\u00e4ten und beruhigende Wirkung bekannt ist. Schweizer Herkunft und Hydrokultur Unsere Amnesia CBD-Bl\u00fcten stammen von [&hellip;]<\/p>\n","protected":false},"featured_media":24491,"comment_status":"open","ping_status":"closed","template":"","meta":{"_seopress_robots_primary_cat":"none","_seopress_titles_title":"","_seopress_titles_desc":"","_seopress_robots_index":""},"product_brand":[],"product_cat":[532],"product_tag":[],"class_list":{"0":"post-24487","1":"product","2":"type-product","3":"status-publish","4":"has-post-thumbnail","6":"product_cat-indoor-de","9":"instock","10":"taxable","11":"shipping-taxable","12":"purchasable","13":"product-type-simple","14":"product-grid-view"},"_links":{"self":[{"href":"https:\/\/greenkingdom.ch\/de\/wp-json\/wp\/v2\/product\/24487","targetHints":{"allow":["GET"]}}],"collection":[{"href":"https:\/\/greenkingdom.ch\/de\/wp-json\/wp\/v2\/product"}],"about":[{"href":"https:\/\/greenkingdom.ch\/de\/wp-json\/wp\/v2\/types\/product"}],"replies":[{"embeddable":true,"href":"https:\/\/greenkingdom.ch\/de\/wp-json\/wp\/v2\/comments?post=24487"}],"version-history":[{"count":2,"href":"https:\/\/greenkingdom.ch\/de\/wp-json\/wp\/v2\/product\/24487\/revisions"}],"predecessor-version":[{"id":27017,"href":"https:\/\/greenkingdom.ch\/de\/wp-json\/wp\/v2\/product\/24487\/revisions\/27017"}],"wp:featuredmedia":[{"embeddable":true,"href":"https:\/\/greenkingdom.ch\/de\/wp-json\/wp\/v2\/media\/24491"}],"wp:attachment":[{"href":"https:\/\/greenkingdom.ch\/de\/wp-json\/wp\/v2\/media?parent=24487"}],"wp:term":[{"taxonomy":"product_brand","embeddable":true,"href":"https:\/\/greenkingdom.ch\/de\/wp-json\/wp\/v2\/product_brand?post=24487"},{"taxonomy":"product_cat","embeddable":true,"href":"https:\/\/greenkingdom.ch\/de\/wp-json\/wp\/v2\/product_cat?post=24487"},{"taxonomy":"product_tag","embeddable":true,"href":"https:\/\/greenkingdom.ch\/de\/wp-json\/wp\/v2\/product_tag?post=24487"}],"curies":[{"name":"wp","href":"https:\/\/api.w.org\/{rel}","templated":true}]}}