{"id":24515,"date":"2024-12-19T15:59:08","date_gmt":"2024-12-19T14:59:08","guid":{"rendered":"https:\/\/greenkingdom.ch\/?post_type=product&#038;p=24515"},"modified":"2025-01-02T14:12:41","modified_gmt":"2025-01-02T13:12:41","slug":"la-salade-greenhouse-mix-5g","status":"publish","type":"product","link":"https:\/\/greenkingdom.ch\/de\/produkt\/la-salade-greenhouse-mix-5g\/","title":{"rendered":"Der &#8222;Greenhouse Mix&#8220; 5G Salat"},"content":{"rendered":"<h2>CBD-Bl\u00fctenbeutel: Gew\u00e4chshaus-CBD-Mischung<\/h2>\n<p>Entdecken Sie unsere CBD-Bl\u00fctentasche, Greenhouse CBD Mix, ein Flaggschiff-Produkt f\u00fcr Liebhaber des nat\u00fcrlichen Wohlbefindens. Unsere CBD-Bl\u00fcten werden in der Schweiz sorgf\u00e4ltig in Gew\u00e4chsh\u00e4usern angebaut, die f\u00fcr die besten Wachstumsbedingungen optimiert sind, und sind die perfekte Wahl f\u00fcr alle, die das ultimative Entspannungserlebnis suchen. <\/p>\n<h3>Eigenschaften der Gew\u00e4chshaus-CBD-Mischung<\/h3>\n<ul>\n<li><strong>Premium-Qualit\u00e4t<\/strong> : Unsere CBD-Bl\u00fcten werden in Gew\u00e4chsh\u00e4usern in der Schweiz angebaut, wodurch die Anbauumgebung kontrolliert werden kann, um eine gleichbleibende und optimale Qualit\u00e4t zu gew\u00e4hrleisten.<\/li>\n<li><strong>Entspannende Wirkung<\/strong> : Genie\u00dfen Sie die beruhigenden Vorteile von CBD, um Stress abzubauen und ein Gef\u00fchl des Wohlbefindens zu f\u00f6rdern.<\/li>\n<li><strong>Nat\u00fcrliche Aromen<\/strong> : Eine subtile Mischung aus blumigen und erdigen Aromen f\u00fcr ein einzigartiges sensorisches Erlebnis.<\/li>\n<li><strong>THC:<\/strong> Unsere Bl\u00fcten haben garantiert -1% THC, was bedeutet, dass sie keine psychoaktive Wirkung haben und in vielen L\u00e4ndern legal sind.<\/li>\n<li><strong>Gemischte Sorte<\/strong> : Dieser Beutel enth\u00e4lt eine Mischung aus all unseren Gew\u00e4chshausbl\u00fcten und bietet eine Vielzahl von Geschmacksrichtungen und Effekten f\u00fcr ein abwechslungsreiches Erlebnis.<\/li>\n<\/ul>\n<h3>Vorteile von CBD Bl\u00fcten Gew\u00e4chshaus Schweiz<\/h3>\n<ul>\n<li><strong>\u00d6kologischer Anbau<\/strong> : Unsere umweltfreundlichen Anbaumethoden tragen zum Erhalt der Artenvielfalt bei.<\/li>\n<li><strong>Cannabinoid-Reichtum<\/strong> : Jeder Beutel enth\u00e4lt eine hohe Konzentration an CBD f\u00fcr eine maximierte Wirkung.<\/li>\n<li><strong>Vielseitigkeit der Verwendung<\/strong> : Ideal zum Brauen, Verdampfen oder Kochen, um CBD einfach in Ihre t\u00e4gliche Routine zu integrieren.<\/li>\n<li><strong>G\u00fcnstig<\/strong> : Diese Tasche wird zu einem erschwinglichen Preis angeboten und erm\u00f6glicht es Ihnen, die Vorteile von CBD zu genie\u00dfen, ohne die Bank zu sprengen.<\/li>\n<\/ul>\n<h3>Warum sollten Sie sich f\u00fcr Greenhouse CBD Mix entscheiden?<\/h3>\n<p>Wenn Sie sich f\u00fcr den Greenhouse CBD Mix entscheiden, entscheiden Sie sich f\u00fcr einen nat\u00fcrlichen und effektiven Ansatz, um Ihr Wohlbefinden zu verbessern. Egal, ob Du ein erfahrener Konsument oder neu in der Welt des CBD bist, diese Mischung ist so konzipiert, dass sie Premium-Qualit\u00e4t und greifbare Ergebnisse liefert. Greenhouse CBD Mix &#8211; Die nat\u00fcrliche L\u00f6sung f\u00fcr optimale Entspannung, ab sofort in unserem Onlineshop erh\u00e4ltlich. Ver\u00e4ndern Sie Ihr t\u00e4gliches Leben mit der Kraft von CBD-Bl\u00fcten, die in Gew\u00e4chsh\u00e4usern in der Schweiz angebaut werden. Mit dem Kauf unseres CBD-Mixes f\u00fcr das Gew\u00e4chshaus investieren Sie in ein Produkt von h\u00f6chster Qualit\u00e4t, das getestet und zugelassen wurde, um ein sicheres und angenehmes CBD-Erlebnis zu gew\u00e4hrleisten. Warten Sie nicht l\u00e4nger, um die Vorteile von CBD mit unserer exklusiven und g\u00fcnstigen Mischung zu entdecken.  <\/p>\n<h3>Jetzt bestellen<\/h3>\n<p>Bestellen Sie jetzt und sp\u00fcren Sie den Unterschied der Schweizer CBD-Bl\u00fcten! Genie\u00dfen Sie unseren Greenhouse CBD Mix f\u00fcr das ultimative Entspannungserlebnis zu einem erschwinglichen Preis <\/p>\n","protected":false},"excerpt":{"rendered":"<p>CBD-Bl\u00fctenbeutel: Gew\u00e4chshaus-CBD-Mischung Entdecken Sie unsere CBD-Bl\u00fctentasche, Greenhouse CBD Mix, ein Flaggschiff-Produkt f\u00fcr Liebhaber des nat\u00fcrlichen Wohlbefindens. Unsere CBD-Bl\u00fcten werden in der Schweiz sorgf\u00e4ltig in Gew\u00e4chsh\u00e4usern angebaut, die f\u00fcr die besten Wachstumsbedingungen optimiert sind, und sind die perfekte Wahl f\u00fcr alle, die das ultimative Entspannungserlebnis suchen. Eigenschaften der Gew\u00e4chshaus-CBD-Mischung Premium-Qualit\u00e4t : Unsere CBD-Bl\u00fcten werden in Gew\u00e4chsh\u00e4usern [&hellip;]<\/p>\n","protected":false},"featured_media":24519,"comment_status":"open","ping_status":"closed","template":"","meta":{"_seopress_robots_primary_cat":"none","_seopress_titles_title":"","_seopress_titles_desc":"","_seopress_robots_index":""},"product_brand":[],"product_cat":[538],"product_tag":[],"class_list":{"0":"post-24515","1":"product","2":"type-product","3":"status-publish","4":"has-post-thumbnail","6":"product_cat-unter-gewachshaus","9":"instock","10":"taxable","11":"shipping-taxable","12":"purchasable","13":"product-type-simple","14":"product-grid-view"},"_links":{"self":[{"href":"https:\/\/greenkingdom.ch\/de\/wp-json\/wp\/v2\/product\/24515","targetHints":{"allow":["GET"]}}],"collection":[{"href":"https:\/\/greenkingdom.ch\/de\/wp-json\/wp\/v2\/product"}],"about":[{"href":"https:\/\/greenkingdom.ch\/de\/wp-json\/wp\/v2\/types\/product"}],"replies":[{"embeddable":true,"href":"https:\/\/greenkingdom.ch\/de\/wp-json\/wp\/v2\/comments?post=24515"}],"version-history":[{"count":2,"href":"https:\/\/greenkingdom.ch\/de\/wp-json\/wp\/v2\/product\/24515\/revisions"}],"predecessor-version":[{"id":26954,"href":"https:\/\/greenkingdom.ch\/de\/wp-json\/wp\/v2\/product\/24515\/revisions\/26954"}],"wp:featuredmedia":[{"embeddable":true,"href":"https:\/\/greenkingdom.ch\/de\/wp-json\/wp\/v2\/media\/24519"}],"wp:attachment":[{"href":"https:\/\/greenkingdom.ch\/de\/wp-json\/wp\/v2\/media?parent=24515"}],"wp:term":[{"taxonomy":"product_brand","embeddable":true,"href":"https:\/\/greenkingdom.ch\/de\/wp-json\/wp\/v2\/product_brand?post=24515"},{"taxonomy":"product_cat","embeddable":true,"href":"https:\/\/greenkingdom.ch\/de\/wp-json\/wp\/v2\/product_cat?post=24515"},{"taxonomy":"product_tag","embeddable":true,"href":"https:\/\/greenkingdom.ch\/de\/wp-json\/wp\/v2\/product_tag?post=24515"}],"curies":[{"name":"wp","href":"https:\/\/api.w.org\/{rel}","templated":true}]}}