{"id":24555,"date":"2024-12-19T16:06:39","date_gmt":"2024-12-19T15:06:39","guid":{"rendered":"https:\/\/greenkingdom.ch\/?post_type=product&#038;p=24555"},"modified":"2025-01-02T14:12:42","modified_gmt":"2025-01-02T13:12:42","slug":"la-salade-wild-berry-5g","status":"publish","type":"product","link":"https:\/\/greenkingdom.ch\/de\/produkt\/la-salade-wild-berry-5g\/","title":{"rendered":"Der Indoor-5G-Salat &#8222;Wild Berry&#8220;"},"content":{"rendered":"<h2>Wildbeere CBD-Bl\u00fcte<\/h2>\n<p>Entdecken Sie <strong>Wild Berry<\/strong>, unsere Premium-CBD-Bl\u00fcte, die in der Schweiz im Innenbereich angebaut wird. Dank einer rigorosen Kontrolle der Anbaubedingungen bietet Wild Berry ein au\u00dfergew\u00f6hnliches aromatisches Erlebnis und Wellness-Vorteile, ideal f\u00fcr anspruchsvolle CBD-Liebhaber. <\/p>\n<h3>Angebaut in der Schweiz im Innenbereich<\/h3>\n<p><strong>Wild Berry CBD-Bl\u00fcten<\/strong> werden in der Schweiz in hochmodernen Anlagen in Innenr\u00e4umen angebaut. Diese Anbaumethode schafft eine perfekt kontrollierte Umgebung, die bei jeder Ernte eine optimale Qualit\u00e4t und eine unvergleichliche Konsistenz gew\u00e4hrleistet. <\/p>\n<h3>Vorteile des Indoor-Anbaus<\/h3>\n<ol>\n<li><strong>\u00dcberlegene Qualit\u00e4t<\/strong> : Der Indoor-Anbau erm\u00f6glicht eine pr\u00e4zise Kontrolle von Licht, Temperatur und Luftfeuchtigkeit und gew\u00e4hrleistet so eine gleichbleibende und \u00fcberlegene Qualit\u00e4t bei jeder Ernte.<\/li>\n<li><strong>Sch\u00e4dlingsschutz<\/strong> : Beim Anbau in Innenr\u00e4umen sind unsere Pflanzen vor Sch\u00e4dlingen und Krankheiten gesch\u00fctzt, wodurch der Bedarf an Pestiziden reduziert und maximale Reinheit gew\u00e4hrleistet wird.<\/li>\n<li><strong>Ganzj\u00e4hrige Ernte: Der Indoor-Anbau<\/strong> ist nicht den Jahreszeiten unterworfen, was eine kontinuierliche Produktion und st\u00e4ndige Verf\u00fcgbarkeit unserer CBD-Bl\u00fcten erm\u00f6glicht.<\/li>\n<\/ol>\n<h3>Eigenschaften von Wild Berry CBD-Bl\u00fcten<\/h3>\n<ul>\n<li><strong>Fruchtige Aromen<\/strong> : Genie\u00dfen Sie s\u00fc\u00dfe und fruchtige Noten, die an Waldbeeren erinnern und ein reichhaltiges und komplexes aromatisches Profil bieten.<\/li>\n<li><strong>Hoher CBD-Gehalt<\/strong> : Wild Berry hat einen optimierten CBD-Gehalt und bietet eine tiefe Entspannung ohne psychoaktive Wirkungen.<\/li>\n<li><strong>Reinheit und Sicherheit<\/strong> : Jede Charge wird im Labor getestet, um maximale Reinheit und frei von Verunreinigungen zu gew\u00e4hrleisten.<\/li>\n<\/ul>\n<h3>Warum Wild Berry w\u00e4hlen?<\/h3>\n<ol>\n<li><strong>Verbessertes Wohlbefinden<\/strong> : Wild Berry ist dank seiner therapeutischen Eigenschaften und seines einzigartigen Aromaprofils perfekt f\u00fcr diejenigen, die eine effektive Entspannung und ein angenehmes sensorisches Erlebnis suchen.<\/li>\n<li><strong>Schweizer Qualit\u00e4t<\/strong> : Der Ruf der Schweiz f\u00fcr Pr\u00e4zision und Qualit\u00e4t spiegelt sich in jeder Wild Berry CBD-Bl\u00fcte wider und sorgt f\u00fcr ein zuverl\u00e4ssiges, qualitativ hochwertiges Erlebnis.<\/li>\n<li><strong>\u00d6kologisches Engagement<\/strong> : Wenn Sie sich f\u00fcr Wild Berry entscheiden, unterst\u00fctzen Sie eine umweltfreundliche Landwirtschaft mit nachhaltigen und innovativen Praktiken.<\/li>\n<\/ol>\n<h4>Schlussfolgerung<\/h4>\n<p>Entscheiden Sie sich f\u00fcr <strong>Wild Berry<\/strong> CBD-Bl\u00fcten, die sorgf\u00e4ltig in hochmodernen Schweizer Anlagen im Innenbereich angebaut werden. Tauchen Sie ein in ein Erlebnis, das reich an Aromen und Vorteilen ist und ein Synonym f\u00fcr Qualit\u00e4t, Reinheit und Wohlbefinden ist. Entdecken Sie jetzt die Vorteile von CBD, das im Einklang mit der Natur angebaut wird.  <\/p>\n","protected":false},"excerpt":{"rendered":"<p>Wildbeere CBD-Bl\u00fcte Entdecken Sie Wild Berry, unsere Premium-CBD-Bl\u00fcte, die in der Schweiz im Innenbereich angebaut wird. Dank einer rigorosen Kontrolle der Anbaubedingungen bietet Wild Berry ein au\u00dfergew\u00f6hnliches aromatisches Erlebnis und Wellness-Vorteile, ideal f\u00fcr anspruchsvolle CBD-Liebhaber. Angebaut in der Schweiz im Innenbereich Wild Berry CBD-Bl\u00fcten werden in der Schweiz in hochmodernen Anlagen in Innenr\u00e4umen angebaut. Diese [&hellip;]<\/p>\n","protected":false},"featured_media":24559,"comment_status":"open","ping_status":"closed","template":"","meta":{"_seopress_robots_primary_cat":"none","_seopress_titles_title":"","_seopress_titles_desc":"","_seopress_robots_index":""},"product_brand":[],"product_cat":[532],"product_tag":[],"class_list":{"0":"post-24555","1":"product","2":"type-product","3":"status-publish","4":"has-post-thumbnail","6":"product_cat-indoor-de","9":"instock","10":"taxable","11":"shipping-taxable","12":"purchasable","13":"product-type-simple","14":"product-grid-view"},"_links":{"self":[{"href":"https:\/\/greenkingdom.ch\/de\/wp-json\/wp\/v2\/product\/24555","targetHints":{"allow":["GET"]}}],"collection":[{"href":"https:\/\/greenkingdom.ch\/de\/wp-json\/wp\/v2\/product"}],"about":[{"href":"https:\/\/greenkingdom.ch\/de\/wp-json\/wp\/v2\/types\/product"}],"replies":[{"embeddable":true,"href":"https:\/\/greenkingdom.ch\/de\/wp-json\/wp\/v2\/comments?post=24555"}],"version-history":[{"count":2,"href":"https:\/\/greenkingdom.ch\/de\/wp-json\/wp\/v2\/product\/24555\/revisions"}],"predecessor-version":[{"id":26956,"href":"https:\/\/greenkingdom.ch\/de\/wp-json\/wp\/v2\/product\/24555\/revisions\/26956"}],"wp:featuredmedia":[{"embeddable":true,"href":"https:\/\/greenkingdom.ch\/de\/wp-json\/wp\/v2\/media\/24559"}],"wp:attachment":[{"href":"https:\/\/greenkingdom.ch\/de\/wp-json\/wp\/v2\/media?parent=24555"}],"wp:term":[{"taxonomy":"product_brand","embeddable":true,"href":"https:\/\/greenkingdom.ch\/de\/wp-json\/wp\/v2\/product_brand?post=24555"},{"taxonomy":"product_cat","embeddable":true,"href":"https:\/\/greenkingdom.ch\/de\/wp-json\/wp\/v2\/product_cat?post=24555"},{"taxonomy":"product_tag","embeddable":true,"href":"https:\/\/greenkingdom.ch\/de\/wp-json\/wp\/v2\/product_tag?post=24555"}],"curies":[{"name":"wp","href":"https:\/\/api.w.org\/{rel}","templated":true}]}}