{"id":24706,"date":"2024-12-19T17:12:18","date_gmt":"2024-12-19T16:12:18","guid":{"rendered":"https:\/\/greenkingdom.ch\/?post_type=product&#038;p=24706"},"modified":"2025-01-02T14:19:22","modified_gmt":"2025-01-02T13:19:22","slug":"la-salade-blueberry-indoor-boite-pre-roule","status":"publish","type":"product","link":"https:\/\/greenkingdom.ch\/de\/produkt\/la-salade-blueberry-indoor-boite-pre-roule\/","title":{"rendered":"BlueBerry Salad Indoor Box mit vorgerollten Joints (5x 1G)"},"content":{"rendered":"<h1>Blueberry CBD Steinzeug Box \u2013 Exquisite Entspannung und Geschmack<\/h1>\n<p>Schauen Sie sich unsere Blueberry CBD Stoneware Box an, ein einzigartiges Erlebnis, das die beruhigende G\u00fcte von CBD mit dem k\u00f6stlich fruchtigen Geschmack von Blaubeeren verbindet. Unsere Joints werden sorgf\u00e4ltig aus hochwertigen CBD-Bl\u00fcten gerollt, die bei jedem Zug f\u00fcr optimale Entspannung sorgen. <\/p>\n<h2>Warum sollten Sie sich f\u00fcr unsere Blaubeer-CBD-Steinzeugbox entscheiden?<\/h2>\n<p>Unsere Blueberry CBD-Joints sind f\u00fcr diejenigen gedacht, die auf der Suche nach tiefer Entspannung sind und gleichzeitig einen au\u00dfergew\u00f6hnlichen Geschmack genie\u00dfen. Hier sind die Gr\u00fcnde, warum unser Produkt heraussticht: <\/p>\n<h3>\u00dcberlegene Qualit\u00e4t und un\u00fcbertroffener Geschmack<\/h3>\n<ul>\n<li><strong>Premium-CBD-Bl\u00fcten<\/strong> : Wir verwenden nur Premium-CBD-Bl\u00fcten, die ohne Pestizide oder Herbizide angebaut werden, um maximale Reinheit zu gew\u00e4hrleisten.<\/li>\n<li><strong>Blaubeergeschmack<\/strong> : Jeder Joint ist mit nat\u00fcrlichen Blaubeeraromen angereichert und bietet ein s\u00fc\u00dfes und fruchtiges Geschmackserlebnis, das Ihre Sinne erfreuen wird.<\/li>\n<li><strong>Beruhigende Wirkung<\/strong> : Dank eines hohen CBD-Gehalts sorgen unsere Gelenke f\u00fcr eine tiefe Entspannung, ideal zum Stressabbau und zur F\u00f6rderung des Wohlbefindens.<\/li>\n<\/ul>\n<h3>Praktikabilit\u00e4t und Diskretion<\/h3>\n<p>Unsere Blueberry CBD-Joints sind vorgerollt und gebrauchsfertig, so dass Du die Vorteile von CBD genie\u00dfen kannst, ohne sie vorher zu mischen. Die kompakte und diskrete Box ist leicht zu transportieren und eignet sich perfekt zum schnellen Entspannen, wo immer Sie sind. <\/p>\n<h4>Nutzen &amp; Nutzen<\/h4>\n<p>Blueberry CBD-Joints sind perfekt f\u00fcr alle, die CBD auf einfache und angenehme Weise in ihren Alltag integrieren m\u00f6chten. Egal, ob es darum geht, sich nach einem langen Tag zu entspannen, die Schlafqualit\u00e4t zu verbessern oder einfach nur einen ruhigen Moment zu genie\u00dfen, unsere Blueberry CBD Jointed Box ist die perfekte Wahl. <\/p>\n<h4>Verpflichtung zur Qualit\u00e4t<\/h4>\n<p>Wir sind bestrebt, CBD-Produkte von h\u00f6chster Qualit\u00e4t anzubieten. Jede Charge von Verbindungen wird im Labor getestet, um Reinheit, Sicherheit und Wirksamkeit zu gew\u00e4hrleisten. Mit unserer Blueberry CBD-Joint-Box k\u00f6nnen Sie sicher sein, dass Sie ein Produkt erhalten, dem Sie vertrauen k\u00f6nnen und das f\u00fcr Ihr Wohlbefinden entwickelt wurde.  <\/p>\n<h3>Bestellen Sie noch heute Ihre Blueberry CBD Seal Box<\/h3>\n<p>Verpassen Sie nicht die Gelegenheit, die Vorteile von CBD in Kombination mit dem exquisiten Geschmack der Heidelbeere zu entdecken. Bestellen Sie noch heute Ihre Blueberry CBD Joint Box und genie\u00dfen Sie eine schnelle und diskrete Lieferung. Entspannen Sie sich und genie\u00dfen Sie jeden Moment mit unserem au\u00dfergew\u00f6hnlichen Produkt.  <\/p>\n","protected":false},"excerpt":{"rendered":"<p>Blueberry CBD Steinzeug Box \u2013 Exquisite Entspannung und Geschmack Schauen Sie sich unsere Blueberry CBD Stoneware Box an, ein einzigartiges Erlebnis, das die beruhigende G\u00fcte von CBD mit dem k\u00f6stlich fruchtigen Geschmack von Blaubeeren verbindet. Unsere Joints werden sorgf\u00e4ltig aus hochwertigen CBD-Bl\u00fcten gerollt, die bei jedem Zug f\u00fcr optimale Entspannung sorgen. Warum sollten Sie sich [&hellip;]<\/p>\n","protected":false},"featured_media":24710,"comment_status":"open","ping_status":"closed","template":"","meta":{"_seopress_robots_primary_cat":"none","_seopress_titles_title":"","_seopress_titles_desc":"","_seopress_robots_index":""},"product_brand":[],"product_cat":[532,700],"product_tag":[],"class_list":{"0":"post-24706","1":"product","2":"type-product","3":"status-publish","4":"has-post-thumbnail","6":"product_cat-indoor-de","7":"product_cat-pre-rolls-de","10":"instock","11":"taxable","12":"shipping-taxable","13":"purchasable","14":"product-type-simple","15":"product-grid-view"},"_links":{"self":[{"href":"https:\/\/greenkingdom.ch\/de\/wp-json\/wp\/v2\/product\/24706","targetHints":{"allow":["GET"]}}],"collection":[{"href":"https:\/\/greenkingdom.ch\/de\/wp-json\/wp\/v2\/product"}],"about":[{"href":"https:\/\/greenkingdom.ch\/de\/wp-json\/wp\/v2\/types\/product"}],"replies":[{"embeddable":true,"href":"https:\/\/greenkingdom.ch\/de\/wp-json\/wp\/v2\/comments?post=24706"}],"version-history":[{"count":2,"href":"https:\/\/greenkingdom.ch\/de\/wp-json\/wp\/v2\/product\/24706\/revisions"}],"predecessor-version":[{"id":27038,"href":"https:\/\/greenkingdom.ch\/de\/wp-json\/wp\/v2\/product\/24706\/revisions\/27038"}],"wp:featuredmedia":[{"embeddable":true,"href":"https:\/\/greenkingdom.ch\/de\/wp-json\/wp\/v2\/media\/24710"}],"wp:attachment":[{"href":"https:\/\/greenkingdom.ch\/de\/wp-json\/wp\/v2\/media?parent=24706"}],"wp:term":[{"taxonomy":"product_brand","embeddable":true,"href":"https:\/\/greenkingdom.ch\/de\/wp-json\/wp\/v2\/product_brand?post=24706"},{"taxonomy":"product_cat","embeddable":true,"href":"https:\/\/greenkingdom.ch\/de\/wp-json\/wp\/v2\/product_cat?post=24706"},{"taxonomy":"product_tag","embeddable":true,"href":"https:\/\/greenkingdom.ch\/de\/wp-json\/wp\/v2\/product_tag?post=24706"}],"curies":[{"name":"wp","href":"https:\/\/api.w.org\/{rel}","templated":true}]}}