{"id":24722,"date":"2024-12-19T17:16:19","date_gmt":"2024-12-19T16:16:19","guid":{"rendered":"https:\/\/greenkingdom.ch\/?post_type=product&#038;p=24722"},"modified":"2025-01-02T14:19:27","modified_gmt":"2025-01-02T13:19:27","slug":"la-salade-moonwalker-og-indoor-6g","status":"publish","type":"product","link":"https:\/\/greenkingdom.ch\/de\/produkt\/la-salade-moonwalker-og-indoor-6g\/","title":{"rendered":"Der &#8222;MoonWalker OG&#8220; Indoor 6G Salat"},"content":{"rendered":"<h2 style=\"font-weight: 500;\">\n            <b><br \/>\n              <strong>Moonwalker OG: ein faszinierendes Blumenerlebnis, das mit Sorgfalt im Innenbereich mit der Aeroponik-Technik angebaut wird.<\/strong><br \/>\n            <\/b><br \/>\n          <\/h2>\n<p style=\"font-weight: 400;\">Entdecken Sie <b><strong>die beliebteste Sorte von CBD-Bl\u00fcten auf dem Markt<\/strong><\/b> : Moonwalker OG. Diese Sorte wird mit Leidenschaft und Know-how im Zuchtzelt angebaut und ist das Ergebnis eines innovativen Prozesses namens Aeroponik. <\/p>\n<p style=\"font-weight: 400;\"><b><strong>Aeroponik<\/strong><\/b> ist eine Anbaumethode, bei der Pflanzen in einer kontrollierten Umgebung aufgeh\u00e4ngt werden, in der die Wurzeln mit N\u00e4hrstoffen gen\u00e4hrt werden, die direkt auf sie gespr\u00fcht werden. Diese Technik erm\u00f6glicht eine optimale N\u00e4hrstoffaufnahme und f\u00f6rdert das kr\u00e4ftige Wachstum jeder Pflanze, wodurch eine \u00fcberlegene Qualit\u00e4t der CBD-Bl\u00fcten gew\u00e4hrleistet wird. <\/p>\n<p style=\"font-weight: 400;\">Moonwalker OG zeichnet sich durch sein fesselndes Aroma und seine entspannende Wirkung aus. Die dichten, harzigen Knospen verstr\u00f6men erdige und holzige Noten mit einem subtilen Hauch von Zitrusfr\u00fcchten. Ihr einzigartiges Terpenprofil macht sie zu einer Sorte, die von Kennern sehr gesch\u00e4tzt wird.  <\/p>\n<p style=\"font-weight: 400;\">Zus\u00e4tzlich zu seinem berauschenden Duft bietet Moonwalker OG <b><strong>einen hohen Gehalt an Cannabidiol (CBD)<\/strong><\/b> und einen niedrigen Gehalt an Tetrahydrocannabinol (THC), was es zu einer idealen Wahl f\u00fcr diejenigen macht, die die Vorteile von CBD ohne die mit THC verbundenen psychoaktiven Wirkungen suchen.<\/p>\n<p style=\"font-weight: 400;\">\n<h2 style=\"font-weight: 500;\">\n            <b><br \/>\n              <strong>Die perfekte Moonwalker OG CBD-Bl\u00fcte dank ihrer Genetik und Aeroponik<\/strong><br \/>\n            <\/b><br \/>\n          <\/h2>\n<p style=\"font-weight: 400;\">Dank unserer sorgf\u00e4ltigen Herangehensweise an den Indoor-Anbau und der Verwendung von Aeroponik ist jede Moonwalker OG-Bl\u00fcte von au\u00dfergew\u00f6hnlicher Qualit\u00e4t. Kontrollierte Anbaubedingungen f\u00fchren zu dichten, harzigen und gleichm\u00e4\u00dfig entwickelten Knospen, die einen hohen CBD-Gehalt und einen niedrigen THC-Gehalt aufweisen. <\/p>\n<p style=\"font-weight: 400;\">Wir sind stolz darauf, Ihnen mit <b><strong>unserer aeroponisch angebauten Moonwalker OG<\/strong><\/b>. Jede Bl\u00fcte wird sorgf\u00e4ltig von Hand gepfl\u00fcckt und langsam getrocknet, um ihr Aroma und ihre Vorteile zu erhalten. So k\u00f6nnen Sie sicher sein, dass Sie ein hochwertiges Produkt aus umweltfreundlichem Anbau erhalten.  <\/p>\n<p style=\"font-weight: 400;\">Entdecken Sie jetzt Moonwalker OG und lassen Sie sich von seinem bet\u00f6renden Duft und seiner entspannenden Wirkung verf\u00fchren. Genie\u00dfe die Vorteile von CBD in seiner ganzen Pracht mit unserer aeroponisch angebauten Sorte und mach dich bereit f\u00fcr ein unvergessliches Blumenerlebnis.&#8220; <\/p>\n<p style=\"font-weight: 400;\">\n            <b><br \/>\n              <strong> <\/strong><br \/>\n            <\/b>\n          <\/p>\n<h2 style=\"font-weight: 500;\">\n            <b><br \/>\n              <strong>Tauche ein in die Welt von Moonwalker OG<\/strong><br \/>\n            <\/b><br \/>\n          <\/h2>\n<p style=\"font-weight: 400;\">Wenn Du Dich f\u00fcr aeroponisch angebauten Moonwalker OG entscheidest, entscheidest Du Dich f\u00fcr ein au\u00dfergew\u00f6hnliches CBD-Trinkerlebnis aus Schweizer Anbau. Unsere Sorte wird von CBD-Liebhabern wegen ihrer vielf\u00e4ltigen potenziellen Vorteile gesch\u00e4tzt. Einige Benutzer berichten von entspannenden, beruhigenden Effekten und einer Verringerung von Stress und Angstzust\u00e4nden. Jede Bl\u00fcte ist ein nat\u00fcrlicher Schatz, der wertvolle Cannabinoide und Terpene enth\u00e4lt, die zu einem allgemeinen Wohlbefinden beitragen k\u00f6nnen.   <\/p>\n<p style=\"font-weight: 400;\">Bei Lasalade sind wir bestrebt, Ihnen Produkte von h\u00f6chster Qualit\u00e4t anzubieten und Ihnen mit unserem Moonwalker OG, der in Aeroponik angebaut wird, ein einzigartiges Erlebnis zu bieten. Wir glauben an die Kraft von CBD und seine potenziellen Vorteile f\u00fcr Ihr Wohlbefinden. Aus diesem Grund unternehmen wir gro\u00dfe Anstrengungen, um au\u00dfergew\u00f6hnliche Bl\u00fcten anzubauen, die sowohl reich an CBD als auch k\u00f6stlich duftend sind.  <\/p>\n<p style=\"font-weight: 400;\">Bestellen Sie noch heute Ihren aeroponisch angebauten Moonwalker OG und tauchen Sie ein in ein fesselndes Blumenerlebnis. Du verdienst das Beste von CBD, und das ist genau das, was wir dir bieten.&#8220; <\/p>\n","protected":false},"excerpt":{"rendered":"<p>Moonwalker OG: ein faszinierendes Blumenerlebnis, das mit Sorgfalt im Innenbereich mit der Aeroponik-Technik angebaut wird. Entdecken Sie die beliebteste Sorte von CBD-Bl\u00fcten auf dem Markt : Moonwalker OG. Diese Sorte wird mit Leidenschaft und Know-how im Zuchtzelt angebaut und ist das Ergebnis eines innovativen Prozesses namens Aeroponik. Aeroponik ist eine Anbaumethode, bei der Pflanzen in [&hellip;]<\/p>\n","protected":false},"featured_media":24726,"comment_status":"open","ping_status":"closed","template":"","meta":{"_seopress_robots_primary_cat":"none","_seopress_titles_title":"","_seopress_titles_desc":"","_seopress_robots_index":""},"product_brand":[],"product_cat":[532],"product_tag":[],"class_list":{"0":"post-24722","1":"product","2":"type-product","3":"status-publish","4":"has-post-thumbnail","6":"product_cat-indoor-de","9":"instock","10":"taxable","11":"shipping-taxable","12":"purchasable","13":"product-type-simple","14":"product-grid-view"},"_links":{"self":[{"href":"https:\/\/greenkingdom.ch\/de\/wp-json\/wp\/v2\/product\/24722","targetHints":{"allow":["GET"]}}],"collection":[{"href":"https:\/\/greenkingdom.ch\/de\/wp-json\/wp\/v2\/product"}],"about":[{"href":"https:\/\/greenkingdom.ch\/de\/wp-json\/wp\/v2\/types\/product"}],"replies":[{"embeddable":true,"href":"https:\/\/greenkingdom.ch\/de\/wp-json\/wp\/v2\/comments?post=24722"}],"version-history":[{"count":2,"href":"https:\/\/greenkingdom.ch\/de\/wp-json\/wp\/v2\/product\/24722\/revisions"}],"predecessor-version":[{"id":27044,"href":"https:\/\/greenkingdom.ch\/de\/wp-json\/wp\/v2\/product\/24722\/revisions\/27044"}],"wp:featuredmedia":[{"embeddable":true,"href":"https:\/\/greenkingdom.ch\/de\/wp-json\/wp\/v2\/media\/24726"}],"wp:attachment":[{"href":"https:\/\/greenkingdom.ch\/de\/wp-json\/wp\/v2\/media?parent=24722"}],"wp:term":[{"taxonomy":"product_brand","embeddable":true,"href":"https:\/\/greenkingdom.ch\/de\/wp-json\/wp\/v2\/product_brand?post=24722"},{"taxonomy":"product_cat","embeddable":true,"href":"https:\/\/greenkingdom.ch\/de\/wp-json\/wp\/v2\/product_cat?post=24722"},{"taxonomy":"product_tag","embeddable":true,"href":"https:\/\/greenkingdom.ch\/de\/wp-json\/wp\/v2\/product_tag?post=24722"}],"curies":[{"name":"wp","href":"https:\/\/api.w.org\/{rel}","templated":true}]}}