{"id":24785,"date":"2024-12-19T17:30:49","date_gmt":"2024-12-19T16:30:49","guid":{"rendered":"https:\/\/greenkingdom.ch\/?post_type=product&#038;p=24785"},"modified":"2025-01-02T14:19:33","modified_gmt":"2025-01-02T13:19:33","slug":"la-salade-evening-infusion-tisane-au-chanvre-biologique","status":"publish","type":"product","link":"https:\/\/greenkingdom.ch\/de\/produkt\/la-salade-evening-infusion-tisane-au-chanvre-biologique\/","title":{"rendered":"Der Salat &#8222;Abend&#8220; mit Bio-Hanf-Kr\u00e4utertee"},"content":{"rendered":"<h1 style=\"font-weight: 400;\">\n            <b><br \/>\n              <strong>Woraus bestehen unsere Hanf-Kr\u00e4utertees?<\/strong><br \/>\n            <\/b><br \/>\n          <\/h1>\n<p style=\"font-weight: 400;\">Unsere Aufg\u00fcsse werden aus Hanf (20%) aus biologischem Anbau in der Schweiz hergestellt, mit verschiedenen Zutaten und Kr\u00e4utern ebenfalls aus biologischem Anbau. In der Tat ist es eine sch\u00f6ne Art, Cannabis zu konsumieren, indem man es in hei\u00dfem Wasser aufgie\u00dft. Aber f\u00fcr sich genommen kann Hanf manchmal einen etwas starken Geschmack verleihen, obwohl die Eigenschaften der Pflanze erhalten bleiben. Deshalb haben wir darauf geachtet, Geschmacksrichtungen auszuw\u00e4hlen, die perfekt zu denen von Hanf passen.   <\/p>\n<h2 style=\"font-weight: 500;\">\n            <b><br \/>\n              <strong>Hanfaufg\u00fcsse: eine nat\u00fcrliche Alternative zur Entspannung<\/strong><br \/>\n            <\/b><br \/>\n          <\/h2>\n<p style=\"font-weight: 400;\">Hanf ist eine erstaunliche Pflanze, die eine Vielzahl von Vorteilen f\u00fcr Gesundheit und Wohlbefinden bietet. Deshalb werden Hanftees, auch Hanfkr\u00e4utertees oder Hanftees genannt, immer beliebter. Das Besondere an diesen Getr\u00e4nken ist, dass sie aus hochwertigen Hanfbl\u00e4ttern hergestellt werden, die frei von THC (Tetrahydrocannabinol), der psychoaktiven Substanz in Cannabis, sind.  <\/p>\n<h2 style=\"font-weight: 500;\">\n            <b><br \/>\n              <strong>Die Vorteile von Hanftees<\/strong><br \/>\n            <\/b><br \/>\n          <\/h2>\n<p style=\"font-weight: 400;\">Hanftees werden oft als nat\u00fcrliche Alternative angesehen, um bei Entspannung und Entspannung zu helfen. Sie sind auch daf\u00fcr bekannt, Stress abzubauen, den Schlaf zu verbessern und das Immunsystem zu st\u00e4rken. Dar\u00fcber hinaus k\u00f6nnen die in Hanfbl\u00e4ttern enthaltenen Antioxidantien helfen, freie Radikale zu bek\u00e4mpfen und die allgemeine Gesundheit zu sch\u00fctzen.  <\/p>\n<h2 style=\"font-weight: 500;\">\n            <b><br \/>\n              <strong>CBD, ein beliebter Bestandteil von Hanf<\/strong><br \/>\n            <\/b><br \/>\n          <\/h2>\n<p style=\"font-weight: 400;\">CBD (Cannabidiol) ist ein nicht-psychoaktiver Bestandteil des Hanfs, der aufgrund seiner gesundheitsf\u00f6rdernden Eigenschaften immer beliebter wird. CBD ist in Hanfprodukten wie Aufg\u00fcssen, \u00d6len, Kapseln und Cremes enthalten. Es hat sich gezeigt, dass CBD hilft, Angstzust\u00e4nde, Depressionen und Schlafst\u00f6rungen zu reduzieren und chronische Schmerzen zu lindern.  <\/p>\n<p style=\"font-weight: 400;\">Zusammenfassend l\u00e4sst sich sagen, dass Hanftees eine immer beliebtere Getr\u00e4nkeoption f\u00fcr diejenigen sind, die eine nat\u00fcrliche Alternative zur Entspannung und Entspannung suchen. Sie sind einfach herzustellen, gesund und sicher und k\u00f6nnen mit anderen Hanfprodukten kombiniert werden, um zus\u00e4tzliche gesundheitliche Vorteile zu erzielen. Warum also nicht einen Hanf-Kr\u00e4utertee in Ihren Alltag aufnehmen, um seine vielen Vorteile zu nutzen?  <\/p>\n","protected":false},"excerpt":{"rendered":"<p>Woraus bestehen unsere Hanf-Kr\u00e4utertees? Unsere Aufg\u00fcsse werden aus Hanf (20%) aus biologischem Anbau in der Schweiz hergestellt, mit verschiedenen Zutaten und Kr\u00e4utern ebenfalls aus biologischem Anbau. In der Tat ist es eine sch\u00f6ne Art, Cannabis zu konsumieren, indem man es in hei\u00dfem Wasser aufgie\u00dft. Aber f\u00fcr sich genommen kann Hanf manchmal einen etwas starken Geschmack [&hellip;]<\/p>\n","protected":false},"featured_media":24789,"comment_status":"open","ping_status":"closed","template":"","meta":{"_seopress_robots_primary_cat":"none","_seopress_titles_title":"","_seopress_titles_desc":"","_seopress_robots_index":""},"product_brand":[],"product_cat":[704],"product_tag":[],"class_list":{"0":"post-24785","1":"product","2":"type-product","3":"status-publish","4":"has-post-thumbnail","6":"product_cat-tee-und-aufguss-de","9":"instock","10":"taxable","11":"shipping-taxable","12":"purchasable","13":"product-type-simple","14":"product-grid-view"},"_links":{"self":[{"href":"https:\/\/greenkingdom.ch\/de\/wp-json\/wp\/v2\/product\/24785","targetHints":{"allow":["GET"]}}],"collection":[{"href":"https:\/\/greenkingdom.ch\/de\/wp-json\/wp\/v2\/product"}],"about":[{"href":"https:\/\/greenkingdom.ch\/de\/wp-json\/wp\/v2\/types\/product"}],"replies":[{"embeddable":true,"href":"https:\/\/greenkingdom.ch\/de\/wp-json\/wp\/v2\/comments?post=24785"}],"version-history":[{"count":2,"href":"https:\/\/greenkingdom.ch\/de\/wp-json\/wp\/v2\/product\/24785\/revisions"}],"predecessor-version":[{"id":27052,"href":"https:\/\/greenkingdom.ch\/de\/wp-json\/wp\/v2\/product\/24785\/revisions\/27052"}],"wp:featuredmedia":[{"embeddable":true,"href":"https:\/\/greenkingdom.ch\/de\/wp-json\/wp\/v2\/media\/24789"}],"wp:attachment":[{"href":"https:\/\/greenkingdom.ch\/de\/wp-json\/wp\/v2\/media?parent=24785"}],"wp:term":[{"taxonomy":"product_brand","embeddable":true,"href":"https:\/\/greenkingdom.ch\/de\/wp-json\/wp\/v2\/product_brand?post=24785"},{"taxonomy":"product_cat","embeddable":true,"href":"https:\/\/greenkingdom.ch\/de\/wp-json\/wp\/v2\/product_cat?post=24785"},{"taxonomy":"product_tag","embeddable":true,"href":"https:\/\/greenkingdom.ch\/de\/wp-json\/wp\/v2\/product_tag?post=24785"}],"curies":[{"name":"wp","href":"https:\/\/api.w.org\/{rel}","templated":true}]}}