{"id":24816,"date":"2024-12-19T17:43:34","date_gmt":"2024-12-19T16:43:34","guid":{"rendered":"https:\/\/greenkingdom.ch\/product\/la-salade-golden-hash-resine-indoor-5g\/"},"modified":"2025-01-02T14:19:36","modified_gmt":"2025-01-02T13:19:36","slug":"la-salade-golden-hash-resine-indoor-5g","status":"publish","type":"product","link":"https:\/\/greenkingdom.ch\/de\/produkt\/la-salade-golden-hash-resine-indoor-5g\/","title":{"rendered":"Der &#8222;Golden Hash&#8220; Indoor Harz Salat 5G"},"content":{"rendered":"<p style=\"font-weight: 400;\"><b><strong>Golden Hash ist ein CBD-Pollen<\/strong><\/b> von Bl\u00fcten, die im Kanton Wallis in Innenr\u00e4umen angebaut werden. Er ist eher pudrig, mit einem h\u00fcbschen, leicht fruchtigen Geruch, der die Geschmacksknospen aufw\u00fchlt. Eine sehr hellbraune Farbe, daher der Name Golden.  <\/p>\n<h2 style=\"font-weight: 500;\">\n            <b><br \/>\n              <strong>Golden CBD: CBD-Harz mit entspannender Wirkung<\/strong><br \/>\n            <\/b><br \/>\n          <\/h2>\n<p style=\"font-weight: 400;\"><b><strong>Gloden CBD<\/strong><\/b> ist ein CBD-Harz mit Premium-Qualit\u00e4ten, das Ihnen einen Moment der Entspannung bietet, ideal am Ende des Tages, um den t\u00e4glichen Stress zu beruhigen.<\/p>\n","protected":false},"excerpt":{"rendered":"<p>Golden Hash ist ein CBD-Pollen von Bl\u00fcten, die im Kanton Wallis in Innenr\u00e4umen angebaut werden. Er ist eher pudrig, mit einem h\u00fcbschen, leicht fruchtigen Geruch, der die Geschmacksknospen aufw\u00fchlt. Eine sehr hellbraune Farbe, daher der Name Golden. Golden CBD: CBD-Harz mit entspannender Wirkung Gloden CBD ist ein CBD-Harz mit Premium-Qualit\u00e4ten, das Ihnen einen Moment der [&hellip;]<\/p>\n","protected":false},"featured_media":24808,"comment_status":"open","ping_status":"closed","template":"","meta":{"_seopress_robots_primary_cat":"none","_seopress_titles_title":"","_seopress_titles_desc":"","_seopress_robots_index":""},"product_brand":[],"product_cat":[547],"product_tag":[],"class_list":{"0":"post-24816","1":"product","2":"type-product","3":"status-publish","4":"has-post-thumbnail","6":"product_cat-harze","9":"instock","10":"taxable","11":"shipping-taxable","12":"purchasable","13":"product-type-simple","14":"product-grid-view"},"_links":{"self":[{"href":"https:\/\/greenkingdom.ch\/de\/wp-json\/wp\/v2\/product\/24816","targetHints":{"allow":["GET"]}}],"collection":[{"href":"https:\/\/greenkingdom.ch\/de\/wp-json\/wp\/v2\/product"}],"about":[{"href":"https:\/\/greenkingdom.ch\/de\/wp-json\/wp\/v2\/types\/product"}],"replies":[{"embeddable":true,"href":"https:\/\/greenkingdom.ch\/de\/wp-json\/wp\/v2\/comments?post=24816"}],"version-history":[{"count":2,"href":"https:\/\/greenkingdom.ch\/de\/wp-json\/wp\/v2\/product\/24816\/revisions"}],"predecessor-version":[{"id":27058,"href":"https:\/\/greenkingdom.ch\/de\/wp-json\/wp\/v2\/product\/24816\/revisions\/27058"}],"wp:featuredmedia":[{"embeddable":true,"href":"https:\/\/greenkingdom.ch\/de\/wp-json\/wp\/v2\/media\/24808"}],"wp:attachment":[{"href":"https:\/\/greenkingdom.ch\/de\/wp-json\/wp\/v2\/media?parent=24816"}],"wp:term":[{"taxonomy":"product_brand","embeddable":true,"href":"https:\/\/greenkingdom.ch\/de\/wp-json\/wp\/v2\/product_brand?post=24816"},{"taxonomy":"product_cat","embeddable":true,"href":"https:\/\/greenkingdom.ch\/de\/wp-json\/wp\/v2\/product_cat?post=24816"},{"taxonomy":"product_tag","embeddable":true,"href":"https:\/\/greenkingdom.ch\/de\/wp-json\/wp\/v2\/product_tag?post=24816"}],"curies":[{"name":"wp","href":"https:\/\/api.w.org\/{rel}","templated":true}]}}