{"id":24834,"date":"2024-12-19T17:45:08","date_gmt":"2024-12-19T16:45:08","guid":{"rendered":"https:\/\/greenkingdom.ch\/?post_type=product&#038;p=24834"},"modified":"2025-01-02T14:19:37","modified_gmt":"2025-01-02T13:19:37","slug":"la-salade-lemon-kush-resine-indoor-5g","status":"publish","type":"product","link":"https:\/\/greenkingdom.ch\/de\/produkt\/la-salade-lemon-kush-resine-indoor-5g\/","title":{"rendered":"Der &#8222;Lemon Kush&#8220; Salat Indoor Resin 5G"},"content":{"rendered":"<h2><strong>Entdecke CBD Resin Lemon Kush Hash &#8211; Ein einzigartiges Schweizer Erlebnis<\/strong><\/h2>\n<p>Entdecken Sie eine neue Dimension von CBD mit unserem CBD Lemon Kush Hash Harz. Dieses in der Schweiz hergestellte Premium-Harz ist ideal f\u00fcr Liebhaber von CBD-Haschisch und CBD-Pollen. Seine hellgelbe und leicht goldene Farbe erinnert an Reinheit und Frische.  <\/p>\n<h3>Warum Lemon Kush Hash w\u00e4hlen?<\/h3>\n<ul>\n<li><strong>Erstklassige Schweizer Qualit\u00e4t<\/strong>: Lemon Kush Hash ist ein 100% Schweizer CBD-Harz, das unter strengen Produktionsstandards hergestellt wird, um eine au\u00dfergew\u00f6hnliche Reinheit zu gew\u00e4hrleisten.<\/li>\n<li><strong>Reich an Cannabinoiden<\/strong>: Dieses CBD-Harz ist reich an Cannabinoiden und bietet ein Erlebnis, das sowohl revitalisierend als auch entspannend ist.<\/li>\n<li><strong>Zitronengeschmack<\/strong>: Genie\u00dfen Sie ein ausgepr\u00e4gtes Zitronenaroma und einen ausgepr\u00e4gten Geschmack, der Ihrem CBD-Erlebnis einen einzigartigen Hauch von Frische verleiht.<\/li>\n<\/ul>\n<h3>Hauptmerkmale von Hash CBD Lemon Kush<\/h3>\n<ul>\n<li><strong>Herkunft<\/strong>: 100% Schweizer<\/li>\n<li><strong>Typ<\/strong>: CBD-Harz<\/li>\n<li><strong>Konzentration<\/strong>: Hoher CBD-Gehalt<\/li>\n<li><strong>Farbe<\/strong>: Hell und leicht goldgelb<\/li>\n<li><strong>Verwendung<\/strong>: Perfekt f\u00fcr CBD-Haschisch und CBD-Pollen-Liebhaber<\/li>\n<\/ul>\n<h3>Vorteile von CBD Resin Lemon Kush Hash<\/h3>\n<ul>\n<li><strong>Revitalisierende und entspannende Wirkung: Ideal<\/strong>, um Stress abzubauen und gleichzeitig ein Gef\u00fchl von Frische und Revitalisierung zu vermitteln.<\/li>\n<li><strong>Nat\u00fcrlich und rein<\/strong>: Ohne Zusatzstoffe oder Chemikalien ist unser CBD-Harz v\u00f6llig nat\u00fcrlich.<\/li>\n<li><strong>Vielseitig<\/strong>: Kann auf verschiedene Weise verwendet werden, um seine Vorteile voll auszusch\u00f6pfen.<\/li>\n<\/ul>\n<h3>Wie verwendet man CBD-Harz Lemon Kush Hasch?<\/h3>\n<ul>\n<li><strong>Verdampfung<\/strong>: F\u00fcr eine schnelle Absorption und sofortige Wirkung.<\/li>\n<li><strong>Inhalation<\/strong>: Mischen Sie es mit anderen Kr\u00e4utern f\u00fcr ein erfrischendes Erlebnis.<\/li>\n<li><strong>Rauchen<\/strong>: Verwenden Sie es in einer Pfeife oder drehen Sie es, um die Vorteile von CBD auf traditionelle Weise zu genie\u00dfen.<\/li>\n<\/ul>\n<h4>Schlussfolgerung<\/h4>\n<p>Lemon Kush Hash CBD-Harz ist die perfekte Wahl f\u00fcr alle, die ein authentisches CBD-Haschisch-Erlebnis mit einem Hauch von zitroniger Frische suchen. Dank der 100% Schweizer Herstellung profitieren Sie von einem reinen, leistungsstarken und effektiven Produkt. Seine helle und leicht goldgelbe Farbe macht es zu einem einzigartigen Harz auf dem Markt. Warten Sie nicht l\u00e4nger, entdecken Sie die Vorteile von CBD mit unserem Lemon Kush Hash Harz!   <\/p>\n","protected":false},"excerpt":{"rendered":"<p>Entdecke CBD Resin Lemon Kush Hash &#8211; Ein einzigartiges Schweizer Erlebnis Entdecken Sie eine neue Dimension von CBD mit unserem CBD Lemon Kush Hash Harz. Dieses in der Schweiz hergestellte Premium-Harz ist ideal f\u00fcr Liebhaber von CBD-Haschisch und CBD-Pollen. Seine hellgelbe und leicht goldene Farbe erinnert an Reinheit und Frische. Warum Lemon Kush Hash w\u00e4hlen? [&hellip;]<\/p>\n","protected":false},"featured_media":24838,"comment_status":"open","ping_status":"closed","template":"","meta":{"_seopress_robots_primary_cat":"none","_seopress_titles_title":"","_seopress_titles_desc":"","_seopress_robots_index":""},"product_brand":[],"product_cat":[547],"product_tag":[],"class_list":{"0":"post-24834","1":"product","2":"type-product","3":"status-publish","4":"has-post-thumbnail","6":"product_cat-harze","9":"instock","10":"taxable","11":"shipping-taxable","12":"purchasable","13":"product-type-simple","14":"product-grid-view"},"_links":{"self":[{"href":"https:\/\/greenkingdom.ch\/de\/wp-json\/wp\/v2\/product\/24834","targetHints":{"allow":["GET"]}}],"collection":[{"href":"https:\/\/greenkingdom.ch\/de\/wp-json\/wp\/v2\/product"}],"about":[{"href":"https:\/\/greenkingdom.ch\/de\/wp-json\/wp\/v2\/types\/product"}],"replies":[{"embeddable":true,"href":"https:\/\/greenkingdom.ch\/de\/wp-json\/wp\/v2\/comments?post=24834"}],"version-history":[{"count":2,"href":"https:\/\/greenkingdom.ch\/de\/wp-json\/wp\/v2\/product\/24834\/revisions"}],"predecessor-version":[{"id":27059,"href":"https:\/\/greenkingdom.ch\/de\/wp-json\/wp\/v2\/product\/24834\/revisions\/27059"}],"wp:featuredmedia":[{"embeddable":true,"href":"https:\/\/greenkingdom.ch\/de\/wp-json\/wp\/v2\/media\/24838"}],"wp:attachment":[{"href":"https:\/\/greenkingdom.ch\/de\/wp-json\/wp\/v2\/media?parent=24834"}],"wp:term":[{"taxonomy":"product_brand","embeddable":true,"href":"https:\/\/greenkingdom.ch\/de\/wp-json\/wp\/v2\/product_brand?post=24834"},{"taxonomy":"product_cat","embeddable":true,"href":"https:\/\/greenkingdom.ch\/de\/wp-json\/wp\/v2\/product_cat?post=24834"},{"taxonomy":"product_tag","embeddable":true,"href":"https:\/\/greenkingdom.ch\/de\/wp-json\/wp\/v2\/product_tag?post=24834"}],"curies":[{"name":"wp","href":"https:\/\/api.w.org\/{rel}","templated":true}]}}