{"id":24900,"date":"2024-12-19T17:53:31","date_gmt":"2024-12-19T16:53:31","guid":{"rendered":"https:\/\/greenkingdom.ch\/?post_type=product&#038;p=24900"},"modified":"2025-01-02T14:08:44","modified_gmt":"2025-01-02T13:08:44","slug":"la-salade-king-hassan-resine-indoor-15g","status":"publish","type":"product","link":"https:\/\/greenkingdom.ch\/de\/produkt\/la-salade-king-hassan-resine-indoor-15g\/","title":{"rendered":"Der &#8222;King Hassan&#8220; Indoor Harz Salat 15G"},"content":{"rendered":"<h2><strong>Entdecken Sie King Hassan CBD-Harz &#8211; Swiss Excellence<\/strong><\/h2>\n<p>Betreten Sie die Welt der CBD-Elite mit unserem Premium-Harz King Hassan. Dieses in der Schweiz hergestellte Premium-Harz ist ideal f\u00fcr Liebhaber von CBD-Haschisch und CBD-Pollen. Seine dunkle Farbe und seine klebrige Textur sind charakteristisch f\u00fcr seine Raffinesse und Wirksamkeit.  <\/p>\n<h3>Warum K\u00f6nig Hassan w\u00e4hlen?<\/h3>\n<ul>\n<li><strong>Unvergleichliche Schweizer Qualit\u00e4t<\/strong>: King Hassan ist ein 100% Schweizer CBD-Harz, das strenge Produktionsstandards und au\u00dfergew\u00f6hnliche Reinheit garantiert.<\/li>\n<li><strong>Hohe Cannabinoid-Konzentration<\/strong>: Dieses CBD-Harz ist extrem reich an Cannabinoiden und bietet ein tief entspannendes Erlebnis.<\/li>\n<li><strong>Klebrige Textur und reichhaltiger Geschmack<\/strong>: Seine einzigartige Textur und sein authentischer Geschmack erinnern an das beste CBD-Haschisch und bieten ein unvergleichliches sensorisches Erlebnis.<\/li>\n<\/ul>\n<h3>Unterscheidungsmerkmale von King Hassan CBD-Haschisch<\/h3>\n<ul>\n<li><strong>Herkunft<\/strong>: 100% Schweizer<\/li>\n<li><strong>Typ<\/strong>: CBD-Harz<\/li>\n<li><strong>Konzentration<\/strong>: Hoher CBD-Gehalt<\/li>\n<li><strong>Farbe<\/strong>: Dunkel<\/li>\n<li><strong>Textur<\/strong>: Klebrig<\/li>\n<li><strong>Verwendung<\/strong>: Perfekt f\u00fcr CBD-Haschisch und CBD-Pollen-Liebhaber<\/li>\n<\/ul>\n<h3>Vorteile von King Hassan CBD-Harz<\/h3>\n<ul>\n<li><strong>Tiefenentspannende Wirkung<\/strong>: Reduziert Stress und f\u00f6rdert die Tiefenentspannung.<\/li>\n<li><strong>Nat\u00fcrliches und reines Produkt<\/strong>: Frei von Zusatzstoffen und Chemikalien, garantiert einen gesunden Verzehr.<\/li>\n<li><strong>Vielseitige Verwendung<\/strong>: Kann auf verschiedene Arten konsumiert werden, um seine Vorteile zu maximieren.<\/li>\n<\/ul>\n<h4>Wie man King Hassan CBD-Harz verwendet<\/h4>\n<ul>\n<li><strong>Verdampfung<\/strong>: F\u00fcr eine schnelle Absorption und sofortige Wirkung.<\/li>\n<li><strong>Inhalation<\/strong>: Mischen Sie es mit anderen Kr\u00e4utern f\u00fcr ein reichhaltigeres Erlebnis.<\/li>\n<li><strong>Rauchen<\/strong>: Verwenden Sie es in einer Pfeife oder drehen Sie es, um die Vorteile von CBD auf traditionelle Weise zu genie\u00dfen.<\/li>\n<\/ul>\n<h4>Schlussfolgerung<\/h4>\n<p>King Hassan CBD-Harz ist die perfekte L\u00f6sung f\u00fcr alle, die ein authentisches und \u00fcberlegenes CBD-Haschisch-Erlebnis suchen. Dank der 100% Schweizer Herstellung profitieren Sie von einem reinen, leistungsstarken und effektiven Produkt. Seine dunkle Farbe und seine klebrige Textur machen es zu einem Harz der Wahl f\u00fcr Kenner. Warten Sie nicht l\u00e4nger, entdecken Sie die Vorteile von CBD mit unserem King Hassan-Harz!   <\/p>\n","protected":false},"excerpt":{"rendered":"<p>Entdecken Sie King Hassan CBD-Harz &#8211; Swiss Excellence Betreten Sie die Welt der CBD-Elite mit unserem Premium-Harz King Hassan. Dieses in der Schweiz hergestellte Premium-Harz ist ideal f\u00fcr Liebhaber von CBD-Haschisch und CBD-Pollen. Seine dunkle Farbe und seine klebrige Textur sind charakteristisch f\u00fcr seine Raffinesse und Wirksamkeit. Warum K\u00f6nig Hassan w\u00e4hlen? Unvergleichliche Schweizer Qualit\u00e4t: King [&hellip;]<\/p>\n","protected":false},"featured_media":24892,"comment_status":"open","ping_status":"closed","template":"","meta":{"_seopress_robots_primary_cat":"none","_seopress_titles_title":"","_seopress_titles_desc":"","_seopress_robots_index":""},"product_brand":[],"product_cat":[547],"product_tag":[],"class_list":{"0":"post-24900","1":"product","2":"type-product","3":"status-publish","4":"has-post-thumbnail","6":"product_cat-harze","9":"instock","10":"taxable","11":"shipping-taxable","12":"purchasable","13":"product-type-simple","14":"product-grid-view"},"_links":{"self":[{"href":"https:\/\/greenkingdom.ch\/de\/wp-json\/wp\/v2\/product\/24900","targetHints":{"allow":["GET"]}}],"collection":[{"href":"https:\/\/greenkingdom.ch\/de\/wp-json\/wp\/v2\/product"}],"about":[{"href":"https:\/\/greenkingdom.ch\/de\/wp-json\/wp\/v2\/types\/product"}],"replies":[{"embeddable":true,"href":"https:\/\/greenkingdom.ch\/de\/wp-json\/wp\/v2\/comments?post=24900"}],"version-history":[{"count":3,"href":"https:\/\/greenkingdom.ch\/de\/wp-json\/wp\/v2\/product\/24900\/revisions"}],"predecessor-version":[{"id":26949,"href":"https:\/\/greenkingdom.ch\/de\/wp-json\/wp\/v2\/product\/24900\/revisions\/26949"}],"wp:featuredmedia":[{"embeddable":true,"href":"https:\/\/greenkingdom.ch\/de\/wp-json\/wp\/v2\/media\/24892"}],"wp:attachment":[{"href":"https:\/\/greenkingdom.ch\/de\/wp-json\/wp\/v2\/media?parent=24900"}],"wp:term":[{"taxonomy":"product_brand","embeddable":true,"href":"https:\/\/greenkingdom.ch\/de\/wp-json\/wp\/v2\/product_brand?post=24900"},{"taxonomy":"product_cat","embeddable":true,"href":"https:\/\/greenkingdom.ch\/de\/wp-json\/wp\/v2\/product_cat?post=24900"},{"taxonomy":"product_tag","embeddable":true,"href":"https:\/\/greenkingdom.ch\/de\/wp-json\/wp\/v2\/product_tag?post=24900"}],"curies":[{"name":"wp","href":"https:\/\/api.w.org\/{rel}","templated":true}]}}