{"id":24934,"date":"2024-12-19T17:57:39","date_gmt":"2024-12-19T16:57:39","guid":{"rendered":"https:\/\/greenkingdom.ch\/?post_type=product&#038;p=24934"},"modified":"2025-01-02T14:19:53","modified_gmt":"2025-01-02T13:19:53","slug":"la-salade-critical-hash-resine-indoor-5g","status":"publish","type":"product","link":"https:\/\/greenkingdom.ch\/de\/produkt\/la-salade-critical-hash-resine-indoor-5g\/","title":{"rendered":"Der &#8222;Critical Hash&#8220; Indoor Harz Salat 5G"},"content":{"rendered":"<h2>Entdecke unser Critical Hash CBD Switzerland<\/h2>\n<p>Lernen Sie <strong>Critical Hash<\/strong> kennen, ein Premium-CBD-Harz, das ideal f\u00fcr Haschisch-Liebhaber ist. Unser Produkt zeichnet sich durch seine sehr hellbraune Farbe aus und stammt aus den besten Critical CBD-Bl\u00fcten, die in der Schweiz im Innenbereich angebaut werden. Genie\u00dfen Sie die Vorteile von CBD mit einem Produkt, das Exzellenz und Authentizit\u00e4t vereint.  <\/p>\n<h3>Funktionen von Critical Hash<\/h3>\n<ul>\n<li><strong>Herkunft<\/strong> : Unser Haschisch wird in der Schweiz angebaut und stammt aus sorgf\u00e4ltig ausgew\u00e4hlten Critical CBD-Bl\u00fcten.<\/li>\n<li><strong>Farbe<\/strong> : Sehr hellbraun, ein unverwechselbares Zeichen f\u00fcr die Reinheit und Qualit\u00e4t unseres Harzes.<\/li>\n<li><strong>Anbaumethode<\/strong> : Indoor, um eine optimale Kontrolle der Anbaubedingungen f\u00fcr eine \u00fcberlegene Qualit\u00e4t zu gew\u00e4hrleisten.<\/li>\n<li><strong>Produkttyp<\/strong> : CBD-Harz, auch bekannt als Haschisch, Pollen oder Haschisch.<\/li>\n<\/ul>\n<h3>Warum Critical Hash w\u00e4hlen?<\/h3>\n<ol>\n<li><strong>Schweizer Qualit\u00e4t<\/strong> : Eine Garantie f\u00fcr Authentizit\u00e4t und Know-how im CBD-Anbau.<\/li>\n<li><strong>Reinheit und Wirksamkeit<\/strong> : Unser sehr hellbraunes Harz ist ein Garant f\u00fcr Reinheit und Wirksamkeit, ideal f\u00fcr ein Erlebnis der Entspannung und des Wohlbefindens.<\/li>\n<li><strong>Vielseitigkeit<\/strong> : Egal, ob Du es lieber zum Verdampfen, Brauen oder Kochen verwendest, Critical Hash passt sich all Deinen W\u00fcnschen an.<\/li>\n<\/ol>\n<h3>Kritische Hash-Verwendungen<\/h3>\n<ul>\n<li><strong>Verdampfen<\/strong> : Eine schnelle und effektive Methode, um die entspannende Wirkung von CBD zu erleben.<\/li>\n<li><strong>Aufg\u00fcsse<\/strong> : Geben Sie ein wenig Critical Hash in Ihren Kr\u00e4utertee f\u00fcr einen Moment der absoluten Entspannung.<\/li>\n<li><strong>Kulinarisch<\/strong> : Integrieren Sie unser Haschisch in Ihre Rezepte, um die Vorteile von CBD in Ihrer t\u00e4glichen Ern\u00e4hrung zu genie\u00dfen.<\/li>\n<\/ul>\n<h3>Schlussfolgerung<\/h3>\n<p><strong>Critical Hash<\/strong> ist mehr als nur ein CBD-Harz. Es handelt sich um ein qualitativ hochwertiges Produkt, das sorgf\u00e4ltig in der Schweiz angebaut wird und die Erwartungen anspruchsvoller Verbraucher erf\u00fcllt. Mit seinen vielf\u00e4ltigen Verwendungsm\u00f6glichkeiten und Vorteilen f\u00fcr Gesundheit und Wohlbefinden ist es ein Muss f\u00fcr alle Haschisch-, Pollen- und Haschischliebhaber. Entscheiden Sie sich f\u00fcr Critical Hash und entdecken Sie den Unterschied eines au\u00dfergew\u00f6hnlichen Produkts.  <\/p>\n","protected":false},"excerpt":{"rendered":"<p>Entdecke unser Critical Hash CBD Switzerland Lernen Sie Critical Hash kennen, ein Premium-CBD-Harz, das ideal f\u00fcr Haschisch-Liebhaber ist. Unser Produkt zeichnet sich durch seine sehr hellbraune Farbe aus und stammt aus den besten Critical CBD-Bl\u00fcten, die in der Schweiz im Innenbereich angebaut werden. Genie\u00dfen Sie die Vorteile von CBD mit einem Produkt, das Exzellenz und [&hellip;]<\/p>\n","protected":false},"featured_media":24938,"comment_status":"open","ping_status":"closed","template":"","meta":{"_seopress_robots_primary_cat":"none","_seopress_titles_title":"","_seopress_titles_desc":"","_seopress_robots_index":""},"product_brand":[],"product_cat":[547],"product_tag":[],"class_list":{"0":"post-24934","1":"product","2":"type-product","3":"status-publish","4":"has-post-thumbnail","6":"product_cat-harze","9":"instock","10":"taxable","11":"shipping-taxable","12":"purchasable","13":"product-type-simple","14":"product-grid-view"},"_links":{"self":[{"href":"https:\/\/greenkingdom.ch\/de\/wp-json\/wp\/v2\/product\/24934","targetHints":{"allow":["GET"]}}],"collection":[{"href":"https:\/\/greenkingdom.ch\/de\/wp-json\/wp\/v2\/product"}],"about":[{"href":"https:\/\/greenkingdom.ch\/de\/wp-json\/wp\/v2\/types\/product"}],"replies":[{"embeddable":true,"href":"https:\/\/greenkingdom.ch\/de\/wp-json\/wp\/v2\/comments?post=24934"}],"version-history":[{"count":2,"href":"https:\/\/greenkingdom.ch\/de\/wp-json\/wp\/v2\/product\/24934\/revisions"}],"predecessor-version":[{"id":27078,"href":"https:\/\/greenkingdom.ch\/de\/wp-json\/wp\/v2\/product\/24934\/revisions\/27078"}],"wp:featuredmedia":[{"embeddable":true,"href":"https:\/\/greenkingdom.ch\/de\/wp-json\/wp\/v2\/media\/24938"}],"wp:attachment":[{"href":"https:\/\/greenkingdom.ch\/de\/wp-json\/wp\/v2\/media?parent=24934"}],"wp:term":[{"taxonomy":"product_brand","embeddable":true,"href":"https:\/\/greenkingdom.ch\/de\/wp-json\/wp\/v2\/product_brand?post=24934"},{"taxonomy":"product_cat","embeddable":true,"href":"https:\/\/greenkingdom.ch\/de\/wp-json\/wp\/v2\/product_cat?post=24934"},{"taxonomy":"product_tag","embeddable":true,"href":"https:\/\/greenkingdom.ch\/de\/wp-json\/wp\/v2\/product_tag?post=24934"}],"curies":[{"name":"wp","href":"https:\/\/api.w.org\/{rel}","templated":true}]}}