{"id":24957,"date":"2024-12-19T18:01:08","date_gmt":"2024-12-19T17:01:08","guid":{"rendered":"https:\/\/greenkingdom.ch\/?post_type=product&#038;p=24957"},"modified":"2025-01-02T14:19:54","modified_gmt":"2025-01-02T13:19:54","slug":"la-salade-le-jaune-resine-indoor-5g","status":"publish","type":"product","link":"https:\/\/greenkingdom.ch\/de\/produkt\/la-salade-le-jaune-resine-indoor-5g\/","title":{"rendered":"Der Harzsalat &#8222;Le Jaune&#8220; f\u00fcr den Innenbereich 5G"},"content":{"rendered":"<h2>Entdecken Sie Le Jaune: Premium-CBD-Harz<\/h2>\n<p><strong>Gelb<\/strong>, unser Premium-CBD-Harz, zeichnet sich durch seine leuchtende Farbe und au\u00dfergew\u00f6hnliche Reinheit aus. Dieses in der Schweiz hergestellte hochwertige Produkt wurde f\u00fcr CBD-Liebhaber entwickelt, die ein einzigartiges und raffiniertes Erlebnis suchen. <\/p>\n<h3>Eigenschaften von Hash CBD Le Jaune<\/h3>\n<ul>\n<li><strong>Leuchtend gelbe Farbe<\/strong> : Die unverwechselbare Farbe unseres Le Jaune-Harzes ist eine Garantie f\u00fcr seine Reinheit und die \u00fcberlegene Qualit\u00e4t der Pflanzen, die bei seiner Herstellung verwendet werden.<\/li>\n<li><strong>Schweizer Produktion<\/strong> : Le Jaune wird in der Schweiz hergestellt und profitiert von hohen Standards und Schweizer Know-how, was ein Produkt von aussergew\u00f6hnlicher Qualit\u00e4t garantiert.<\/li>\n<li><strong>CBD-Reichtum<\/strong> : Unser Le Jaune-Harz ist reich an Cannabidiol und bietet ein entspannendes und beruhigendes Erlebnis, ideal f\u00fcr diejenigen, die die Vorteile von CBD ohne die psychoaktive Wirkung suchen.<\/li>\n<\/ul>\n<h3>Warum sollten Sie sich f\u00fcr unseren CBD-Pollen Le Jaune entscheiden?<\/h3>\n<p>Gelb zeichnet sich auf dem Markt f\u00fcr CBD-Harze durch seine einzigartigen Eigenschaften aus:<\/p>\n<ul>\n<li><strong>Premium Haschisch<\/strong> : Hergestellt aus den feinsten Hanfpflanzen, ist unser Le Jaune Haschisch ein Synonym f\u00fcr Reinheit und Qualit\u00e4t.<\/li>\n<li><strong>CBD-reicher Pollen<\/strong> : Das Le Jaune-Harz wird aus Pflanzenpollen gewonnen und sorgt f\u00fcr eine hohe CBD-Konzentration f\u00fcr eine maximierte Wirkung.<\/li>\n<li><strong>Authentisches Haschisch<\/strong> : Der Herstellungsprozess unseres Le Jaune Haschischs respektiert die Traditionen und integriert gleichzeitig moderne Techniken, um ein Produkt von au\u00dfergew\u00f6hnlicher Qualit\u00e4t zu gew\u00e4hrleisten.<\/li>\n<\/ul>\n<h4>Nutzen &amp; Nutzen<\/h4>\n<p>Gelb kann auf verschiedene Weise verwendet werden, um seine Vorteile voll auszusch\u00f6pfen:<\/p>\n<ul>\n<li><strong>Entspannung<\/strong> : Le Jaune ist ideal zum Entspannen nach einem langen Tag und hilft, K\u00f6rper und Geist zu beruhigen.<\/li>\n<li><strong>Stressabbau<\/strong> : Die nat\u00fcrlichen Eigenschaften von CBD sind bekannt f\u00fcr ihre F\u00e4higkeit, Stress und Angstzust\u00e4nde zu reduzieren.<\/li>\n<li><strong>Allgemeines Wohlbefinden<\/strong> : Indem Sie Le Jaune in Ihre Routine integrieren, k\u00f6nnen Sie von Ihrem allgemeinen Wohlbefinden und einer Verbesserung Ihrer Lebensqualit\u00e4t profitieren.<\/li>\n<\/ul>\n<h4>Schlussfolgerung<\/h4>\n<p>Entscheiden Sie sich f\u00fcr <strong>Le Jaune<\/strong>, unser Premium-CBD-Harz, f\u00fcr ein authentisches und beruhigendes Erlebnis. Mit seinen einzigartigen Eigenschaften und der Schweizer Produktion ist Le Jaune die ideale Wahl f\u00fcr CBD-Kenner, die auf der Suche nach hochwertigen Produkten sind. Genie\u00dfe die Vorteile von Haschisch, Pollen und Haschisch in einem gro\u00dfartigen Produkt.  <\/p>\n","protected":false},"excerpt":{"rendered":"<p>Entdecken Sie Le Jaune: Premium-CBD-Harz Gelb, unser Premium-CBD-Harz, zeichnet sich durch seine leuchtende Farbe und au\u00dfergew\u00f6hnliche Reinheit aus. Dieses in der Schweiz hergestellte hochwertige Produkt wurde f\u00fcr CBD-Liebhaber entwickelt, die ein einzigartiges und raffiniertes Erlebnis suchen. Eigenschaften von Hash CBD Le Jaune Leuchtend gelbe Farbe : Die unverwechselbare Farbe unseres Le Jaune-Harzes ist eine Garantie [&hellip;]<\/p>\n","protected":false},"featured_media":24961,"comment_status":"open","ping_status":"closed","template":"","meta":{"_seopress_robots_primary_cat":"none","_seopress_titles_title":"","_seopress_titles_desc":"","_seopress_robots_index":""},"product_brand":[],"product_cat":[547],"product_tag":[],"class_list":{"0":"post-24957","1":"product","2":"type-product","3":"status-publish","4":"has-post-thumbnail","6":"product_cat-harze","9":"instock","10":"taxable","11":"shipping-taxable","12":"purchasable","13":"product-type-simple","14":"product-grid-view"},"_links":{"self":[{"href":"https:\/\/greenkingdom.ch\/de\/wp-json\/wp\/v2\/product\/24957","targetHints":{"allow":["GET"]}}],"collection":[{"href":"https:\/\/greenkingdom.ch\/de\/wp-json\/wp\/v2\/product"}],"about":[{"href":"https:\/\/greenkingdom.ch\/de\/wp-json\/wp\/v2\/types\/product"}],"replies":[{"embeddable":true,"href":"https:\/\/greenkingdom.ch\/de\/wp-json\/wp\/v2\/comments?post=24957"}],"version-history":[{"count":2,"href":"https:\/\/greenkingdom.ch\/de\/wp-json\/wp\/v2\/product\/24957\/revisions"}],"predecessor-version":[{"id":27079,"href":"https:\/\/greenkingdom.ch\/de\/wp-json\/wp\/v2\/product\/24957\/revisions\/27079"}],"wp:featuredmedia":[{"embeddable":true,"href":"https:\/\/greenkingdom.ch\/de\/wp-json\/wp\/v2\/media\/24961"}],"wp:attachment":[{"href":"https:\/\/greenkingdom.ch\/de\/wp-json\/wp\/v2\/media?parent=24957"}],"wp:term":[{"taxonomy":"product_brand","embeddable":true,"href":"https:\/\/greenkingdom.ch\/de\/wp-json\/wp\/v2\/product_brand?post=24957"},{"taxonomy":"product_cat","embeddable":true,"href":"https:\/\/greenkingdom.ch\/de\/wp-json\/wp\/v2\/product_cat?post=24957"},{"taxonomy":"product_tag","embeddable":true,"href":"https:\/\/greenkingdom.ch\/de\/wp-json\/wp\/v2\/product_tag?post=24957"}],"curies":[{"name":"wp","href":"https:\/\/api.w.org\/{rel}","templated":true}]}}