{"id":25122,"date":"2024-12-19T18:33:34","date_gmt":"2024-12-19T17:33:34","guid":{"rendered":"https:\/\/greenkingdom.ch\/product\/la-salade-serum-au-cbd-100-biologique\/"},"modified":"2025-01-02T14:20:23","modified_gmt":"2025-01-02T13:20:23","slug":"la-salade-serum-au-cbd-100-biologique","status":"publish","type":"product","link":"https:\/\/greenkingdom.ch\/de\/produkt\/la-salade-serum-au-cbd-100-biologique\/","title":{"rendered":"Der Salat | CBD-Serum | 100% biologisch"},"content":{"rendered":"<p style=\"font-weight: 400;\">\n            <b><br \/>\n              <strong>Unser CBD-Serum st\u00e4rkt Ihre Haut auf nat\u00fcrliche Weise<\/strong><br \/>\n            <\/b>\n          <\/p>\n<p style=\"font-weight: 400;\">In dieser einzigartigen Vollspektrum-Formel werden Hyalurons\u00e4ure und Vitamin C mit unserem Hanfextrakt zu einer perfekten Kombination kombiniert.<\/p>\n<p style=\"font-weight: 400;\">\n            <b><br \/>\n              <strong>Hyalurons\u00e4ure<\/strong><br \/>\n            <\/b>\n          <\/p>\n<p style=\"font-weight: 400;\">Durch seine Konsistenz zieht das Serum schnell ein und ist f\u00fcr alle Hauttypen geeignet. Es ist ein ausgezeichneter Verb\u00fcndeter in Ihrer t\u00e4glichen Hautpflege. <\/p>\n<p style=\"font-weight: 400;\">\n            <b><br \/>\n              <strong>Tipps zur Verwendung unseres CBD-Serums:<\/strong><br \/>\n            <\/b>\n          <\/p>\n<p style=\"font-weight: 400;\">Morgens und abends nach der Reinigung f\u00fcr einen nat\u00fcrlichen Energieschub. Passt perfekt wie vor dem Auftragen der Day &amp; Night Face Cream. <\/p>\n<p style=\"font-weight: 400;\">Inhaltsstoffe: CBD, Aloe Vera, Hyalurons\u00e4ure, Vitamin C<\/p>\n<p style=\"font-weight: 400;\">\n            <b><br \/>\n              <strong>Erfrischen Sie Ihre Haut mit unserem CBD- und Hyalurons\u00e4ure-Serum<\/strong><br \/>\n            <\/b>\n          <\/p>\n<p style=\"font-weight: 400;\">Unser CBD-Hyalurons\u00e4ure-Serum wurde entwickelt, um Ihre Haut intensiv mit Feuchtigkeit zu versorgen. Mit seinen hochwertigen nat\u00fcrlichen Inhaltsstoffen ist dieses Serum die perfekte Wahl, um das Aussehen Ihrer Haut zu verbessern und ihr ein weiches und strahlendes Gef\u00fchl zu verleihen. <\/p>\n<p style=\"font-weight: 400;\">\n            <b><br \/>\n              <strong>Vollspektrum-Hanfextrakt und Hyalurons\u00e4ure f\u00fcr eine optimale Wirkung<\/strong><br \/>\n            <\/b>\n          <\/p>\n<p style=\"font-weight: 400;\">Unser Serum enth\u00e4lt Vollspektrum-Hanfextrakt und Hyalurons\u00e4ure f\u00fcr maximale Wirksamkeit. Hyalurons\u00e4ure wirkt tief in der Tiefe, um Ihre Haut mit Feuchtigkeit zu versorgen, w\u00e4hrend die vollst\u00e4ndige Mischung aus Hanfkomponenten zus\u00e4tzliche Hilfe bietet, um das Erscheinungsbild Ihrer Haut zu verbessern. <\/p>\n<p style=\"font-weight: 400;\">\n            <b><br \/>\n              <strong>Biologische Inhaltsstoffe f\u00fcr eine sichere Anwendung<\/strong><br \/>\n            <\/b>\n          <\/p>\n<p style=\"font-weight: 400;\">Wir haben uns bem\u00fcht, die besten Bio-Inhaltsstoffe auszuw\u00e4hlen, um dieses CBD- und Hyalurons\u00e4ure-Serum zu kreieren. Wir glauben daran, wie wichtig es ist, unseren Kunden sichere und zuverl\u00e4ssige Produkte f\u00fcr den t\u00e4glichen Gebrauch zu bieten. So k\u00f6nnen Sie unser Serum mit Zuversicht verwenden, da Sie wissen, dass Sie die beste verf\u00fcgbare Qualit\u00e4t erhalten.  <\/p>\n<p style=\"font-weight: 400;\">Zusammenfassend l\u00e4sst sich sagen, dass unser CBD-Hyalurons\u00e4ure-Serum die perfekte L\u00f6sung ist, wenn Sie nach einem Produkt suchen, das Ihre Haut mit Feuchtigkeit versorgt und sie j\u00fcnger und strahlender aussehen l\u00e4sst. Mit seinen hochwertigen Bio-Inhaltsstoffen, Vollspektrum-Hanfextrakt und Hyalurons\u00e4ure k\u00f6nnen Sie Ihre Haut sicher erfrischen, um optimale Ergebnisse zu erzielen. Probieren Sie es noch heute aus, um den Unterschied zu sehen.  <\/p>\n","protected":false},"excerpt":{"rendered":"<p>Unser CBD-Serum st\u00e4rkt Ihre Haut auf nat\u00fcrliche Weise In dieser einzigartigen Vollspektrum-Formel werden Hyalurons\u00e4ure und Vitamin C mit unserem Hanfextrakt zu einer perfekten Kombination kombiniert. Hyalurons\u00e4ure Durch seine Konsistenz zieht das Serum schnell ein und ist f\u00fcr alle Hauttypen geeignet. Es ist ein ausgezeichneter Verb\u00fcndeter in Ihrer t\u00e4glichen Hautpflege. Tipps zur Verwendung unseres CBD-Serums: Morgens [&hellip;]<\/p>\n","protected":false},"featured_media":25114,"comment_status":"open","ping_status":"closed","template":"","meta":{"_seopress_robots_primary_cat":"none","_seopress_titles_title":"","_seopress_titles_desc":"","_seopress_robots_index":""},"product_brand":[],"product_cat":[708],"product_tag":[],"class_list":{"0":"post-25122","1":"product","2":"type-product","3":"status-publish","4":"has-post-thumbnail","6":"product_cat-bien-etre-de","9":"instock","10":"taxable","11":"shipping-taxable","12":"purchasable","13":"product-type-simple","14":"product-grid-view"},"_links":{"self":[{"href":"https:\/\/greenkingdom.ch\/de\/wp-json\/wp\/v2\/product\/25122","targetHints":{"allow":["GET"]}}],"collection":[{"href":"https:\/\/greenkingdom.ch\/de\/wp-json\/wp\/v2\/product"}],"about":[{"href":"https:\/\/greenkingdom.ch\/de\/wp-json\/wp\/v2\/types\/product"}],"replies":[{"embeddable":true,"href":"https:\/\/greenkingdom.ch\/de\/wp-json\/wp\/v2\/comments?post=25122"}],"version-history":[{"count":2,"href":"https:\/\/greenkingdom.ch\/de\/wp-json\/wp\/v2\/product\/25122\/revisions"}],"predecessor-version":[{"id":27115,"href":"https:\/\/greenkingdom.ch\/de\/wp-json\/wp\/v2\/product\/25122\/revisions\/27115"}],"wp:featuredmedia":[{"embeddable":true,"href":"https:\/\/greenkingdom.ch\/de\/wp-json\/wp\/v2\/media\/25114"}],"wp:attachment":[{"href":"https:\/\/greenkingdom.ch\/de\/wp-json\/wp\/v2\/media?parent=25122"}],"wp:term":[{"taxonomy":"product_brand","embeddable":true,"href":"https:\/\/greenkingdom.ch\/de\/wp-json\/wp\/v2\/product_brand?post=25122"},{"taxonomy":"product_cat","embeddable":true,"href":"https:\/\/greenkingdom.ch\/de\/wp-json\/wp\/v2\/product_cat?post=25122"},{"taxonomy":"product_tag","embeddable":true,"href":"https:\/\/greenkingdom.ch\/de\/wp-json\/wp\/v2\/product_tag?post=25122"}],"curies":[{"name":"wp","href":"https:\/\/api.w.org\/{rel}","templated":true}]}}