{"id":25130,"date":"2024-12-19T18:34:00","date_gmt":"2024-12-19T17:34:00","guid":{"rendered":"https:\/\/greenkingdom.ch\/?post_type=product&#038;p=25130"},"modified":"2025-01-02T14:20:21","modified_gmt":"2025-01-02T13:20:21","slug":"la-salade-creme-au-cbd-100-biologique","status":"publish","type":"product","link":"https:\/\/greenkingdom.ch\/de\/produkt\/la-salade-creme-au-cbd-100-biologique\/","title":{"rendered":"Der Salat | CBD-Gesichtscreme | 100% biologisch"},"content":{"rendered":"<h2 style=\"font-weight: 500;\">\n            <b><br \/>\n              <strong>Unsere CBD-Gesichtscreme<\/strong><br \/>\n            <\/b><br \/>\n          <\/h2>\n<p style=\"font-weight: 400;\">Zwei reine und nat\u00fcrliche Wirkstoffe, Aloe Vera und CBD (Cannabidiol), kombiniert in einer Formulierung, die perfekt auf die Bed\u00fcrfnisse aller Hauttypen abgestimmt ist.<\/p>\n<p style=\"font-weight: 400;\">Natriumhyaluronat und Vitamin E bieten Tag und Nacht gezielte Unterst\u00fctzung.<\/p>\n<p style=\"font-weight: 400;\">\n<h2 style=\"font-weight: 500;\"><b><strong>Verwendung<\/strong><\/b><b><strong>unserer CBD-Gesichtscreme<\/strong><\/b> <b><strong><\/strong><\/b><\/h2>\n<p style=\"font-weight: 400;\">Morgens und abends nach dem Serum auf das gereinigte Gesicht auftragen.<\/p>\n<p style=\"font-weight: 400;\">Zutaten: CBD, Aloe Vera, Natriumhyaluronat, Vitamin E<\/p>\n<h2 style=\"font-weight: 500;\">\n            <b><br \/>\n              <strong>Nehmen Sie eine nat\u00fcrliche Hautpflegeroutine mit unserer Bio-CBD- und Aloe-Vera-Gesichtscreme an<\/strong><br \/>\n            <\/b><br \/>\n          <\/h2>\n<p style=\"font-weight: 400;\">Unsere Bio-Gesichtscreme mit CBD und Aloe Vera wurde entwickelt, um Ihnen eine tiefe Feuchtigkeitsversorgung und eine strahlendere Haut zu bieten. Mit ihren hochwertigen nat\u00fcrlichen Inhaltsstoffen ist diese Creme die perfekte Wahl, um das Erscheinungsbild Ihrer Haut auf nat\u00fcrliche Weise zu verbessern. <\/p>\n<p style=\"font-weight: 400;\">\n<h2 style=\"font-weight: 500;\">\n            <b><br \/>\n              <strong>Vollspektrum-Hanfextrakt und Aloe Vera f\u00fcr eine gen\u00e4hrte und mit Feuchtigkeit versorgte Haut<\/strong><br \/>\n            <\/b><br \/>\n          <\/h2>\n<p style=\"font-weight: 400;\">Unsere Gesichtscreme enth\u00e4lt Vollspektrum-Hanfextrakt und Bio-Aloe Vera f\u00fcr maximale Wirksamkeit. Aloe Vera versorgt Ihre Haut tief mit Feuchtigkeit, w\u00e4hrend die vollst\u00e4ndige Mischung aus Hanfkomponenten zus\u00e4tzliche Hilfe bietet, um das Erscheinungsbild Ihrer Haut zu verbessern. <\/p>\n<p style=\"font-weight: 400;\">\n<h3 style=\"font-weight: 500;\">\n            <b><br \/>\n              <strong>Biologische Inhaltsstoffe f\u00fcr eine sorgenfreie Anwendung<\/strong><br \/>\n            <\/b><br \/>\n          <\/h3>\n<p style=\"font-weight: 400;\">Wir haben die besten Bio-Zutaten ausgew\u00e4hlt, um unsere CBD- und Aloe-Vera-Gesichtscreme herzustellen. Wir glauben daran, wie wichtig es ist, unseren Kunden sichere und zuverl\u00e4ssige Produkte f\u00fcr den t\u00e4glichen Gebrauch zu bieten. So k\u00f6nnen Sie unsere Creme mit Zuversicht verwenden, da Sie wissen, dass Sie die beste verf\u00fcgbare Qualit\u00e4t erhalten.  <\/p>\n<p style=\"font-weight: 400;\">Zusammenfassend l\u00e4sst sich sagen, dass unsere Bio-Gesichtscreme mit CBD und Aloe Vera die perfekte L\u00f6sung ist, wenn Sie auf der Suche nach einem nat\u00fcrlichen Produkt sind, um Ihre Haut mit Feuchtigkeit zu versorgen und das Erscheinungsbild zu verbessern. Mit seinem Vollspektrum-Hanfextrakt und der Bio-Aloe Vera k\u00f6nnen Sie Ihre Haut sicher n\u00e4hren, um optimale Ergebnisse zu erzielen. Probieren Sie es noch heute aus, um den Unterschied zu sehen.  <\/p>\n","protected":false},"excerpt":{"rendered":"<p>Unsere CBD-Gesichtscreme Zwei reine und nat\u00fcrliche Wirkstoffe, Aloe Vera und CBD (Cannabidiol), kombiniert in einer Formulierung, die perfekt auf die Bed\u00fcrfnisse aller Hauttypen abgestimmt ist. Natriumhyaluronat und Vitamin E bieten Tag und Nacht gezielte Unterst\u00fctzung. Verwendungunserer CBD-Gesichtscreme Morgens und abends nach dem Serum auf das gereinigte Gesicht auftragen. Zutaten: CBD, Aloe Vera, Natriumhyaluronat, Vitamin E [&hellip;]<\/p>\n","protected":false},"featured_media":25134,"comment_status":"open","ping_status":"closed","template":"","meta":{"_seopress_robots_primary_cat":"none","_seopress_titles_title":"","_seopress_titles_desc":"","_seopress_robots_index":""},"product_brand":[],"product_cat":[708],"product_tag":[],"class_list":{"0":"post-25130","1":"product","2":"type-product","3":"status-publish","4":"has-post-thumbnail","6":"product_cat-bien-etre-de","9":"instock","10":"taxable","11":"shipping-taxable","12":"purchasable","13":"product-type-simple","14":"product-grid-view"},"_links":{"self":[{"href":"https:\/\/greenkingdom.ch\/de\/wp-json\/wp\/v2\/product\/25130","targetHints":{"allow":["GET"]}}],"collection":[{"href":"https:\/\/greenkingdom.ch\/de\/wp-json\/wp\/v2\/product"}],"about":[{"href":"https:\/\/greenkingdom.ch\/de\/wp-json\/wp\/v2\/types\/product"}],"replies":[{"embeddable":true,"href":"https:\/\/greenkingdom.ch\/de\/wp-json\/wp\/v2\/comments?post=25130"}],"version-history":[{"count":2,"href":"https:\/\/greenkingdom.ch\/de\/wp-json\/wp\/v2\/product\/25130\/revisions"}],"predecessor-version":[{"id":27112,"href":"https:\/\/greenkingdom.ch\/de\/wp-json\/wp\/v2\/product\/25130\/revisions\/27112"}],"wp:featuredmedia":[{"embeddable":true,"href":"https:\/\/greenkingdom.ch\/de\/wp-json\/wp\/v2\/media\/25134"}],"wp:attachment":[{"href":"https:\/\/greenkingdom.ch\/de\/wp-json\/wp\/v2\/media?parent=25130"}],"wp:term":[{"taxonomy":"product_brand","embeddable":true,"href":"https:\/\/greenkingdom.ch\/de\/wp-json\/wp\/v2\/product_brand?post=25130"},{"taxonomy":"product_cat","embeddable":true,"href":"https:\/\/greenkingdom.ch\/de\/wp-json\/wp\/v2\/product_cat?post=25130"},{"taxonomy":"product_tag","embeddable":true,"href":"https:\/\/greenkingdom.ch\/de\/wp-json\/wp\/v2\/product_tag?post=25130"}],"curies":[{"name":"wp","href":"https:\/\/api.w.org\/{rel}","templated":true}]}}