{"id":25146,"date":"2024-12-19T18:35:50","date_gmt":"2024-12-19T17:35:50","guid":{"rendered":"https:\/\/greenkingdom.ch\/?post_type=product&#038;p=25146"},"modified":"2025-01-02T14:20:24","modified_gmt":"2025-01-02T13:20:24","slug":"la-salade-gel-sport-au-cbd-100-biologique","status":"publish","type":"product","link":"https:\/\/greenkingdom.ch\/de\/produkt\/la-salade-gel-sport-au-cbd-100-biologique\/","title":{"rendered":"Der Salat | CBD Sport Gel | 100% biologisch"},"content":{"rendered":"<h2 style=\"font-weight: 500;\">\n            <b><br \/>\n              <strong>Unser CBD-Sportgel<\/strong><br \/>\n            <\/b><br \/>\n          <\/h2>\n<p style=\"font-weight: 400;\">Die Synergie von Aloe Vera und CBD-Extrakt bildet eine perfekte Synergie f\u00fcr Ihre Muskeln.<\/p>\n<p style=\"font-weight: 400;\">\n<h2 style=\"font-weight: 500;\">\n            <b><br \/>\n              <strong>Sportgel mit k\u00fchlender Wirkung<\/strong><br \/>\n            <\/b><br \/>\n          <\/h2>\n<p style=\"font-weight: 400;\">Das Gel zieht schnell in die Haut ein und sorgt f\u00fcr ein angenehmes Frischegef\u00fchl w\u00e4hrend und nach der Anwendung.<\/p>\n<p style=\"font-weight: 400;\">\n<h2 style=\"font-weight: 500;\">\n            <b><br \/>\n              <strong>Tipps zur Verwendung von CBD-Sportgel:<\/strong><br \/>\n            <\/b><br \/>\n          <\/h2>\n<p style=\"font-weight: 400;\">Massieren Sie nach Ihrer Sporteinheit die beanspruchten Stellen, egal ob es sich um die Muskeln oder Gelenke handelt.<\/p>\n<p style=\"font-weight: 400;\">Inhaltsstoffe: CBD, Aloe Vera, Glucosamin<\/p>\n<h2 style=\"font-weight: 500;\">\n            <b><br \/>\n              <strong>Verbessern Sie Ihre sportliche Leistung mit unserem Bio-CBD-Gel<\/strong><br \/>\n            <\/b><br \/>\n          <\/h2>\n<p style=\"font-weight: 400;\">Unser Bio-CBD-Sportgel ist ein Qualit\u00e4tsprodukt, das optimiert ist, um Ihnen zu helfen, Ihre sportlichen Ziele zu erreichen. Dieses Gel wurde f\u00fcr Sportler und Sportler aller Leistungsstufen entwickelt und bietet Ihnen zus\u00e4tzliche Hilfe, um Ihre Leistung zu verbessern. <\/p>\n<p style=\"font-weight: 400;\">\n<h3 style=\"font-weight: 500;\">\n            <b><br \/>\n              <strong>Vollspektrum-Hanfextrakt f\u00fcr eine bessere Wirksamkeit<\/strong><br \/>\n            <\/b><br \/>\n          <\/h3>\n<p style=\"font-weight: 400;\">Unser Gel enth\u00e4lt einen Vollspektrum-Hanfextrakt, was bedeutet, dass Sie alle Vorteile von CBD und den anderen nat\u00fcrlichen Bestandteilen von Hanf nutzen k\u00f6nnen. Diese umfassende Mischung aus Komponenten bietet maximale Effizienz f\u00fcr zus\u00e4tzliche Hilfe bei Ihren sportlichen Aktivit\u00e4ten. <\/p>\n<p style=\"font-weight: 400;\">\n<h2 style=\"font-weight: 500;\">\n            <b><br \/>\n              <strong>Hochwertige Bio-Zutaten f\u00fcr eine sichere Anwendung<\/strong><br \/>\n            <\/b><br \/>\n          <\/h2>\n<p style=\"font-weight: 400;\">Wir haben uns bem\u00fcht, die besten Bio-Inhaltsstoffe auszuw\u00e4hlen, um dieses CBD-Sportgel herzustellen. Wir glauben daran, wie wichtig es ist, unseren Kunden sichere und zuverl\u00e4ssige Produkte f\u00fcr den t\u00e4glichen Gebrauch zu bieten. So k\u00f6nnen Sie unser Gel mit Zuversicht verwenden, da Sie wissen, dass Sie die beste verf\u00fcgbare Qualit\u00e4t erhalten.  <\/p>\n<p style=\"font-weight: 400;\">Zusammenfassend l\u00e4sst sich sagen, dass unser Bio-CBD-Sportgel die ideale L\u00f6sung ist, wenn Sie auf der Suche nach einem Qualit\u00e4tsprodukt sind, das optimiert ist, um Ihre sportliche Leistung zu verbessern. Mit hochwertigen Bio-Inhaltsstoffen und Vollspektrum-Hanfextrakt erhalten Sie zus\u00e4tzliche Hilfe, um Ihre sportlichen Ziele sicher zu erreichen. Probieren Sie es noch heute aus, um den Unterschied zu sehen.  <\/p>\n","protected":false},"excerpt":{"rendered":"<p>Unser CBD-Sportgel Die Synergie von Aloe Vera und CBD-Extrakt bildet eine perfekte Synergie f\u00fcr Ihre Muskeln. Sportgel mit k\u00fchlender Wirkung Das Gel zieht schnell in die Haut ein und sorgt f\u00fcr ein angenehmes Frischegef\u00fchl w\u00e4hrend und nach der Anwendung. Tipps zur Verwendung von CBD-Sportgel: Massieren Sie nach Ihrer Sporteinheit die beanspruchten Stellen, egal ob es [&hellip;]<\/p>\n","protected":false},"featured_media":25150,"comment_status":"open","ping_status":"closed","template":"","meta":{"_seopress_robots_primary_cat":"none","_seopress_titles_title":"","_seopress_titles_desc":"","_seopress_robots_index":""},"product_brand":[],"product_cat":[708],"product_tag":[],"class_list":{"0":"post-25146","1":"product","2":"type-product","3":"status-publish","4":"has-post-thumbnail","6":"product_cat-bien-etre-de","9":"instock","10":"taxable","11":"shipping-taxable","12":"purchasable","13":"product-type-simple","14":"product-grid-view"},"_links":{"self":[{"href":"https:\/\/greenkingdom.ch\/de\/wp-json\/wp\/v2\/product\/25146","targetHints":{"allow":["GET"]}}],"collection":[{"href":"https:\/\/greenkingdom.ch\/de\/wp-json\/wp\/v2\/product"}],"about":[{"href":"https:\/\/greenkingdom.ch\/de\/wp-json\/wp\/v2\/types\/product"}],"replies":[{"embeddable":true,"href":"https:\/\/greenkingdom.ch\/de\/wp-json\/wp\/v2\/comments?post=25146"}],"version-history":[{"count":2,"href":"https:\/\/greenkingdom.ch\/de\/wp-json\/wp\/v2\/product\/25146\/revisions"}],"predecessor-version":[{"id":27118,"href":"https:\/\/greenkingdom.ch\/de\/wp-json\/wp\/v2\/product\/25146\/revisions\/27118"}],"wp:featuredmedia":[{"embeddable":true,"href":"https:\/\/greenkingdom.ch\/de\/wp-json\/wp\/v2\/media\/25150"}],"wp:attachment":[{"href":"https:\/\/greenkingdom.ch\/de\/wp-json\/wp\/v2\/media?parent=25146"}],"wp:term":[{"taxonomy":"product_brand","embeddable":true,"href":"https:\/\/greenkingdom.ch\/de\/wp-json\/wp\/v2\/product_brand?post=25146"},{"taxonomy":"product_cat","embeddable":true,"href":"https:\/\/greenkingdom.ch\/de\/wp-json\/wp\/v2\/product_cat?post=25146"},{"taxonomy":"product_tag","embeddable":true,"href":"https:\/\/greenkingdom.ch\/de\/wp-json\/wp\/v2\/product_tag?post=25146"}],"curies":[{"name":"wp","href":"https:\/\/api.w.org\/{rel}","templated":true}]}}