{"id":25162,"date":"2024-12-19T18:37:56","date_gmt":"2024-12-19T17:37:56","guid":{"rendered":"https:\/\/greenkingdom.ch\/?post_type=product&#038;p=25162"},"modified":"2025-01-02T12:10:09","modified_gmt":"2025-01-02T11:10:09","slug":"la-salade-huile-corporelle-au-cbd-100-biologique","status":"publish","type":"product","link":"https:\/\/greenkingdom.ch\/de\/produkt\/la-salade-huile-corporelle-au-cbd-100-biologique\/","title":{"rendered":"Der Salat | CBD-K\u00f6rper\u00f6l | 100% biologisch"},"content":{"rendered":"<p style=\"font-weight: 400;\">\n            <b><br \/>\n              <strong>Unser entspannendes CBD-Massage\u00f6l<\/strong><br \/>\n            <\/b>\n          <\/p>\n<p style=\"font-weight: 400;\">Mit einer perfekten Kombination aus Bio-Jojoba und CBD (Cannabidiol) ist unser K\u00f6rper\u00f6l reich an Wirkstoffen f\u00fcr eine Behandlung voller Entspannung und Entspannung. Dar\u00fcber hinaus wirken die Terpene im Vollspektrum-Hanfextrakt als Aromatherapie w\u00e4hrend der Massage. <\/p>\n<p style=\"font-weight: 400;\">\n<p style=\"font-weight: 400;\">\n            <b><br \/>\n              <strong>Tipps zur Verwendung von CBD-Kosmetik:<\/strong><br \/>\n            <\/b>\n          <\/p>\n<p style=\"font-weight: 400;\">Es kann als Massage auf der Haut, als \u00d6l f\u00fcr K\u00f6rper, Gesicht und Haare verwendet werden.<\/p>\n<p style=\"font-weight: 400;\">\n<p style=\"font-weight: 400;\">Zutaten: Jojoba-Samen\u00f6l (Simmondsia Chinensis), Cannabis Sativa-Blattextrakt.<\/p>\n<h2 style=\"font-weight: 500;\">\n            <b><br \/>\n              <strong>N\u00e4hren Sie Ihren K\u00f6rper mit unserem Bio-CBD-K\u00f6rper\u00f6l<\/strong><br \/>\n            <\/b><br \/>\n          <\/h2>\n<p style=\"font-weight: 400;\">Unser Bio-CBD-K\u00f6rper\u00f6l wurde entwickelt, um Ihnen eine tiefe Feuchtigkeitsversorgung und eine geschmeidige, weichere Haut zu bieten. Mit seinen hochwertigen nat\u00fcrlichen Inhaltsstoffen ist dieses \u00d6l die perfekte Wahl, um Ihren K\u00f6rper auf nat\u00fcrliche Weise zu pflegen. <\/p>\n<p style=\"font-weight: 400;\">\n<h3 style=\"font-weight: 500;\">\n            <b><br \/>\n              <strong>Vollspektrum-Hanfextrakt f\u00fcr eine ges\u00fcndere Haut<\/strong><br \/>\n            <\/b><br \/>\n          <\/h3>\n<p style=\"font-weight: 400;\">Unser K\u00f6rper\u00f6l enth\u00e4lt einen Vollspektrum-Hanfextrakt f\u00fcr maximale Wirksamkeit. Die komplette Mischung aus Hanfkomponenten bietet zus\u00e4tzliche Hilfe bei der Befeuchtung und Pflege Ihrer Haut. <\/p>\n<p style=\"font-weight: 400;\">\n<h2 style=\"font-weight: 500;\">\n            <b><br \/>\n              <strong>Bio-Inhaltsstoffe in einem CBD- und Jojoba-Massage\u00f6l<\/strong><br \/>\n            <\/b><br \/>\n          <\/h2>\n<p style=\"font-weight: 400;\">Wir haben die besten Bio-Inhaltsstoffe ausgew\u00e4hlt, um unser CBD-K\u00f6rper\u00f6l herzustellen. Wir glauben daran, wie wichtig es ist, unseren Kunden sichere und zuverl\u00e4ssige Produkte f\u00fcr den t\u00e4glichen Gebrauch zu bieten. So k\u00f6nnen Sie unser \u00d6l mit Vertrauen verwenden, da Sie wissen, dass Sie die beste verf\u00fcgbare Qualit\u00e4t erhalten.  <\/p>\n<p style=\"font-weight: 400;\">Zusammenfassend l\u00e4sst sich sagen, dass unser Bio-CBD-K\u00f6rper\u00f6l die perfekte L\u00f6sung ist, wenn Sie auf der Suche nach einem nat\u00fcrlichen Produkt sind, um Ihre Haut mit Feuchtigkeit zu versorgen. Mit seinem Vollspektrum-Hanfextrakt k\u00f6nnen Sie Ihre Haut sicher n\u00e4hren, um optimale Ergebnisse zu erzielen. Probieren Sie es noch heute aus, um den Unterschied zu sehen.  <\/p>\n","protected":false},"excerpt":{"rendered":"<p>Unser entspannendes CBD-Massage\u00f6l Mit einer perfekten Kombination aus Bio-Jojoba und CBD (Cannabidiol) ist unser K\u00f6rper\u00f6l reich an Wirkstoffen f\u00fcr eine Behandlung voller Entspannung und Entspannung. Dar\u00fcber hinaus wirken die Terpene im Vollspektrum-Hanfextrakt als Aromatherapie w\u00e4hrend der Massage. Tipps zur Verwendung von CBD-Kosmetik: Es kann als Massage auf der Haut, als \u00d6l f\u00fcr K\u00f6rper, Gesicht und [&hellip;]<\/p>\n","protected":false},"featured_media":25166,"comment_status":"open","ping_status":"closed","template":"","meta":{"_seopress_robots_primary_cat":"none","_seopress_titles_title":"","_seopress_titles_desc":"","_seopress_robots_index":""},"product_brand":[],"product_cat":[708],"product_tag":[],"class_list":{"0":"post-25162","1":"product","2":"type-product","3":"status-publish","4":"has-post-thumbnail","6":"product_cat-bien-etre-de","9":"instock","10":"taxable","11":"shipping-taxable","12":"purchasable","13":"product-type-simple","14":"product-grid-view"},"_links":{"self":[{"href":"https:\/\/greenkingdom.ch\/de\/wp-json\/wp\/v2\/product\/25162","targetHints":{"allow":["GET"]}}],"collection":[{"href":"https:\/\/greenkingdom.ch\/de\/wp-json\/wp\/v2\/product"}],"about":[{"href":"https:\/\/greenkingdom.ch\/de\/wp-json\/wp\/v2\/types\/product"}],"replies":[{"embeddable":true,"href":"https:\/\/greenkingdom.ch\/de\/wp-json\/wp\/v2\/comments?post=25162"}],"version-history":[{"count":2,"href":"https:\/\/greenkingdom.ch\/de\/wp-json\/wp\/v2\/product\/25162\/revisions"}],"predecessor-version":[{"id":26884,"href":"https:\/\/greenkingdom.ch\/de\/wp-json\/wp\/v2\/product\/25162\/revisions\/26884"}],"wp:featuredmedia":[{"embeddable":true,"href":"https:\/\/greenkingdom.ch\/de\/wp-json\/wp\/v2\/media\/25166"}],"wp:attachment":[{"href":"https:\/\/greenkingdom.ch\/de\/wp-json\/wp\/v2\/media?parent=25162"}],"wp:term":[{"taxonomy":"product_brand","embeddable":true,"href":"https:\/\/greenkingdom.ch\/de\/wp-json\/wp\/v2\/product_brand?post=25162"},{"taxonomy":"product_cat","embeddable":true,"href":"https:\/\/greenkingdom.ch\/de\/wp-json\/wp\/v2\/product_cat?post=25162"},{"taxonomy":"product_tag","embeddable":true,"href":"https:\/\/greenkingdom.ch\/de\/wp-json\/wp\/v2\/product_tag?post=25162"}],"curies":[{"name":"wp","href":"https:\/\/api.w.org\/{rel}","templated":true}]}}