{"id":25242,"date":"2024-12-20T13:14:11","date_gmt":"2024-12-20T12:14:11","guid":{"rendered":"https:\/\/greenkingdom.ch\/?post_type=product&#038;p=25242"},"modified":"2025-01-02T12:10:25","modified_gmt":"2025-01-02T11:10:25","slug":"the-green-lab-sublime-huile-de-cbd-40-full-spectrum-10ml","status":"publish","type":"product","link":"https:\/\/greenkingdom.ch\/de\/produkt\/the-green-lab-sublime-huile-de-cbd-40-full-spectrum-10ml\/","title":{"rendered":"The Green Lab &#8222;Sublime&#8220; CBD-\u00d6l 40% Vollspektrum 10ml"},"content":{"rendered":"<p>Das SUBLIME-\u00d6l von Green Lab zeichnet sich durch seine au\u00dfergew\u00f6hnliche Reinheit aus. Destilliert bietet es ein neutrales und durchscheinendes, parf\u00fcmfreies \u00d6l, ideal f\u00fcr alle, die ein diskretes und effektives Erlebnis suchen. Angereichert mit C8 Bulletproof Kokosnuss\u00f6l, vergr\u00f6\u00dfert es die Extrakte und erm\u00f6glicht es den Nutzern, die Vorteile von Cannabis voll auszusch\u00f6pfen. SUBLIME ist das reinste CBD-\u00d6l auf dem Markt, perfekt f\u00fcr den Qualit\u00e4tskonsum.   <\/p>\n","protected":false},"excerpt":{"rendered":"<p>Das SUBLIME-\u00d6l von Green Lab zeichnet sich durch seine au\u00dfergew\u00f6hnliche Reinheit aus. Destilliert bietet es ein neutrales und durchscheinendes, parf\u00fcmfreies \u00d6l, ideal f\u00fcr alle, die ein diskretes und effektives Erlebnis suchen. Angereichert mit C8 Bulletproof Kokosnuss\u00f6l, vergr\u00f6\u00dfert es die Extrakte und erm\u00f6glicht es den Nutzern, die Vorteile von Cannabis voll auszusch\u00f6pfen. SUBLIME ist das reinste [&hellip;]<\/p>\n","protected":false},"featured_media":25259,"comment_status":"open","ping_status":"closed","template":"","meta":{"_seopress_robots_primary_cat":"none","_seopress_titles_title":"","_seopress_titles_desc":"","_seopress_robots_index":""},"product_brand":[],"product_cat":[545],"product_tag":[],"class_list":{"0":"post-25242","1":"product","2":"type-product","3":"status-publish","4":"has-post-thumbnail","6":"product_cat-oele","9":"instock","10":"taxable","11":"shipping-taxable","12":"purchasable","13":"product-type-simple","14":"product-grid-view"},"_links":{"self":[{"href":"https:\/\/greenkingdom.ch\/de\/wp-json\/wp\/v2\/product\/25242","targetHints":{"allow":["GET"]}}],"collection":[{"href":"https:\/\/greenkingdom.ch\/de\/wp-json\/wp\/v2\/product"}],"about":[{"href":"https:\/\/greenkingdom.ch\/de\/wp-json\/wp\/v2\/types\/product"}],"replies":[{"embeddable":true,"href":"https:\/\/greenkingdom.ch\/de\/wp-json\/wp\/v2\/comments?post=25242"}],"version-history":[{"count":3,"href":"https:\/\/greenkingdom.ch\/de\/wp-json\/wp\/v2\/product\/25242\/revisions"}],"predecessor-version":[{"id":26906,"href":"https:\/\/greenkingdom.ch\/de\/wp-json\/wp\/v2\/product\/25242\/revisions\/26906"}],"wp:featuredmedia":[{"embeddable":true,"href":"https:\/\/greenkingdom.ch\/de\/wp-json\/wp\/v2\/media\/25259"}],"wp:attachment":[{"href":"https:\/\/greenkingdom.ch\/de\/wp-json\/wp\/v2\/media?parent=25242"}],"wp:term":[{"taxonomy":"product_brand","embeddable":true,"href":"https:\/\/greenkingdom.ch\/de\/wp-json\/wp\/v2\/product_brand?post=25242"},{"taxonomy":"product_cat","embeddable":true,"href":"https:\/\/greenkingdom.ch\/de\/wp-json\/wp\/v2\/product_cat?post=25242"},{"taxonomy":"product_tag","embeddable":true,"href":"https:\/\/greenkingdom.ch\/de\/wp-json\/wp\/v2\/product_tag?post=25242"}],"curies":[{"name":"wp","href":"https:\/\/api.w.org\/{rel}","templated":true}]}}