{"id":25337,"date":"2024-12-20T13:38:18","date_gmt":"2024-12-20T12:38:18","guid":{"rendered":"https:\/\/greenkingdom.ch\/?post_type=product&#038;p=25337"},"modified":"2025-01-02T12:10:38","modified_gmt":"2025-01-02T11:10:38","slug":"the-green-lab-chanvre-huile-de-cbd-10-full-spectrum-30ml","status":"publish","type":"product","link":"https:\/\/greenkingdom.ch\/de\/produkt\/the-green-lab-chanvre-huile-de-cbd-10-full-spectrum-30ml\/","title":{"rendered":"The Green Lab &#8222;Hanf&#8220; CBD-\u00d6l 10% Vollspektrum 30ml"},"content":{"rendered":"<p>Unser <a href=\"https:\/\/thegreenlab.ch\/nos-gammes\/huile-cbd-suisse\/\">CBD-Hanf\u00f6lsortiment<\/a> wird vollst\u00e4ndig aus Hanfsamen von h\u00f6chster Qualit\u00e4t der Marke Vigean hergestellt. Alle verwendeten Zutaten sind biologischen Ursprungs, um Ihnen ein gesundes und umweltfreundliches Produkt zu garantieren. Hanf\u00f6l hat eine sch\u00f6ne goldgelbe Farbe und einen dezenten nussigen Geruch. Dieses \u00d6l wird als Vollspektrum bezeichnet, was bedeutet, dass es alle Cannabinoide enth\u00e4lt, die nat\u00fcrlicherweise in Hanf vorkommen, sowie die wertvollen essentiellen Fetts\u00e4uren und N\u00e4hrstoffe, die in Hanfsamen\u00f6l enthalten sind. Unser Hanf\u00f6l zeichnet sich durch eine sch\u00f6ne kupfergr\u00fcne Farbe aus, die an sonnenverw\u00f6hnte Hanffelder erinnert. Er verstr\u00f6mt Aromen von frisch geschnittenen Kr\u00e4utern mit einer energischen, leicht tanninhaltigen Note. Dieses \u00d6l ist ein wahres Konzentrat von Vorteilen f\u00fcr K\u00f6rper und Geist. Entdecken Sie es jetzt in unseren drei Variationen mit 10%, 20% und 30% CBD. Hergestellt <a href=\"https:\/\/blog.lafourche.fr\/graine-de-chanvre-bienfaits-recettes\" target=\"_blank\" rel=\"noopener\">aus Hanfkorn<\/a>, zeichnet sich unser Hanf CBD \u00d6l von den anderen durch seine hohe Qualit\u00e4t sowie durch seine 100% Schweizer und nat\u00fcrliche Herstellung aus. Mit seinem universellen Ruf erfreut sich CBD-\u00d6l \u2013 genau wie andere aus Cannabis gewonnene Produkte \u2013 weltweit wachsender Beliebtheit. Die ausschliessliche Verwendung nat\u00fcrlicher Rohstoffe, die lokale und umweltfreundliche Schweizer Produktion und vor allem die Wirksamkeit unserer \u00d6le haben die Herzen vieler CBD-Konsumenten und Wellness-Aficionados erobert.   <\/p>\n","protected":false},"excerpt":{"rendered":"<p>Unser CBD-Hanf\u00f6lsortiment wird vollst\u00e4ndig aus Hanfsamen von h\u00f6chster Qualit\u00e4t der Marke Vigean hergestellt. Alle verwendeten Zutaten sind biologischen Ursprungs, um Ihnen ein gesundes und umweltfreundliches Produkt zu garantieren. Hanf\u00f6l hat eine sch\u00f6ne goldgelbe Farbe und einen dezenten nussigen Geruch. Dieses \u00d6l wird als Vollspektrum bezeichnet, was bedeutet, dass es alle Cannabinoide enth\u00e4lt, die nat\u00fcrlicherweise in [&hellip;]<\/p>\n","protected":false},"featured_media":25321,"comment_status":"open","ping_status":"closed","template":"","meta":{"_seopress_robots_primary_cat":"none","_seopress_titles_title":"","_seopress_titles_desc":"","_seopress_robots_index":""},"product_brand":[],"product_cat":[545],"product_tag":[],"class_list":{"0":"post-25337","1":"product","2":"type-product","3":"status-publish","4":"has-post-thumbnail","6":"product_cat-oele","9":"instock","10":"taxable","11":"shipping-taxable","12":"purchasable","13":"product-type-simple","14":"product-grid-view"},"_links":{"self":[{"href":"https:\/\/greenkingdom.ch\/de\/wp-json\/wp\/v2\/product\/25337","targetHints":{"allow":["GET"]}}],"collection":[{"href":"https:\/\/greenkingdom.ch\/de\/wp-json\/wp\/v2\/product"}],"about":[{"href":"https:\/\/greenkingdom.ch\/de\/wp-json\/wp\/v2\/types\/product"}],"replies":[{"embeddable":true,"href":"https:\/\/greenkingdom.ch\/de\/wp-json\/wp\/v2\/comments?post=25337"}],"version-history":[{"count":3,"href":"https:\/\/greenkingdom.ch\/de\/wp-json\/wp\/v2\/product\/25337\/revisions"}],"predecessor-version":[{"id":26922,"href":"https:\/\/greenkingdom.ch\/de\/wp-json\/wp\/v2\/product\/25337\/revisions\/26922"}],"wp:featuredmedia":[{"embeddable":true,"href":"https:\/\/greenkingdom.ch\/de\/wp-json\/wp\/v2\/media\/25321"}],"wp:attachment":[{"href":"https:\/\/greenkingdom.ch\/de\/wp-json\/wp\/v2\/media?parent=25337"}],"wp:term":[{"taxonomy":"product_brand","embeddable":true,"href":"https:\/\/greenkingdom.ch\/de\/wp-json\/wp\/v2\/product_brand?post=25337"},{"taxonomy":"product_cat","embeddable":true,"href":"https:\/\/greenkingdom.ch\/de\/wp-json\/wp\/v2\/product_cat?post=25337"},{"taxonomy":"product_tag","embeddable":true,"href":"https:\/\/greenkingdom.ch\/de\/wp-json\/wp\/v2\/product_tag?post=25337"}],"curies":[{"name":"wp","href":"https:\/\/api.w.org\/{rel}","templated":true}]}}