{"id":25383,"date":"2024-12-20T13:46:54","date_gmt":"2024-12-20T12:46:54","guid":{"rendered":"https:\/\/greenkingdom.ch\/?post_type=product&#038;p=25383"},"modified":"2025-01-02T12:10:48","modified_gmt":"2025-01-02T11:10:48","slug":"the-green-lab-olive-huile-de-cbd-20-full-spectrum-10ml","status":"publish","type":"product","link":"https:\/\/greenkingdom.ch\/de\/produkt\/the-green-lab-olive-huile-de-cbd-20-full-spectrum-10ml\/","title":{"rendered":"The Green Lab &#8222;Olive&#8220; CBD-\u00d6l 20% Vollspektrum 10ml"},"content":{"rendered":"<p>Unser <a href=\"https:\/\/thegreenlab.ch\/nos-gammes\/huile-cbd-suisse\/\">CBD-Oliven\u00f6lsortiment<\/a> zeichnet sich durch seine Frische und Cremigkeit aus. Dieses Elixier basiert auf Oliven\u00f6l und frischer Zitrone von Oliviers&amp;Co. Dieses <a href=\"https:\/\/shop.greenbee.eu\/26-huiles-cbd-bio\" target=\"_blank\" rel=\"noopener\">CBD-\u00d6l<\/a> wurde aufgrund seiner \u00fcberlegenen organoleptischen Qualit\u00e4t ausgew\u00e4hlt. Es passt perfekt zu unserem Cannabisextrakt. Frisches Oliven\u00f6l und Zitronen\u00f6l ist ein bemerkenswertes und leicht saures \u00d6l. Die Zitronen werden frisch und ganz mit den Oliven gepresst, um die ganze Feinheit der Aromen zu erhalten. Diese Spezialit\u00e4t entfaltet perfekt den Geschmack der Zitrone, einer emblematischen Zitrusfrucht des Mittelmeerraums, die durch die S\u00fc\u00dfe des Oliven\u00f6ls unterstrichen wird. Diese Reihe enth\u00e4lt kein THC, was sie zu einer sogenannten BROAD Spectrum-Reihe macht. Diese Pr\u00e4parate enthalten viele Cannabinoide, die den Entourage-Effekt f\u00f6rdern. Es stehen drei Varianten zur Verf\u00fcgung: 10%, 20% und 30% CBD.         <\/p>\n","protected":false},"excerpt":{"rendered":"<p>Unser CBD-Oliven\u00f6lsortiment zeichnet sich durch seine Frische und Cremigkeit aus. Dieses Elixier basiert auf Oliven\u00f6l und frischer Zitrone von Oliviers&amp;Co. Dieses CBD-\u00d6l wurde aufgrund seiner \u00fcberlegenen organoleptischen Qualit\u00e4t ausgew\u00e4hlt. Es passt perfekt zu unserem Cannabisextrakt. Frisches Oliven\u00f6l und Zitronen\u00f6l ist ein bemerkenswertes und leicht saures \u00d6l. Die Zitronen werden frisch und ganz mit den Oliven [&hellip;]<\/p>\n","protected":false},"featured_media":25391,"comment_status":"open","ping_status":"closed","template":"","meta":{"_seopress_robots_primary_cat":"none","_seopress_titles_title":"","_seopress_titles_desc":"","_seopress_robots_index":""},"product_brand":[],"product_cat":[545],"product_tag":[],"class_list":{"0":"post-25383","1":"product","2":"type-product","3":"status-publish","4":"has-post-thumbnail","6":"product_cat-oele","9":"instock","10":"taxable","11":"shipping-taxable","12":"purchasable","13":"product-type-simple","14":"product-grid-view"},"_links":{"self":[{"href":"https:\/\/greenkingdom.ch\/de\/wp-json\/wp\/v2\/product\/25383","targetHints":{"allow":["GET"]}}],"collection":[{"href":"https:\/\/greenkingdom.ch\/de\/wp-json\/wp\/v2\/product"}],"about":[{"href":"https:\/\/greenkingdom.ch\/de\/wp-json\/wp\/v2\/types\/product"}],"replies":[{"embeddable":true,"href":"https:\/\/greenkingdom.ch\/de\/wp-json\/wp\/v2\/comments?post=25383"}],"version-history":[{"count":2,"href":"https:\/\/greenkingdom.ch\/de\/wp-json\/wp\/v2\/product\/25383\/revisions"}],"predecessor-version":[{"id":26935,"href":"https:\/\/greenkingdom.ch\/de\/wp-json\/wp\/v2\/product\/25383\/revisions\/26935"}],"wp:featuredmedia":[{"embeddable":true,"href":"https:\/\/greenkingdom.ch\/de\/wp-json\/wp\/v2\/media\/25391"}],"wp:attachment":[{"href":"https:\/\/greenkingdom.ch\/de\/wp-json\/wp\/v2\/media?parent=25383"}],"wp:term":[{"taxonomy":"product_brand","embeddable":true,"href":"https:\/\/greenkingdom.ch\/de\/wp-json\/wp\/v2\/product_brand?post=25383"},{"taxonomy":"product_cat","embeddable":true,"href":"https:\/\/greenkingdom.ch\/de\/wp-json\/wp\/v2\/product_cat?post=25383"},{"taxonomy":"product_tag","embeddable":true,"href":"https:\/\/greenkingdom.ch\/de\/wp-json\/wp\/v2\/product_tag?post=25383"}],"curies":[{"name":"wp","href":"https:\/\/api.w.org\/{rel}","templated":true}]}}