{"id":25437,"date":"2024-12-20T13:55:41","date_gmt":"2024-12-20T12:55:41","guid":{"rendered":"https:\/\/greenkingdom.ch\/?post_type=product&#038;p=25437"},"modified":"2025-01-02T12:06:18","modified_gmt":"2025-01-02T11:06:18","slug":"the-green-lab-night-huile-de-cbd-20-full-spectrum-10ml","status":"publish","type":"product","link":"https:\/\/greenkingdom.ch\/de\/produkt\/the-green-lab-night-huile-de-cbd-20-full-spectrum-10ml\/","title":{"rendered":"The Green Lab &#8222;Nacht&#8220; CBD-\u00d6l 20% Vollspektrum 10ml"},"content":{"rendered":"<p>MCT Night Edition CBD-\u00d6l ist eine Variante unseres <a href=\"https:\/\/thegreenlab.ch\/produit\/huile-cbd-coco\/\">SUBLIME-\u00d6ls<\/a>. Diese Special Edition verf\u00fcgt \u00fcber einen Extrakt, der sehr reich an <a href=\"https:\/\/fr.wikipedia.org\/wiki\/Cannabino%C3%AFde\" target=\"_blank\" rel=\"noopener\">sekund\u00e4ren Cannabinoiden<\/a> ist. Die Kombination der <a href=\"https:\/\/fr.wikipedia.org\/wiki\/Cannabino%C3%AFde\" target=\"_blank\" rel=\"noopener\">Cannabinoide<\/a> f\u00fchrt zu einem starken Entourage-Effekt. Diese Kombination macht es zu einem besonders effektiven &#8222;Abend&#8220;-\u00d6l. Die Besonderheit des Night Edition CBD-\u00d6ls von Thegreenlab zeichnet sich durch eine fast v\u00f6llige Geruchsfreiheit aus, da f\u00fcr sein Design ein &#8222;Destillat&#8220; verwendet wird. Das Night Edition CBD-\u00d6l wird auf der gleichen Basis wie das CBD Sublime-\u00d6l hergestellt, diese Sonderedition von Thegreenlab profitiert von einem Extrakt, der sehr reich an sekund\u00e4ren Cannabinoiden ist. Die Kombination der <a href=\"https:\/\/fr.wikipedia.org\/wiki\/Cannabino%C3%AFde\" target=\"_blank\" rel=\"noopener\">Cannabinoide<\/a> f\u00fchrt zu einem starken Entourage-Effekt. Diese Kombination macht es zu einem besonders effektiven &#8222;Abend&#8220;-\u00d6l. In der Schweiz gibt es nur Thegreenlab, das \u00d6le auf &#8222;Destillat&#8220;-Basis anbietet, und mit dieser Technik konnten sie Chlorophyll oder Fett aus der Pflanze entfernen.   <\/p>\n","protected":false},"excerpt":{"rendered":"<p>MCT Night Edition CBD-\u00d6l ist eine Variante unseres SUBLIME-\u00d6ls. Diese Special Edition verf\u00fcgt \u00fcber einen Extrakt, der sehr reich an sekund\u00e4ren Cannabinoiden ist. Die Kombination der Cannabinoide f\u00fchrt zu einem starken Entourage-Effekt. Diese Kombination macht es zu einem besonders effektiven &#8222;Abend&#8220;-\u00d6l. Die Besonderheit des Night Edition CBD-\u00d6ls von Thegreenlab zeichnet sich durch eine fast v\u00f6llige [&hellip;]<\/p>\n","protected":false},"featured_media":25441,"comment_status":"open","ping_status":"closed","template":"","meta":{"_seopress_robots_primary_cat":"none","_seopress_titles_title":"","_seopress_titles_desc":"","_seopress_robots_index":""},"product_brand":[],"product_cat":[545],"product_tag":[],"class_list":{"0":"post-25437","1":"product","2":"type-product","3":"status-publish","4":"has-post-thumbnail","6":"product_cat-oele","9":"instock","10":"taxable","11":"shipping-taxable","12":"purchasable","13":"product-type-simple","14":"product-grid-view"},"_links":{"self":[{"href":"https:\/\/greenkingdom.ch\/de\/wp-json\/wp\/v2\/product\/25437","targetHints":{"allow":["GET"]}}],"collection":[{"href":"https:\/\/greenkingdom.ch\/de\/wp-json\/wp\/v2\/product"}],"about":[{"href":"https:\/\/greenkingdom.ch\/de\/wp-json\/wp\/v2\/types\/product"}],"replies":[{"embeddable":true,"href":"https:\/\/greenkingdom.ch\/de\/wp-json\/wp\/v2\/comments?post=25437"}],"version-history":[{"count":2,"href":"https:\/\/greenkingdom.ch\/de\/wp-json\/wp\/v2\/product\/25437\/revisions"}],"predecessor-version":[{"id":26830,"href":"https:\/\/greenkingdom.ch\/de\/wp-json\/wp\/v2\/product\/25437\/revisions\/26830"}],"wp:featuredmedia":[{"embeddable":true,"href":"https:\/\/greenkingdom.ch\/de\/wp-json\/wp\/v2\/media\/25441"}],"wp:attachment":[{"href":"https:\/\/greenkingdom.ch\/de\/wp-json\/wp\/v2\/media?parent=25437"}],"wp:term":[{"taxonomy":"product_brand","embeddable":true,"href":"https:\/\/greenkingdom.ch\/de\/wp-json\/wp\/v2\/product_brand?post=25437"},{"taxonomy":"product_cat","embeddable":true,"href":"https:\/\/greenkingdom.ch\/de\/wp-json\/wp\/v2\/product_cat?post=25437"},{"taxonomy":"product_tag","embeddable":true,"href":"https:\/\/greenkingdom.ch\/de\/wp-json\/wp\/v2\/product_tag?post=25437"}],"curies":[{"name":"wp","href":"https:\/\/api.w.org\/{rel}","templated":true}]}}