{"id":25465,"date":"2024-12-20T14:04:11","date_gmt":"2024-12-20T13:04:11","guid":{"rendered":"https:\/\/greenkingdom.ch\/?post_type=product&#038;p=25465"},"modified":"2025-01-02T12:06:27","modified_gmt":"2025-01-02T11:06:27","slug":"the-green-lab-x-strong-huile-de-cbd-45-full-spectrum-10ml","status":"publish","type":"product","link":"https:\/\/greenkingdom.ch\/de\/produkt\/the-green-lab-x-strong-huile-de-cbd-45-full-spectrum-10ml\/","title":{"rendered":"The Green Lab &#8222;X-Strong&#8220; CBD-\u00d6l 45% Vollspektrum 10ml"},"content":{"rendered":"<p>Roh und undestilliert zeichnet sich unser <a href=\"https:\/\/thegreenlab.ch\/nos-gammes\/huile-cbd-suisse\/\">X-STRONG CBD \u00d6l<\/a> durch seine Potenz und Intensit\u00e4t aus. Dieses \u00d6l ist sehr authentisch und enth\u00e4lt sehr hohe Konzentrationen an CBD. Es sieht schwarz bis orange aus und eignet sich f\u00fcr Menschen, die die Authentizit\u00e4t und Kraft der rohen und vollst\u00e4ndigen Wirkung von <a href=\"https:\/\/fr.wikipedia.org\/wiki\/Cannabis\" target=\"_blank\" rel=\"noopener\">Cannabis<\/a> suchen. Kokosnuss-MCT-\u00d6l wird aufgrund seiner gesundheitlichen Vorteile zunehmend in CBD-Pr\u00e4paraten verwendet. MCT oder mittelkettige Fetts\u00e4ure ist eine Form von Fett, die schnell verstoffwechselt und vom K\u00f6rper leicht aufgenommen wird. Es hat viele gesundheitliche Vorteile, die in Kombination mit CBD verst\u00e4rkt werden k\u00f6nnen.  <\/p>\n","protected":false},"excerpt":{"rendered":"<p>Roh und undestilliert zeichnet sich unser X-STRONG CBD \u00d6l durch seine Potenz und Intensit\u00e4t aus. Dieses \u00d6l ist sehr authentisch und enth\u00e4lt sehr hohe Konzentrationen an CBD. Es sieht schwarz bis orange aus und eignet sich f\u00fcr Menschen, die die Authentizit\u00e4t und Kraft der rohen und vollst\u00e4ndigen Wirkung von Cannabis suchen. Kokosnuss-MCT-\u00d6l wird aufgrund seiner [&hellip;]<\/p>\n","protected":false},"featured_media":25469,"comment_status":"open","ping_status":"closed","template":"","meta":{"_seopress_robots_primary_cat":"none","_seopress_titles_title":"","_seopress_titles_desc":"","_seopress_robots_index":""},"product_brand":[],"product_cat":[545],"product_tag":[],"class_list":{"0":"post-25465","1":"product","2":"type-product","3":"status-publish","4":"has-post-thumbnail","6":"product_cat-oele","9":"instock","10":"taxable","11":"shipping-taxable","12":"purchasable","13":"product-type-simple","14":"product-grid-view"},"_links":{"self":[{"href":"https:\/\/greenkingdom.ch\/de\/wp-json\/wp\/v2\/product\/25465","targetHints":{"allow":["GET"]}}],"collection":[{"href":"https:\/\/greenkingdom.ch\/de\/wp-json\/wp\/v2\/product"}],"about":[{"href":"https:\/\/greenkingdom.ch\/de\/wp-json\/wp\/v2\/types\/product"}],"replies":[{"embeddable":true,"href":"https:\/\/greenkingdom.ch\/de\/wp-json\/wp\/v2\/comments?post=25465"}],"version-history":[{"count":2,"href":"https:\/\/greenkingdom.ch\/de\/wp-json\/wp\/v2\/product\/25465\/revisions"}],"predecessor-version":[{"id":26843,"href":"https:\/\/greenkingdom.ch\/de\/wp-json\/wp\/v2\/product\/25465\/revisions\/26843"}],"wp:featuredmedia":[{"embeddable":true,"href":"https:\/\/greenkingdom.ch\/de\/wp-json\/wp\/v2\/media\/25469"}],"wp:attachment":[{"href":"https:\/\/greenkingdom.ch\/de\/wp-json\/wp\/v2\/media?parent=25465"}],"wp:term":[{"taxonomy":"product_brand","embeddable":true,"href":"https:\/\/greenkingdom.ch\/de\/wp-json\/wp\/v2\/product_brand?post=25465"},{"taxonomy":"product_cat","embeddable":true,"href":"https:\/\/greenkingdom.ch\/de\/wp-json\/wp\/v2\/product_cat?post=25465"},{"taxonomy":"product_tag","embeddable":true,"href":"https:\/\/greenkingdom.ch\/de\/wp-json\/wp\/v2\/product_tag?post=25465"}],"curies":[{"name":"wp","href":"https:\/\/api.w.org\/{rel}","templated":true}]}}