{"id":25477,"date":"2024-12-20T14:07:24","date_gmt":"2024-12-20T13:07:24","guid":{"rendered":"https:\/\/greenkingdom.ch\/?post_type=product&#038;p=25477"},"modified":"2025-01-02T12:06:25","modified_gmt":"2025-01-02T11:06:25","slug":"the-green-lab-animal-6-cbd-10ml","status":"publish","type":"product","link":"https:\/\/greenkingdom.ch\/de\/produkt\/the-green-lab-animal-6-cbd-10ml\/","title":{"rendered":"Das Green Lab &#8222;Tier&#8220; 6% CBD 10ml"},"content":{"rendered":"<p>CBG-\u00d6l ist ein \u00d6l, das aus bestimmten <a href=\"https:\/\/fr.wikipedia.org\/wiki\/Cannabino%C3%AFde\" target=\"_blank\" rel=\"noopener\">Cannabinoiden<\/a> mit entz\u00fcndungshemmenden und schmerzstillenden Eigenschaften hergestellt wird. Die Kombination dieser beiden nat\u00fcrlichen Verbindungen ergibt ein charakteristisches \u00d6l mit einem starken Entourage-Effekt. Basierend auf unserem <a href=\"https:\/\/thegreenlab.ch\/produit\/huile-cbd-coco\/\">MCT-Kokos\u00f6l<\/a> enth\u00e4lt dieses Vollspektrum-\u00d6l alle Cannabinoide und Terpene von Cannabis. Trotz der Tatsache, dass THC und CBD die beiden bekanntesten Cannabinoide aus der Cannabispflanze sind, sind auch andere Molek\u00fcle mit tausend Vorteilen vorhanden. Unter ihnen hat Cannabigerol, auch bekannt als CBG, auch mehrere therapeutische Eigenschaften, die f\u00fcr den Menschen m\u00f6glicherweise n\u00fctzlich sind. CBG geh\u00f6rt zu den Cannabinoiden, die von Wissenschaftlern neu untersucht wurden. Auch wenn einige Informationen dar\u00fcber auf eine sinnvolle Zukunft f\u00fcr Cannabigerol hindeuten k\u00f6nnen, m\u00fcssen noch einige Studien dazu durchgef\u00fchrt werden.  <\/p>\n","protected":false},"excerpt":{"rendered":"<p>CBG-\u00d6l ist ein \u00d6l, das aus bestimmten Cannabinoiden mit entz\u00fcndungshemmenden und schmerzstillenden Eigenschaften hergestellt wird. Die Kombination dieser beiden nat\u00fcrlichen Verbindungen ergibt ein charakteristisches \u00d6l mit einem starken Entourage-Effekt. Basierend auf unserem MCT-Kokos\u00f6l enth\u00e4lt dieses Vollspektrum-\u00d6l alle Cannabinoide und Terpene von Cannabis. Trotz der Tatsache, dass THC und CBD die beiden bekanntesten Cannabinoide aus der [&hellip;]<\/p>\n","protected":false},"featured_media":25481,"comment_status":"open","ping_status":"closed","template":"","meta":{"_seopress_robots_primary_cat":"none","_seopress_titles_title":"","_seopress_titles_desc":"","_seopress_robots_index":""},"product_brand":[],"product_cat":[545],"product_tag":[],"class_list":{"0":"post-25477","1":"product","2":"type-product","3":"status-publish","4":"has-post-thumbnail","6":"product_cat-oele","9":"instock","10":"taxable","11":"shipping-taxable","12":"purchasable","13":"product-type-simple","14":"product-grid-view"},"_links":{"self":[{"href":"https:\/\/greenkingdom.ch\/de\/wp-json\/wp\/v2\/product\/25477","targetHints":{"allow":["GET"]}}],"collection":[{"href":"https:\/\/greenkingdom.ch\/de\/wp-json\/wp\/v2\/product"}],"about":[{"href":"https:\/\/greenkingdom.ch\/de\/wp-json\/wp\/v2\/types\/product"}],"replies":[{"embeddable":true,"href":"https:\/\/greenkingdom.ch\/de\/wp-json\/wp\/v2\/comments?post=25477"}],"version-history":[{"count":2,"href":"https:\/\/greenkingdom.ch\/de\/wp-json\/wp\/v2\/product\/25477\/revisions"}],"predecessor-version":[{"id":26839,"href":"https:\/\/greenkingdom.ch\/de\/wp-json\/wp\/v2\/product\/25477\/revisions\/26839"}],"wp:featuredmedia":[{"embeddable":true,"href":"https:\/\/greenkingdom.ch\/de\/wp-json\/wp\/v2\/media\/25481"}],"wp:attachment":[{"href":"https:\/\/greenkingdom.ch\/de\/wp-json\/wp\/v2\/media?parent=25477"}],"wp:term":[{"taxonomy":"product_brand","embeddable":true,"href":"https:\/\/greenkingdom.ch\/de\/wp-json\/wp\/v2\/product_brand?post=25477"},{"taxonomy":"product_cat","embeddable":true,"href":"https:\/\/greenkingdom.ch\/de\/wp-json\/wp\/v2\/product_cat?post=25477"},{"taxonomy":"product_tag","embeddable":true,"href":"https:\/\/greenkingdom.ch\/de\/wp-json\/wp\/v2\/product_tag?post=25477"}],"curies":[{"name":"wp","href":"https:\/\/api.w.org\/{rel}","templated":true}]}}