{"id":25524,"date":"2024-12-20T14:37:02","date_gmt":"2024-12-20T13:37:02","guid":{"rendered":"https:\/\/greenkingdom.ch\/product\/extract-lab-huile-cbd-10-10ml\/"},"modified":"2025-01-02T12:06:32","modified_gmt":"2025-01-02T11:06:32","slug":"extract-lab-huile-cbd-10-10ml","status":"publish","type":"product","link":"https:\/\/greenkingdom.ch\/de\/produkt\/extract-lab-huile-cbd-10-10ml\/","title":{"rendered":"Extrakt Lab CBD-\u00d6l 10% 10ml"},"content":{"rendered":"<p><strong>Unser Vollspektrum-CBD-\u00d6l<\/strong><\/p>\n<p>Entdecken Sie unser Premium-CBD-\u00d6l, bestehend aus einem Vollspektrum-Cannabinoid-Konzentrat, das mit 100% Bio-MCT-\u00d6l gemischt ist, das aus reiner Kokosnuss gewonnen wird.<\/p>\n<p><strong>Hauptmerkmale:<\/strong><\/p>\n<ul>\n<li><strong>\u00dcberkritische CO\u2082-Extraktion<\/strong> : Das Konzentrat wird durch fortschrittliche \u00fcberkritische CO\u2082-Extraktion gewonnen, um eine optimale Reinheit zu gew\u00e4hrleisten.<\/li>\n<li><strong>Gefiltert und decarboxyliert<\/strong> : Alle R\u00fcckst\u00e4nde werden entfernt und die Cannabinoide werden zu 100% aktiviert, um eine maximale Wirksamkeit zu erzielen.<\/li>\n<li><strong>Reich an Cannabinoiden und Flavonoiden<\/strong> : Wir bewahren die nat\u00fcrlichen Terpene der Pflanze und bieten ein vollst\u00e4ndiges Erlebnis ohne Manipulationen.<\/li>\n<li><strong>Keine k\u00fcnstlichen Aromen, Farb- oder Konservierungsstoffe<\/strong> : Ein reines und nat\u00fcrliches \u00d6l, ohne Kompromisse bei der Qualit\u00e4t einzugehen.<\/li>\n<\/ul>\n<p><strong>Format:<\/strong><\/p>\n<ul>\n<li>10 ml Flasche mit ca. <strong>250 Tropfen<\/strong>.<\/li>\n<\/ul>\n<p><strong>Warum sollten Sie sich f\u00fcr unser CBD-\u00d6l entscheiden?<\/strong><\/p>\n<ul>\n<li><strong>Gepr\u00fcfte Qualit\u00e4t und Wirksamkeit<\/strong> : Eines der besten \u00d6le auf dem Markt, laut den Bewertungen unserer Kunden.<\/li>\n<li><strong>100% Schweiz<\/strong> : Hergestellt im Kanton Freiburg, nach h\u00f6chsten Qualit\u00e4tsstandards.<\/li>\n<\/ul>\n","protected":false},"excerpt":{"rendered":"<p>Unser Vollspektrum-CBD-\u00d6l Entdecken Sie unser Premium-CBD-\u00d6l, bestehend aus einem Vollspektrum-Cannabinoid-Konzentrat, das mit 100% Bio-MCT-\u00d6l gemischt ist, das aus reiner Kokosnuss gewonnen wird. Hauptmerkmale: \u00dcberkritische CO\u2082-Extraktion : Das Konzentrat wird durch fortschrittliche \u00fcberkritische CO\u2082-Extraktion gewonnen, um eine optimale Reinheit zu gew\u00e4hrleisten. Gefiltert und decarboxyliert : Alle R\u00fcckst\u00e4nde werden entfernt und die Cannabinoide werden zu 100% aktiviert, [&hellip;]<\/p>\n","protected":false},"featured_media":25516,"comment_status":"open","ping_status":"closed","template":"","meta":{"_seopress_robots_primary_cat":"none","_seopress_titles_title":"","_seopress_titles_desc":"","_seopress_robots_index":""},"product_brand":[],"product_cat":[545],"product_tag":[],"class_list":{"0":"post-25524","1":"product","2":"type-product","3":"status-publish","4":"has-post-thumbnail","6":"product_cat-oele","9":"instock","10":"taxable","11":"shipping-taxable","12":"purchasable","13":"product-type-simple","14":"product-grid-view"},"_links":{"self":[{"href":"https:\/\/greenkingdom.ch\/de\/wp-json\/wp\/v2\/product\/25524","targetHints":{"allow":["GET"]}}],"collection":[{"href":"https:\/\/greenkingdom.ch\/de\/wp-json\/wp\/v2\/product"}],"about":[{"href":"https:\/\/greenkingdom.ch\/de\/wp-json\/wp\/v2\/types\/product"}],"replies":[{"embeddable":true,"href":"https:\/\/greenkingdom.ch\/de\/wp-json\/wp\/v2\/comments?post=25524"}],"version-history":[{"count":2,"href":"https:\/\/greenkingdom.ch\/de\/wp-json\/wp\/v2\/product\/25524\/revisions"}],"predecessor-version":[{"id":26644,"href":"https:\/\/greenkingdom.ch\/de\/wp-json\/wp\/v2\/product\/25524\/revisions\/26644"}],"wp:featuredmedia":[{"embeddable":true,"href":"https:\/\/greenkingdom.ch\/de\/wp-json\/wp\/v2\/media\/25516"}],"wp:attachment":[{"href":"https:\/\/greenkingdom.ch\/de\/wp-json\/wp\/v2\/media?parent=25524"}],"wp:term":[{"taxonomy":"product_brand","embeddable":true,"href":"https:\/\/greenkingdom.ch\/de\/wp-json\/wp\/v2\/product_brand?post=25524"},{"taxonomy":"product_cat","embeddable":true,"href":"https:\/\/greenkingdom.ch\/de\/wp-json\/wp\/v2\/product_cat?post=25524"},{"taxonomy":"product_tag","embeddable":true,"href":"https:\/\/greenkingdom.ch\/de\/wp-json\/wp\/v2\/product_tag?post=25524"}],"curies":[{"name":"wp","href":"https:\/\/api.w.org\/{rel}","templated":true}]}}